{"id":35675,"date":"2024-09-08T16:29:31","date_gmt":"2024-09-08T14:29:31","guid":{"rendered":"https:\/\/www.sunny-tots.com\/?post_type=product&#038;p=35675"},"modified":"2026-03-11T19:12:16","modified_gmt":"2026-03-11T18:12:16","slug":"hamaca-babybjorn","status":"publish","type":"product","link":"https:\/\/www.sunny-tots.com\/es\/producto\/hamaca-babybjorn\/","title":{"rendered":"Hamaca Babybjorn"},"content":{"rendered":"<div class=\"wpb-content-wrapper\"><p>[vc_row][vc_column][vc_tta_tabs][vc_tta_section title=\u00bbDescripci\u00f3n\u00bb tab_id=\u00bb1576602137921-d1adbf41-d2bf40d4-e7c16f5d-186d\u00bb][vc_column_text css=\u00bb\u00bb]<\/p>\n<p class=\"range-expandable__paragraf no-margin\">Hamaca ergon\u00f3mica y segura, que crea un espacio acogedor para los reci\u00e9n nacidos. Ofrece un movimiento natural de balanceo generado por el propio beb\u00e9.<br \/>\nDise\u00f1o ergon\u00f3mico<br \/>\nConfiguraciones ajustables<br \/>\nDe 8 a 29 libras\/3,5 a 13 kg<br \/>\nDe 0 a 2 a\u00f1os<br \/>\nPuede utilizar el producto como hamaca hasta que su hijo pese 9 kg o empiece a intentar sentarse.<br \/>\nRecuerde mantener a su beb\u00e9 bajo supervisi\u00f3n constante, utilizar el arn\u00e9s de seguridad y comprobar que los botones est\u00e9n bloqueados (puede elegir entre dos posiciones) cuando utilice el producto como hamaca para beb\u00e9s.<br \/>\nCuando su hijo haya aprendido a caminar y sentarse sin ayuda, simplemente gire el asiento de tela y utilice el producto como una c\u00f3moda silla para ni\u00f1os. Puede utilizarse como silla hasta que su hijo pese 29 libras\/13 kg.<\/p>\n<p data-start=\"531\" data-end=\"792\">La <strong data-start=\"534\" data-end=\"554\">Hamaca BabyBj\u00f6rn<\/strong> es la soluci\u00f3n perfecta para mantener a tu beb\u00e9 c\u00f3modo y seguro durante tus viajes o estancias fuera de casa. Con un dise\u00f1o ergon\u00f3mico y ligero, esta hamaca ofrece un espacio acogedor para el descanso y juego del beb\u00e9 en cualquier lugar.<\/p>\n<h3 data-start=\"794\" data-end=\"824\">Caracter\u00edsticas destacadas<\/h3>\n<ul data-start=\"826\" data-end=\"1287\">\n<li data-start=\"826\" data-end=\"922\">\n<p data-start=\"828\" data-end=\"922\"><strong data-start=\"828\" data-end=\"849\">Dise\u00f1o ergon\u00f3mico<\/strong>: proporciona soporte adecuado para la espalda, cuello y cabeza del beb\u00e9.<\/p>\n<\/li>\n<li data-start=\"923\" data-end=\"1027\">\n<p data-start=\"925\" data-end=\"1027\"><strong data-start=\"925\" data-end=\"959\">Movimiento natural de balanceo<\/strong>: se activa con los movimientos del beb\u00e9, sin necesidad de bater\u00edas.<\/p>\n<\/li>\n<li data-start=\"1028\" data-end=\"1117\">\n<p data-start=\"1030\" data-end=\"1117\"><strong data-start=\"1030\" data-end=\"1048\">Uso prolongado<\/strong>: apta para beb\u00e9s desde el nacimiento hasta los 2 a\u00f1os (hasta 13 kg).<\/p>\n<\/li>\n<li data-start=\"1118\" data-end=\"1193\">\n<p data-start=\"1120\" data-end=\"1193\"><strong data-start=\"1120\" data-end=\"1144\">F\u00e1cil de transportar<\/strong>: ligera y plegable, ideal para llevar en viajes.<\/p>\n<\/li>\n<li data-start=\"1194\" data-end=\"1287\">\n<p data-start=\"1196\" data-end=\"1287\"><strong data-start=\"1196\" data-end=\"1221\">Seguridad garantizada<\/strong>: incluye arn\u00e9s de seguridad y cumple con las normativas europeas.<\/p>\n<\/li>\n<\/ul>\n<h3 data-start=\"1289\" data-end=\"1331\">Ventajas de elegir la Hamaca BabyBj\u00f6rn<\/h3>\n<ul data-start=\"1333\" data-end=\"1703\">\n<li data-start=\"1333\" data-end=\"1444\">\n<p data-start=\"1335\" data-end=\"1444\"><strong data-start=\"1335\" data-end=\"1367\">Comodidad en cualquier lugar<\/strong>: proporciona un espacio familiar y c\u00f3modo para el beb\u00e9 en cualquier entorno.<\/p>\n<\/li>\n<li data-start=\"1445\" data-end=\"1537\">\n<p data-start=\"1447\" data-end=\"1537\"><strong data-start=\"1447\" data-end=\"1467\">F\u00e1cil transporte<\/strong>: su dise\u00f1o compacto y ligero facilita su transporte y almacenamiento.<\/p>\n<\/li>\n<li data-start=\"1538\" data-end=\"1618\">\n<p data-start=\"1540\" data-end=\"1618\"><strong data-start=\"1540\" data-end=\"1563\">Higiene garantizada<\/strong>: la funda se puede sacar f\u00e1cilmente y lavar a m\u00e1quina.<\/p>\n<\/li>\n<li data-start=\"1619\" data-end=\"1703\">\n<p data-start=\"1621\" data-end=\"1703\"><strong data-start=\"1621\" data-end=\"1643\">Alquiler econ\u00f3mico<\/strong>: desde 3,95\u20ac por d\u00eda, ideal para estancias cortas o viajes.<\/p>\n<\/li>\n<\/ul>\n<p data-start=\"1705\" data-end=\"1839\">Esta hamaca es ideal para quienes buscan una soluci\u00f3n temporal y funcional para mantener a su beb\u00e9 seguro y c\u00f3modo en cualquier lugar.<\/p>\n<p>[\/vc_column_text][\/vc_tta_section][vc_tta_section title=\u00bbV\u00eddeo\u00bb tab_id=\u00bb1576602137934-e1609575-e07240d4-e7c16f5d-186d\u00bb]<div class=\"gem-youtube gem-wrapbox gem-wrapbox-style-no-style rounded-corners gem-wrapbox-position-below\" style=\"width: 500px;\"><div class=\"gem-wrapbox-inner gem-ratio-style\" style=\"padding-top: 56.25%\"><iframe class=\"gem-wrapbox-element img-responsive\" width=\"500px\" height=\"350\" allowfullscreen=\"allowfullscreen\" frameborder=\"0\" scrolling=\"no\" marginheight=\"0\" marginwidth=\"0\" src=\"\/\/www.youtube.com\/embed\/wjz898WYlK8?rel=0&amp;wmode=opaque\"><\/iframe><\/div><\/div>[\/vc_tta_section][vc_tta_section title=\u00bbPDFs\u00bb tab_id=\u00bb1580773946658-922cb746-86c86f5d-186d\u00bb][vc_btn title=\u00bbManual\u00bb i_icon_fontawesome=\u00bb\u00bb css=\u00bb\u00bb add_icon=\u00bbtrue\u00bb link=\u00bburl:https%3A%2F%2Fwww.sunny-tots.com%2Fwp-content%2Fuploads%2F2024%2F09%2Fmanualbbjsblr.pdf|target:_blank\u00bb][\/vc_tta_section][\/vc_tta_tabs][\/vc_column][\/vc_row]<\/p>\n<\/div>","protected":false},"excerpt":{"rendered":"<p>[vc_row][vc_column][vc_tta_tabs][vc_tta_section title=\u00bbDescripci\u00f3n\u00bb tab_id=\u00bb1576602137921-d1adbf41-d2bf40d4-e7c16f5d-186d\u00bb][vc_column_text css=\u00bb\u00bb] Hamaca ergon\u00f3mica y segura, que crea un espacio acogedor para los reci\u00e9n nacidos. Ofrece un movimiento&#8230;<\/p>\n","protected":false},"featured_media":35658,"template":"","meta":[],"product_brand":[],"product_cat":[472,363,375,373],"product_tag":[],"class_list":{"0":"post-35675","1":"product","2":"type-product","3":"status-publish","4":"has-post-thumbnail","6":"product_cat-descanso-y-sueno","7":"product_cat-en-casa","8":"product_cat-hora-de-dormir","9":"product_cat-seguridad","11":"first","12":"instock","13":"shipping-taxable","14":"purchasable","15":"product-type-redq_rental"},"yoast_head":"<!-- This site is optimized with the Yoast SEO plugin v27.1.1 - https:\/\/yoast.com\/product\/yoast-seo-wordpress\/ -->\n<title>Hamaca Babybjorn - Sunny Tots : Andador<\/title>\n<meta name=\"description\" content=\"\u00bfViajas con ni\u00f1os? Viaja m\u00e1s c\u00f3modo con un ligero equipaje, alquilando Hamaca Babybjorn. Te lo entregamos en tu lugar de vacaciones.\" \/>\n<meta name=\"robots\" content=\"index, follow, max-snippet:-1, max-image-preview:large, max-video-preview:-1\" \/>\n<link rel=\"canonical\" href=\"https:\/\/www.sunny-tots.com\/es\/producto\/hamaca-babybjorn\/\" \/>\n<meta property=\"og:locale\" content=\"es_ES\" \/>\n<meta property=\"og:type\" content=\"article\" \/>\n<meta property=\"og:title\" content=\"Hamaca Babybjorn - Sunny Tots : Andador\" \/>\n<meta property=\"og:description\" content=\"\u00bfViajas con ni\u00f1os? Viaja m\u00e1s c\u00f3modo con un ligero equipaje, alquilando Hamaca Babybjorn. Te lo entregamos en tu lugar de vacaciones.\" \/>\n<meta property=\"og:url\" content=\"https:\/\/www.sunny-tots.com\/es\/producto\/hamaca-babybjorn\/\" \/>\n<meta property=\"og:site_name\" content=\"Sunny Tots\" \/>\n<meta property=\"article:modified_time\" content=\"2026-03-11T18:12:16+00:00\" \/>\n<meta property=\"og:image\" content=\"https:\/\/www.sunny-tots.com\/wp-content\/uploads\/2024\/09\/descarga.webp\" \/>\n\t<meta property=\"og:image:width\" content=\"1280\" \/>\n\t<meta property=\"og:image:height\" content=\"1920\" \/>\n\t<meta property=\"og:image:type\" content=\"image\/webp\" \/>\n<meta name=\"twitter:card\" content=\"summary_large_image\" \/>\n<meta name=\"twitter:label1\" content=\"Tiempo de lectura\" \/>\n\t<meta name=\"twitter:data1\" content=\"1 minuto\" \/>\n<script type=\"application\/ld+json\" class=\"yoast-schema-graph\">{\"@context\":\"https:\/\/schema.org\",\"@graph\":[{\"@type\":\"WebPage\",\"@id\":\"https:\/\/www.sunny-tots.com\/es\/producto\/hamaca-babybjorn\/\",\"url\":\"https:\/\/www.sunny-tots.com\/es\/producto\/hamaca-babybjorn\/\",\"name\":\"Hamaca Babybjorn - Sunny Tots : Andador\",\"isPartOf\":{\"@id\":\"https:\/\/www.sunny-tots.com\/es\/#website\"},\"primaryImageOfPage\":{\"@id\":\"https:\/\/www.sunny-tots.com\/es\/producto\/hamaca-babybjorn\/#primaryimage\"},\"image\":{\"@id\":\"https:\/\/www.sunny-tots.com\/es\/producto\/hamaca-babybjorn\/#primaryimage\"},\"thumbnailUrl\":\"https:\/\/www.sunny-tots.com\/wp-content\/uploads\/2024\/09\/descarga.webp\",\"datePublished\":\"2024-09-08T14:29:31+00:00\",\"dateModified\":\"2026-03-11T18:12:16+00:00\",\"description\":\"\u00bfViajas con ni\u00f1os? Viaja m\u00e1s c\u00f3modo con un ligero equipaje, alquilando Hamaca Babybjorn. Te lo entregamos en tu lugar de vacaciones.\",\"breadcrumb\":{\"@id\":\"https:\/\/www.sunny-tots.com\/es\/producto\/hamaca-babybjorn\/#breadcrumb\"},\"inLanguage\":\"es\",\"potentialAction\":[{\"@type\":\"ReadAction\",\"target\":[\"https:\/\/www.sunny-tots.com\/es\/producto\/hamaca-babybjorn\/\"]}]},{\"@type\":\"ImageObject\",\"inLanguage\":\"es\",\"@id\":\"https:\/\/www.sunny-tots.com\/es\/producto\/hamaca-babybjorn\/#primaryimage\",\"url\":\"https:\/\/www.sunny-tots.com\/wp-content\/uploads\/2024\/09\/descarga.webp\",\"contentUrl\":\"https:\/\/www.sunny-tots.com\/wp-content\/uploads\/2024\/09\/descarga.webp\",\"width\":1280,\"height\":1920,\"caption\":\"alquiler sillita bebe\"},{\"@type\":\"BreadcrumbList\",\"@id\":\"https:\/\/www.sunny-tots.com\/es\/producto\/hamaca-babybjorn\/#breadcrumb\",\"itemListElement\":[{\"@type\":\"ListItem\",\"position\":1,\"name\":\"Portada\",\"item\":\"https:\/\/www.sunny-tots.com\/es\/\"},{\"@type\":\"ListItem\",\"position\":2,\"name\":\"Shop\",\"item\":\"https:\/\/www.sunny-tots.com\/shop\/\"},{\"@type\":\"ListItem\",\"position\":3,\"name\":\"Hamaca Babybjorn\"}]},{\"@type\":\"WebSite\",\"@id\":\"https:\/\/www.sunny-tots.com\/es\/#website\",\"url\":\"https:\/\/www.sunny-tots.com\/es\/\",\"name\":\"Sunny Tots\",\"description\":\"Strollers to rent and more baby equipment\",\"publisher\":{\"@id\":\"https:\/\/www.sunny-tots.com\/es\/#organization\"},\"potentialAction\":[{\"@type\":\"SearchAction\",\"target\":{\"@type\":\"EntryPoint\",\"urlTemplate\":\"https:\/\/www.sunny-tots.com\/es\/?s={search_term_string}\"},\"query-input\":{\"@type\":\"PropertyValueSpecification\",\"valueRequired\":true,\"valueName\":\"search_term_string\"}}],\"inLanguage\":\"es\"},{\"@type\":\"Organization\",\"@id\":\"https:\/\/www.sunny-tots.com\/es\/#organization\",\"name\":\"Sunny Tots\",\"url\":\"https:\/\/www.sunny-tots.com\/es\/\",\"logo\":{\"@type\":\"ImageObject\",\"inLanguage\":\"es\",\"@id\":\"https:\/\/www.sunny-tots.com\/es\/#\/schema\/logo\/image\/\",\"url\":\"https:\/\/www.sunny-tots.com\/wp-content\/uploads\/2020\/01\/Recurso-2@3x-1024x333_mail.png\",\"contentUrl\":\"https:\/\/www.sunny-tots.com\/wp-content\/uploads\/2020\/01\/Recurso-2@3x-1024x333_mail.png\",\"width\":350,\"height\":114,\"caption\":\"Sunny Tots\"},\"image\":{\"@id\":\"https:\/\/www.sunny-tots.com\/es\/#\/schema\/logo\/image\/\"}}]}<\/script>\n<!-- \/ Yoast SEO plugin. -->","yoast_head_json":{"title":"Hamaca Babybjorn - Sunny Tots : Andador","description":"\u00bfViajas con ni\u00f1os? Viaja m\u00e1s c\u00f3modo con un ligero equipaje, alquilando Hamaca Babybjorn. Te lo entregamos en tu lugar de vacaciones.","robots":{"index":"index","follow":"follow","max-snippet":"max-snippet:-1","max-image-preview":"max-image-preview:large","max-video-preview":"max-video-preview:-1"},"canonical":"https:\/\/www.sunny-tots.com\/es\/producto\/hamaca-babybjorn\/","og_locale":"es_ES","og_type":"article","og_title":"Hamaca Babybjorn - Sunny Tots : Andador","og_description":"\u00bfViajas con ni\u00f1os? Viaja m\u00e1s c\u00f3modo con un ligero equipaje, alquilando Hamaca Babybjorn. Te lo entregamos en tu lugar de vacaciones.","og_url":"https:\/\/www.sunny-tots.com\/es\/producto\/hamaca-babybjorn\/","og_site_name":"Sunny Tots","article_modified_time":"2026-03-11T18:12:16+00:00","og_image":[{"width":1280,"height":1920,"url":"https:\/\/www.sunny-tots.com\/wp-content\/uploads\/2024\/09\/descarga.webp","type":"image\/webp"}],"twitter_card":"summary_large_image","twitter_misc":{"Tiempo de lectura":"1 minuto"},"schema":{"@context":"https:\/\/schema.org","@graph":[{"@type":"WebPage","@id":"https:\/\/www.sunny-tots.com\/es\/producto\/hamaca-babybjorn\/","url":"https:\/\/www.sunny-tots.com\/es\/producto\/hamaca-babybjorn\/","name":"Hamaca Babybjorn - Sunny Tots : Andador","isPartOf":{"@id":"https:\/\/www.sunny-tots.com\/es\/#website"},"primaryImageOfPage":{"@id":"https:\/\/www.sunny-tots.com\/es\/producto\/hamaca-babybjorn\/#primaryimage"},"image":{"@id":"https:\/\/www.sunny-tots.com\/es\/producto\/hamaca-babybjorn\/#primaryimage"},"thumbnailUrl":"https:\/\/www.sunny-tots.com\/wp-content\/uploads\/2024\/09\/descarga.webp","datePublished":"2024-09-08T14:29:31+00:00","dateModified":"2026-03-11T18:12:16+00:00","description":"\u00bfViajas con ni\u00f1os? Viaja m\u00e1s c\u00f3modo con un ligero equipaje, alquilando Hamaca Babybjorn. Te lo entregamos en tu lugar de vacaciones.","breadcrumb":{"@id":"https:\/\/www.sunny-tots.com\/es\/producto\/hamaca-babybjorn\/#breadcrumb"},"inLanguage":"es","potentialAction":[{"@type":"ReadAction","target":["https:\/\/www.sunny-tots.com\/es\/producto\/hamaca-babybjorn\/"]}]},{"@type":"ImageObject","inLanguage":"es","@id":"https:\/\/www.sunny-tots.com\/es\/producto\/hamaca-babybjorn\/#primaryimage","url":"https:\/\/www.sunny-tots.com\/wp-content\/uploads\/2024\/09\/descarga.webp","contentUrl":"https:\/\/www.sunny-tots.com\/wp-content\/uploads\/2024\/09\/descarga.webp","width":1280,"height":1920,"caption":"alquiler sillita bebe"},{"@type":"BreadcrumbList","@id":"https:\/\/www.sunny-tots.com\/es\/producto\/hamaca-babybjorn\/#breadcrumb","itemListElement":[{"@type":"ListItem","position":1,"name":"Portada","item":"https:\/\/www.sunny-tots.com\/es\/"},{"@type":"ListItem","position":2,"name":"Shop","item":"https:\/\/www.sunny-tots.com\/shop\/"},{"@type":"ListItem","position":3,"name":"Hamaca Babybjorn"}]},{"@type":"WebSite","@id":"https:\/\/www.sunny-tots.com\/es\/#website","url":"https:\/\/www.sunny-tots.com\/es\/","name":"Sunny Tots","description":"Strollers to rent and more baby equipment","publisher":{"@id":"https:\/\/www.sunny-tots.com\/es\/#organization"},"potentialAction":[{"@type":"SearchAction","target":{"@type":"EntryPoint","urlTemplate":"https:\/\/www.sunny-tots.com\/es\/?s={search_term_string}"},"query-input":{"@type":"PropertyValueSpecification","valueRequired":true,"valueName":"search_term_string"}}],"inLanguage":"es"},{"@type":"Organization","@id":"https:\/\/www.sunny-tots.com\/es\/#organization","name":"Sunny Tots","url":"https:\/\/www.sunny-tots.com\/es\/","logo":{"@type":"ImageObject","inLanguage":"es","@id":"https:\/\/www.sunny-tots.com\/es\/#\/schema\/logo\/image\/","url":"https:\/\/www.sunny-tots.com\/wp-content\/uploads\/2020\/01\/Recurso-2@3x-1024x333_mail.png","contentUrl":"https:\/\/www.sunny-tots.com\/wp-content\/uploads\/2020\/01\/Recurso-2@3x-1024x333_mail.png","width":350,"height":114,"caption":"Sunny Tots"},"image":{"@id":"https:\/\/www.sunny-tots.com\/es\/#\/schema\/logo\/image\/"}}]}},"_links":{"self":[{"href":"https:\/\/www.sunny-tots.com\/es\/wp-json\/wp\/v2\/product\/35675","targetHints":{"allow":["GET"]}}],"collection":[{"href":"https:\/\/www.sunny-tots.com\/es\/wp-json\/wp\/v2\/product"}],"about":[{"href":"https:\/\/www.sunny-tots.com\/es\/wp-json\/wp\/v2\/types\/product"}],"wp:featuredmedia":[{"embeddable":true,"href":"https:\/\/www.sunny-tots.com\/es\/wp-json\/wp\/v2\/media\/35658"}],"wp:attachment":[{"href":"https:\/\/www.sunny-tots.com\/es\/wp-json\/wp\/v2\/media?parent=35675"}],"wp:term":[{"taxonomy":"product_brand","embeddable":true,"href":"https:\/\/www.sunny-tots.com\/es\/wp-json\/wp\/v2\/product_brand?post=35675"},{"taxonomy":"product_cat","embeddable":true,"href":"https:\/\/www.sunny-tots.com\/es\/wp-json\/wp\/v2\/product_cat?post=35675"},{"taxonomy":"product_tag","embeddable":true,"href":"https:\/\/www.sunny-tots.com\/es\/wp-json\/wp\/v2\/product_tag?post=35675"}],"curies":[{"name":"wp","href":"https:\/\/api.w.org\/{rel}","templated":true}]}}