{"id":35318,"date":"2024-03-22T08:07:34","date_gmt":"2024-03-22T07:07:35","guid":{"rendered":"https:\/\/www.sunny-tots.com\/?post_type=product&#038;p=35318"},"modified":"2026-03-11T19:13:15","modified_gmt":"2026-03-11T18:13:15","slug":"sillita-elevador-de-coche-play-three-fix","status":"publish","type":"product","link":"https:\/\/www.sunny-tots.com\/es\/producto\/sillita-elevador-de-coche-play-three-fix\/","title":{"rendered":"Sillita Elevador de coche Play Three Fix"},"content":{"rendered":"<div class=\"wpb-content-wrapper\"><p>[vc_row][vc_column][vc_tta_tabs][vc_tta_section title=\u00bbDescripci\u00f3n\u00bb tab_id=\u00bb1576602137921-d1adbf41-d2bfcd79-35904acf-312f\u00bb][vc_column_text css=\u00bb\u00bb]<\/p>\n<ul class=\"a-unordered-list a-vertical a-spacing-mini\">\n<li class=\"a-spacing-mini\"><span class=\"a-list-item\">Elevador de grupo 2-3, para uso desde los 15 kg; hasta los 36 kg; incorpora conectores Isofix regulables con los que la silla siempre queda fija al asiento del coche, facilitando el uso<\/span><\/li>\n<li class=\"a-spacing-mini\"><span class=\"a-list-item\">Ligera y f\u00e1cil de transportar; reducido espacio, f\u00e1cil de guardar en casa o en el maletero del coche; seguridad m\u00e1xima al utilizar los anclajes ISOFIX<\/span><\/li>\n<li class=\"a-spacing-mini\"><span class=\"a-list-item\">Con conectores Fix la sillita queda siempre fija al asiento del coche, facilitando el uso y mejorando confort y seguridad; dispone de reposabrazos<\/span><\/li>\n<li class=\"a-spacing-mini\"><span class=\"a-list-item\">Asiento con mullido extra para m\u00e1ximo confort en todo tipo de viajes; puede emplearse en cualquier asiento del veh\u00edculo con cintur\u00f3n de seguridad de 3 puntos<\/span><\/li>\n<li class=\"a-spacing-mini\"><span class=\"a-list-item\">Muy pr\u00e1ctico y de uso sencillo<\/span><\/li>\n<\/ul>\n<p data-start=\"598\" data-end=\"813\">La <strong data-start=\"601\" data-end=\"645\">sillita elevador de coche Play Three Fix<\/strong> es perfecta para ni\u00f1os de <strong data-start=\"672\" data-end=\"686\">15 a 36 kg<\/strong> (generalmente entre los <strong data-start=\"711\" data-end=\"726\">3 y 12 a\u00f1os<\/strong>), combinando seguridad, comodidad y practicidad para los trayectos diarios en coche.<\/p>\n<p data-start=\"815\" data-end=\"1230\">Este modelo cuenta con <strong data-start=\"838\" data-end=\"871\">conectores Isofix extensibles<\/strong>, que permiten fijar el elevador al asiento del veh\u00edculo para mayor estabilidad, adem\u00e1s de poder usarse en asientos que solo dispongan de cintur\u00f3n de 3 puntos. Su homologaci\u00f3n bajo la normativa <strong data-start=\"1065\" data-end=\"1077\">ECE-R129<\/strong> garantiza que cumple con los est\u00e1ndares m\u00e1s exigentes en protecci\u00f3n infantil, especialmente en protecci\u00f3n lateral.<\/p>\n<h3 data-start=\"1232\" data-end=\"1263\">Caracter\u00edsticas principales<\/h3>\n<ul data-start=\"1265\" data-end=\"1777\">\n<li data-start=\"1265\" data-end=\"1336\">\n<p data-start=\"1267\" data-end=\"1336\">Elevador de coche homologado para grupos <strong data-start=\"1308\" data-end=\"1318\">II-III<\/strong>, de 15 a 36 kg.<\/p>\n<\/li>\n<li data-start=\"1337\" data-end=\"1418\">\n<p data-start=\"1339\" data-end=\"1418\">Instalaci\u00f3n vers\u00e1til: con Isofix extensible o solo con cintur\u00f3n de seguridad.<\/p>\n<\/li>\n<li data-start=\"1419\" data-end=\"1538\">\n<p data-start=\"1421\" data-end=\"1538\">Triple capa de acolchado que proporciona confort incluso en trayectos largos.<\/p>\n<\/li>\n<li data-start=\"1539\" data-end=\"1645\">\n<p data-start=\"1541\" data-end=\"1645\">Dise\u00f1o ligero, ideal para mover entre veh\u00edculos si es necesario.<\/p>\n<\/li>\n<li data-start=\"1646\" data-end=\"1777\">\n<p data-start=\"1648\" data-end=\"1777\">Dise\u00f1o ergon\u00f3mico con apoyabrazos y gu\u00edas de cintur\u00f3n para asegurar su correcta posici\u00f3n.<\/p>\n<\/li>\n<\/ul>\n<h3 data-start=\"1779\" data-end=\"1819\">Ventajas de elegir la Play Three Fix<\/h3>\n<ul data-start=\"1821\" data-end=\"2251\">\n<li data-start=\"1821\" data-end=\"1988\">\n<p data-start=\"1823\" data-end=\"1988\">Mayor protecci\u00f3n lateral: gracias al dise\u00f1o y la normativa ECE-R129, proporciona mayor seguridad frente a impactos laterales.<\/p>\n<\/li>\n<li data-start=\"1989\" data-end=\"2077\">\n<p data-start=\"1991\" data-end=\"2077\">Comodidad para el ni\u00f1o: acolchados suaves y estructura que permite posturas c\u00f3modas.<\/p>\n<\/li>\n<li data-start=\"2078\" data-end=\"2158\">\n<p data-start=\"2080\" data-end=\"2158\">Facilidad de uso: ligera, f\u00e1cil de instalar, cambiar entre coches y ajustar.<\/p>\n<\/li>\n<li data-start=\"2159\" data-end=\"2251\">\n<p data-start=\"2161\" data-end=\"2251\">Compatible con diferentes tipos de veh\u00edculos: \u00fatil tanto en coches con Isofix como sin \u00e9l.<\/p>\n<\/li>\n<\/ul>\n<p data-start=\"2253\" data-end=\"2479\">Si buscas un elevador coche que combine seguridad, confort y versatilidad para ni\u00f1os en crecimiento, la <strong data-start=\"2357\" data-end=\"2375\">Play Three Fix<\/strong> es una excelente elecci\u00f3n. Perfecta para trayectos diarios, viajes largos o usar en varios veh\u00edculos.<\/p>\n<p>[\/vc_column_text][\/vc_tta_section][vc_tta_section title=\u00bbV\u00eddeo\u00bb tab_id=\u00bb1576602137934-e1609575-e072cd79-35904acf-312f\u00bb]<div class=\"gem-youtube gem-wrapbox gem-wrapbox-style-no-style rounded-corners gem-wrapbox-position-below\" style=\"width: 500px;\"><div class=\"gem-wrapbox-inner gem-ratio-style\" style=\"padding-top: 56.25%\"><iframe class=\"gem-wrapbox-element img-responsive\" width=\"500px\" height=\"350\" allowfullscreen=\"allowfullscreen\" frameborder=\"0\" scrolling=\"no\" marginheight=\"0\" marginwidth=\"0\" src=\"\/\/www.youtube.com\/embed\/LO6tdX3h6OU?rel=0&amp;wmode=opaque\"><\/iframe><\/div><\/div>[\/vc_tta_section][vc_tta_section title=\u00bbPDFs\u00bb tab_id=\u00bb1580773967100-60b44549-b7994acf-312f\u00bb][\/vc_tta_section][\/vc_tta_tabs][\/vc_column][\/vc_row]<\/p>\n<\/div>","protected":false},"excerpt":{"rendered":"<p>[vc_row][vc_column][vc_tta_tabs][vc_tta_section title=\u00bbDescripci\u00f3n\u00bb tab_id=\u00bb1576602137921-d1adbf41-d2bfcd79-35904acf-312f\u00bb][vc_column_text css=\u00bb\u00bb] Elevador de grupo 2-3, para uso desde los 15 kg; hasta los 36 kg; incorpora conectores&#8230;<\/p>\n","protected":false},"featured_media":35316,"template":"","meta":[],"product_brand":[],"product_cat":[367,373,471],"product_tag":[],"class_list":{"0":"post-35318","1":"product","2":"type-product","3":"status-publish","4":"has-post-thumbnail","6":"product_cat-en-la-carretera","7":"product_cat-seguridad","8":"product_cat-transporte-y-paseo","10":"first","11":"instock","12":"shipping-taxable","13":"purchasable","14":"product-type-redq_rental"},"yoast_head":"<!-- This site is optimized with the Yoast SEO plugin v27.1.1 - https:\/\/yoast.com\/product\/yoast-seo-wordpress\/ -->\n<title>Sillita Elevador de coche Play Three Fix Alquiler Sillita coche<\/title>\n<meta name=\"description\" content=\"\u00bfViajas con ni\u00f1os? Viaja m\u00e1s c\u00f3modo con un ligero equipaje, alquilando tu elevador sillita de coche para beb\u00e9. Te lo entregamos en tu lugar de vacaciones.\" \/>\n<meta name=\"robots\" content=\"index, follow, max-snippet:-1, max-image-preview:large, max-video-preview:-1\" \/>\n<link rel=\"canonical\" href=\"https:\/\/www.sunny-tots.com\/es\/producto\/sillita-elevador-de-coche-play-three-fix\/\" \/>\n<meta property=\"og:locale\" content=\"es_ES\" \/>\n<meta property=\"og:type\" content=\"article\" \/>\n<meta property=\"og:title\" content=\"Sillita Elevador de coche Play Three Fix Alquiler Sillita coche\" \/>\n<meta property=\"og:description\" content=\"\u00bfViajas con ni\u00f1os? Viaja m\u00e1s c\u00f3modo con un ligero equipaje, alquilando tu elevador sillita de coche para beb\u00e9. Te lo entregamos en tu lugar de vacaciones.\" \/>\n<meta property=\"og:url\" content=\"https:\/\/www.sunny-tots.com\/es\/producto\/sillita-elevador-de-coche-play-three-fix\/\" \/>\n<meta property=\"og:site_name\" content=\"Sunny Tots\" \/>\n<meta property=\"article:modified_time\" content=\"2026-03-11T18:13:15+00:00\" \/>\n<meta property=\"og:image\" content=\"https:\/\/www.sunny-tots.com\/wp-content\/uploads\/2024\/03\/71GYMwBValL._AC_SX679_.jpg\" \/>\n\t<meta property=\"og:image:width\" content=\"679\" \/>\n\t<meta property=\"og:image:height\" content=\"408\" \/>\n\t<meta property=\"og:image:type\" content=\"image\/jpeg\" \/>\n<meta name=\"twitter:card\" content=\"summary_large_image\" \/>\n<meta name=\"twitter:label1\" content=\"Tiempo de lectura\" \/>\n\t<meta name=\"twitter:data1\" content=\"1 minuto\" \/>\n<script type=\"application\/ld+json\" class=\"yoast-schema-graph\">{\"@context\":\"https:\/\/schema.org\",\"@graph\":[{\"@type\":\"WebPage\",\"@id\":\"https:\/\/www.sunny-tots.com\/es\/producto\/sillita-elevador-de-coche-play-three-fix\/\",\"url\":\"https:\/\/www.sunny-tots.com\/es\/producto\/sillita-elevador-de-coche-play-three-fix\/\",\"name\":\"Sillita Elevador de coche Play Three Fix Alquiler Sillita coche\",\"isPartOf\":{\"@id\":\"https:\/\/www.sunny-tots.com\/es\/#website\"},\"primaryImageOfPage\":{\"@id\":\"https:\/\/www.sunny-tots.com\/es\/producto\/sillita-elevador-de-coche-play-three-fix\/#primaryimage\"},\"image\":{\"@id\":\"https:\/\/www.sunny-tots.com\/es\/producto\/sillita-elevador-de-coche-play-three-fix\/#primaryimage\"},\"thumbnailUrl\":\"https:\/\/www.sunny-tots.com\/wp-content\/uploads\/2024\/03\/71GYMwBValL._AC_SX679_.jpg\",\"datePublished\":\"2024-03-22T07:07:35+00:00\",\"dateModified\":\"2026-03-11T18:13:15+00:00\",\"description\":\"\u00bfViajas con ni\u00f1os? Viaja m\u00e1s c\u00f3modo con un ligero equipaje, alquilando tu elevador sillita de coche para beb\u00e9. Te lo entregamos en tu lugar de vacaciones.\",\"breadcrumb\":{\"@id\":\"https:\/\/www.sunny-tots.com\/es\/producto\/sillita-elevador-de-coche-play-three-fix\/#breadcrumb\"},\"inLanguage\":\"es\",\"potentialAction\":[{\"@type\":\"ReadAction\",\"target\":[\"https:\/\/www.sunny-tots.com\/es\/producto\/sillita-elevador-de-coche-play-three-fix\/\"]}]},{\"@type\":\"ImageObject\",\"inLanguage\":\"es\",\"@id\":\"https:\/\/www.sunny-tots.com\/es\/producto\/sillita-elevador-de-coche-play-three-fix\/#primaryimage\",\"url\":\"https:\/\/www.sunny-tots.com\/wp-content\/uploads\/2024\/03\/71GYMwBValL._AC_SX679_.jpg\",\"contentUrl\":\"https:\/\/www.sunny-tots.com\/wp-content\/uploads\/2024\/03\/71GYMwBValL._AC_SX679_.jpg\",\"width\":679,\"height\":408,\"caption\":\"alquiler sillita coche bebe\"},{\"@type\":\"BreadcrumbList\",\"@id\":\"https:\/\/www.sunny-tots.com\/es\/producto\/sillita-elevador-de-coche-play-three-fix\/#breadcrumb\",\"itemListElement\":[{\"@type\":\"ListItem\",\"position\":1,\"name\":\"Portada\",\"item\":\"https:\/\/www.sunny-tots.com\/es\/\"},{\"@type\":\"ListItem\",\"position\":2,\"name\":\"Shop\",\"item\":\"https:\/\/www.sunny-tots.com\/shop\/\"},{\"@type\":\"ListItem\",\"position\":3,\"name\":\"Sillita Elevador de coche Play Three Fix\"}]},{\"@type\":\"WebSite\",\"@id\":\"https:\/\/www.sunny-tots.com\/es\/#website\",\"url\":\"https:\/\/www.sunny-tots.com\/es\/\",\"name\":\"Sunny Tots\",\"description\":\"Strollers to rent and more baby equipment\",\"publisher\":{\"@id\":\"https:\/\/www.sunny-tots.com\/es\/#organization\"},\"potentialAction\":[{\"@type\":\"SearchAction\",\"target\":{\"@type\":\"EntryPoint\",\"urlTemplate\":\"https:\/\/www.sunny-tots.com\/es\/?s={search_term_string}\"},\"query-input\":{\"@type\":\"PropertyValueSpecification\",\"valueRequired\":true,\"valueName\":\"search_term_string\"}}],\"inLanguage\":\"es\"},{\"@type\":\"Organization\",\"@id\":\"https:\/\/www.sunny-tots.com\/es\/#organization\",\"name\":\"Sunny Tots\",\"url\":\"https:\/\/www.sunny-tots.com\/es\/\",\"logo\":{\"@type\":\"ImageObject\",\"inLanguage\":\"es\",\"@id\":\"https:\/\/www.sunny-tots.com\/es\/#\/schema\/logo\/image\/\",\"url\":\"https:\/\/www.sunny-tots.com\/wp-content\/uploads\/2020\/01\/Recurso-2@3x-1024x333_mail.png\",\"contentUrl\":\"https:\/\/www.sunny-tots.com\/wp-content\/uploads\/2020\/01\/Recurso-2@3x-1024x333_mail.png\",\"width\":350,\"height\":114,\"caption\":\"Sunny Tots\"},\"image\":{\"@id\":\"https:\/\/www.sunny-tots.com\/es\/#\/schema\/logo\/image\/\"}}]}<\/script>\n<!-- \/ Yoast SEO plugin. -->","yoast_head_json":{"title":"Sillita Elevador de coche Play Three Fix Alquiler Sillita coche","description":"\u00bfViajas con ni\u00f1os? Viaja m\u00e1s c\u00f3modo con un ligero equipaje, alquilando tu elevador sillita de coche para beb\u00e9. Te lo entregamos en tu lugar de vacaciones.","robots":{"index":"index","follow":"follow","max-snippet":"max-snippet:-1","max-image-preview":"max-image-preview:large","max-video-preview":"max-video-preview:-1"},"canonical":"https:\/\/www.sunny-tots.com\/es\/producto\/sillita-elevador-de-coche-play-three-fix\/","og_locale":"es_ES","og_type":"article","og_title":"Sillita Elevador de coche Play Three Fix Alquiler Sillita coche","og_description":"\u00bfViajas con ni\u00f1os? Viaja m\u00e1s c\u00f3modo con un ligero equipaje, alquilando tu elevador sillita de coche para beb\u00e9. Te lo entregamos en tu lugar de vacaciones.","og_url":"https:\/\/www.sunny-tots.com\/es\/producto\/sillita-elevador-de-coche-play-three-fix\/","og_site_name":"Sunny Tots","article_modified_time":"2026-03-11T18:13:15+00:00","og_image":[{"width":679,"height":408,"url":"https:\/\/www.sunny-tots.com\/wp-content\/uploads\/2024\/03\/71GYMwBValL._AC_SX679_.jpg","type":"image\/jpeg"}],"twitter_card":"summary_large_image","twitter_misc":{"Tiempo de lectura":"1 minuto"},"schema":{"@context":"https:\/\/schema.org","@graph":[{"@type":"WebPage","@id":"https:\/\/www.sunny-tots.com\/es\/producto\/sillita-elevador-de-coche-play-three-fix\/","url":"https:\/\/www.sunny-tots.com\/es\/producto\/sillita-elevador-de-coche-play-three-fix\/","name":"Sillita Elevador de coche Play Three Fix Alquiler Sillita coche","isPartOf":{"@id":"https:\/\/www.sunny-tots.com\/es\/#website"},"primaryImageOfPage":{"@id":"https:\/\/www.sunny-tots.com\/es\/producto\/sillita-elevador-de-coche-play-three-fix\/#primaryimage"},"image":{"@id":"https:\/\/www.sunny-tots.com\/es\/producto\/sillita-elevador-de-coche-play-three-fix\/#primaryimage"},"thumbnailUrl":"https:\/\/www.sunny-tots.com\/wp-content\/uploads\/2024\/03\/71GYMwBValL._AC_SX679_.jpg","datePublished":"2024-03-22T07:07:35+00:00","dateModified":"2026-03-11T18:13:15+00:00","description":"\u00bfViajas con ni\u00f1os? Viaja m\u00e1s c\u00f3modo con un ligero equipaje, alquilando tu elevador sillita de coche para beb\u00e9. Te lo entregamos en tu lugar de vacaciones.","breadcrumb":{"@id":"https:\/\/www.sunny-tots.com\/es\/producto\/sillita-elevador-de-coche-play-three-fix\/#breadcrumb"},"inLanguage":"es","potentialAction":[{"@type":"ReadAction","target":["https:\/\/www.sunny-tots.com\/es\/producto\/sillita-elevador-de-coche-play-three-fix\/"]}]},{"@type":"ImageObject","inLanguage":"es","@id":"https:\/\/www.sunny-tots.com\/es\/producto\/sillita-elevador-de-coche-play-three-fix\/#primaryimage","url":"https:\/\/www.sunny-tots.com\/wp-content\/uploads\/2024\/03\/71GYMwBValL._AC_SX679_.jpg","contentUrl":"https:\/\/www.sunny-tots.com\/wp-content\/uploads\/2024\/03\/71GYMwBValL._AC_SX679_.jpg","width":679,"height":408,"caption":"alquiler sillita coche bebe"},{"@type":"BreadcrumbList","@id":"https:\/\/www.sunny-tots.com\/es\/producto\/sillita-elevador-de-coche-play-three-fix\/#breadcrumb","itemListElement":[{"@type":"ListItem","position":1,"name":"Portada","item":"https:\/\/www.sunny-tots.com\/es\/"},{"@type":"ListItem","position":2,"name":"Shop","item":"https:\/\/www.sunny-tots.com\/shop\/"},{"@type":"ListItem","position":3,"name":"Sillita Elevador de coche Play Three Fix"}]},{"@type":"WebSite","@id":"https:\/\/www.sunny-tots.com\/es\/#website","url":"https:\/\/www.sunny-tots.com\/es\/","name":"Sunny Tots","description":"Strollers to rent and more baby equipment","publisher":{"@id":"https:\/\/www.sunny-tots.com\/es\/#organization"},"potentialAction":[{"@type":"SearchAction","target":{"@type":"EntryPoint","urlTemplate":"https:\/\/www.sunny-tots.com\/es\/?s={search_term_string}"},"query-input":{"@type":"PropertyValueSpecification","valueRequired":true,"valueName":"search_term_string"}}],"inLanguage":"es"},{"@type":"Organization","@id":"https:\/\/www.sunny-tots.com\/es\/#organization","name":"Sunny Tots","url":"https:\/\/www.sunny-tots.com\/es\/","logo":{"@type":"ImageObject","inLanguage":"es","@id":"https:\/\/www.sunny-tots.com\/es\/#\/schema\/logo\/image\/","url":"https:\/\/www.sunny-tots.com\/wp-content\/uploads\/2020\/01\/Recurso-2@3x-1024x333_mail.png","contentUrl":"https:\/\/www.sunny-tots.com\/wp-content\/uploads\/2020\/01\/Recurso-2@3x-1024x333_mail.png","width":350,"height":114,"caption":"Sunny Tots"},"image":{"@id":"https:\/\/www.sunny-tots.com\/es\/#\/schema\/logo\/image\/"}}]}},"_links":{"self":[{"href":"https:\/\/www.sunny-tots.com\/es\/wp-json\/wp\/v2\/product\/35318","targetHints":{"allow":["GET"]}}],"collection":[{"href":"https:\/\/www.sunny-tots.com\/es\/wp-json\/wp\/v2\/product"}],"about":[{"href":"https:\/\/www.sunny-tots.com\/es\/wp-json\/wp\/v2\/types\/product"}],"wp:featuredmedia":[{"embeddable":true,"href":"https:\/\/www.sunny-tots.com\/es\/wp-json\/wp\/v2\/media\/35316"}],"wp:attachment":[{"href":"https:\/\/www.sunny-tots.com\/es\/wp-json\/wp\/v2\/media?parent=35318"}],"wp:term":[{"taxonomy":"product_brand","embeddable":true,"href":"https:\/\/www.sunny-tots.com\/es\/wp-json\/wp\/v2\/product_brand?post=35318"},{"taxonomy":"product_cat","embeddable":true,"href":"https:\/\/www.sunny-tots.com\/es\/wp-json\/wp\/v2\/product_cat?post=35318"},{"taxonomy":"product_tag","embeddable":true,"href":"https:\/\/www.sunny-tots.com\/es\/wp-json\/wp\/v2\/product_tag?post=35318"}],"curies":[{"name":"wp","href":"https:\/\/api.w.org\/{rel}","templated":true}]}}