{"id":34700,"date":"2020-12-12T11:54:48","date_gmt":"2024-02-27T02:27:50","guid":{"rendered":"https:\/\/sunny.softblue.es\/?post_type=product&#038;p=34700"},"modified":"2025-09-24T19:19:15","modified_gmt":"2025-09-24T17:19:15","slug":"bicicleta-sin-pedales-puky","status":"publish","type":"product","link":"https:\/\/www.sunny-tots.com\/es\/producto\/bicicleta-sin-pedales-puky\/","title":{"rendered":"Bicicleta sin pedales Puky"},"content":{"rendered":"<div class=\"wpb-content-wrapper\"><p>[vc_row][vc_column][vc_tta_tabs][vc_tta_section title=\u00bbDescripci\u00f3n\u00bb tab_id=\u00bb1576602137921-d1adbf41-d2bf40d4-e7c13f4f-a148&#8243;][vc_column_text css=\u00bb\u00bb]<\/p>\n<p class=\"range-expandable__paragraf no-margin\">\u200ePuky ofrece las mejores bicicletas de aprendizaje sin pedales para ni\u00f1os.\u200e<\/p>\n<p>\u200eRecomendado para ni\u00f1os de entre 2 y 4 a\u00f1os.\u200e<\/p>\n<p>\u200eProvisto de casco de seguridad.\u200e<\/p>\n<p>&nbsp;<\/p>\n<p data-start=\"592\" data-end=\"920\">La <strong data-start=\"595\" data-end=\"625\">bicicleta sin pedales Puky<\/strong> es la herramienta perfecta para que los ni\u00f1os de entre <strong data-start=\"681\" data-end=\"695\">2 y 4 a\u00f1os<\/strong> desarrollen su equilibrio, coordinaci\u00f3n y confianza en s\u00ed mismos. Dise\u00f1ada para ofrecer una experiencia segura y divertida, esta bicicleta permite a los peque\u00f1os aprender a deslizarse y maniobrar sin la necesidad de pedales.<\/p>\n<h3 data-start=\"922\" data-end=\"953\">Caracter\u00edsticas principales<\/h3>\n<ul data-start=\"955\" data-end=\"1324\">\n<li data-start=\"955\" data-end=\"1008\">\n<p data-start=\"957\" data-end=\"1008\"><strong data-start=\"957\" data-end=\"977\">Edad recomendada<\/strong>: para ni\u00f1os de <strong data-start=\"993\" data-end=\"1007\">2 a 4 a\u00f1os<\/strong>.<\/p>\n<\/li>\n<li data-start=\"1009\" data-end=\"1091\">\n<p data-start=\"1011\" data-end=\"1091\"><strong data-start=\"1011\" data-end=\"1049\">Desarrollo de habilidades motrices<\/strong>: fomenta el equilibrio y la coordinaci\u00f3n.<\/p>\n<\/li>\n<li data-start=\"1092\" data-end=\"1174\">\n<p data-start=\"1094\" data-end=\"1174\"><strong data-start=\"1094\" data-end=\"1115\">Dise\u00f1o ergon\u00f3mico<\/strong>: adaptado a la altura y necesidades de los ni\u00f1os peque\u00f1os.<\/p>\n<\/li>\n<li data-start=\"1175\" data-end=\"1244\">\n<p data-start=\"1177\" data-end=\"1244\"><strong data-start=\"1177\" data-end=\"1207\">Materiales de alta calidad<\/strong>: garantizan durabilidad y seguridad.<\/p>\n<\/li>\n<li data-start=\"1245\" data-end=\"1324\">\n<p data-start=\"1247\" data-end=\"1324\"><strong data-start=\"1247\" data-end=\"1277\">Incluye casco de seguridad<\/strong>: para una protecci\u00f3n adicional durante el uso.<\/p>\n<\/li>\n<\/ul>\n<h3 data-start=\"1326\" data-end=\"1371\">Ventajas de la bicicleta sin pedales Puky<\/h3>\n<ul data-start=\"1373\" data-end=\"1762\">\n<li data-start=\"1373\" data-end=\"1475\">\n<p data-start=\"1375\" data-end=\"1475\"><strong data-start=\"1375\" data-end=\"1395\">F\u00e1cil de manejar<\/strong>: ligera y estable, ideal para los primeros pasos en el mundo de las dos ruedas.<\/p>\n<\/li>\n<li data-start=\"1476\" data-end=\"1580\">\n<p data-start=\"1478\" data-end=\"1580\"><strong data-start=\"1478\" data-end=\"1503\">Estimula la autonom\u00eda<\/strong>: permite a los ni\u00f1os desplazarse por s\u00ed mismos, fomentando su independencia.<\/p>\n<\/li>\n<li data-start=\"1581\" data-end=\"1682\">\n<p data-start=\"1583\" data-end=\"1682\"><strong data-start=\"1583\" data-end=\"1617\">Uso en interiores y exteriores<\/strong>: adecuada para su uso en parques, jardines o interiores amplios.<\/p>\n<\/li>\n<li data-start=\"1683\" data-end=\"1762\">\n<p data-start=\"1685\" data-end=\"1762\"><strong data-start=\"1685\" data-end=\"1705\">Dise\u00f1o atractivo<\/strong>: colores y formas que capturan la atenci\u00f3n de los ni\u00f1os.<\/p>\n<\/li>\n<\/ul>\n<p data-start=\"1764\" data-end=\"1946\">Convierte cada paseo en una aventura educativa y divertida con la <strong data-start=\"1830\" data-end=\"1860\">bicicleta sin pedales Puky<\/strong>. \u00a1Reserva ahora y ofrece a tu hijo una experiencia \u00fanica de aprendizaje sobre ruedas!<\/p>\n<p>[\/vc_column_text][\/vc_tta_section][vc_tta_section title=\u00bbV\u00eddeo\u00bb tab_id=\u00bb1576602137934-e1609575-e07240d4-e7c13f4f-a148&#8243;]<div class=\"gem-youtube gem-wrapbox gem-wrapbox-style-no-style rounded-corners gem-wrapbox-position-below\" style=\"width: 500px;\"><div class=\"gem-wrapbox-inner gem-ratio-style\" style=\"padding-top: 56.25%\"><iframe class=\"gem-wrapbox-element img-responsive\" width=\"500px\" height=\"350\" allowfullscreen=\"allowfullscreen\" frameborder=\"0\" scrolling=\"no\" marginheight=\"0\" marginwidth=\"0\" src=\"\/\/www.youtube.com\/embed\/FWcMaIMT5fo?rel=0&amp;wmode=opaque\"><\/iframe><\/div><\/div>[\/vc_tta_section][vc_tta_section title=\u00bbPDFs\u00bb tab_id=\u00bb1580773946658-922cb746-86c83f4f-a148&#8243;][vc_btn title=\u00bbBicicleta Puky\u00bb i_icon_fontawesome=\u00bb\u00bb add_icon=\u00bbtrue\u00bb link=\u00bburl:https%3A%2F%2Fwww.sunny-tots.com%2Fwp-content%2Fuploads%2F2020%2F12%2Fbb7857fdb010c63532a81c69836e64d36c1ee8d3_20201005134652_4093-1.pdf||target:%20_blank|\u00bb][\/vc_tta_section][\/vc_tta_tabs][\/vc_column][\/vc_row]<\/p>\n<\/div>","protected":false},"excerpt":{"rendered":"<p>[vc_row][vc_column][vc_tta_tabs][vc_tta_section title=\u00bbDescripci\u00f3n\u00bb tab_id=\u00bb1576602137921-d1adbf41-d2bf40d4-e7c13f4f-a148&#8243;][vc_column_text css=\u00bb\u00bb] \u200ePuky ofrece las mejores bicicletas de aprendizaje sin pedales para ni\u00f1os.\u200e \u200eRecomendado para ni\u00f1os de entre&#8230;<\/p>\n","protected":false},"featured_media":32528,"template":"","meta":[],"product_brand":[],"product_cat":[371,475,369,206],"product_tag":[],"class_list":{"0":"post-34700","1":"product","2":"type-product","3":"status-publish","4":"has-post-thumbnail","6":"product_cat-jugar","7":"product_cat-ocio-y-juguetes","8":"product_cat-para-fuera","9":"product_cat-safety","11":"first","12":"instock","13":"shipping-taxable","14":"purchasable","15":"product-type-redq_rental"},"yoast_head":"<!-- This site is optimized with the Yoast SEO plugin v27.1.1 - https:\/\/yoast.com\/product\/yoast-seo-wordpress\/ -->\n<title>Bicicleta sin pedales Puky : Alquiler Bicicleta sin pedales<\/title>\n<meta name=\"description\" content=\"\u00bfViajas con ni\u00f1os? Viaja m\u00e1s c\u00f3modo con un ligero equipaje, alquilando tu bicicleta sin pedales. Te lo entregamos en tu lugar de vacaciones.\" \/>\n<meta name=\"robots\" content=\"index, follow, max-snippet:-1, max-image-preview:large, max-video-preview:-1\" \/>\n<link rel=\"canonical\" href=\"https:\/\/www.sunny-tots.com\/es\/producto\/bicicleta-sin-pedales-puky\/\" \/>\n<meta property=\"og:locale\" content=\"es_ES\" \/>\n<meta property=\"og:type\" content=\"article\" \/>\n<meta property=\"og:title\" content=\"Bicicleta sin pedales Puky : Alquiler Bicicleta sin pedales\" \/>\n<meta property=\"og:description\" content=\"\u00bfViajas con ni\u00f1os? Viaja m\u00e1s c\u00f3modo con un ligero equipaje, alquilando tu bicicleta sin pedales. Te lo entregamos en tu lugar de vacaciones.\" \/>\n<meta property=\"og:url\" content=\"https:\/\/www.sunny-tots.com\/es\/producto\/bicicleta-sin-pedales-puky\/\" \/>\n<meta property=\"og:site_name\" content=\"Sunny Tots\" \/>\n<meta property=\"article:modified_time\" content=\"2025-09-24T17:19:15+00:00\" \/>\n<meta property=\"og:image\" content=\"https:\/\/www.sunny-tots.com\/wp-content\/uploads\/2020\/12\/bicicleta-sinpedales_01.jpg\" \/>\n\t<meta property=\"og:image:width\" content=\"750\" \/>\n\t<meta property=\"og:image:height\" content=\"750\" \/>\n\t<meta property=\"og:image:type\" content=\"image\/jpeg\" \/>\n<meta name=\"twitter:card\" content=\"summary_large_image\" \/>\n<meta name=\"twitter:label1\" content=\"Tiempo de lectura\" \/>\n\t<meta name=\"twitter:data1\" content=\"2 minutos\" \/>\n<script type=\"application\/ld+json\" class=\"yoast-schema-graph\">{\"@context\":\"https:\/\/schema.org\",\"@graph\":[{\"@type\":\"WebPage\",\"@id\":\"https:\/\/www.sunny-tots.com\/es\/producto\/bicicleta-sin-pedales-puky\/\",\"url\":\"https:\/\/www.sunny-tots.com\/es\/producto\/bicicleta-sin-pedales-puky\/\",\"name\":\"Bicicleta sin pedales Puky : Alquiler Bicicleta sin pedales\",\"isPartOf\":{\"@id\":\"https:\/\/www.sunny-tots.com\/es\/#website\"},\"primaryImageOfPage\":{\"@id\":\"https:\/\/www.sunny-tots.com\/es\/producto\/bicicleta-sin-pedales-puky\/#primaryimage\"},\"image\":{\"@id\":\"https:\/\/www.sunny-tots.com\/es\/producto\/bicicleta-sin-pedales-puky\/#primaryimage\"},\"thumbnailUrl\":\"https:\/\/www.sunny-tots.com\/wp-content\/uploads\/2020\/12\/bicicleta-sinpedales_01.jpg\",\"datePublished\":\"2024-02-27T02:27:50+00:00\",\"dateModified\":\"2025-09-24T17:19:15+00:00\",\"description\":\"\u00bfViajas con ni\u00f1os? Viaja m\u00e1s c\u00f3modo con un ligero equipaje, alquilando tu bicicleta sin pedales. Te lo entregamos en tu lugar de vacaciones.\",\"breadcrumb\":{\"@id\":\"https:\/\/www.sunny-tots.com\/es\/producto\/bicicleta-sin-pedales-puky\/#breadcrumb\"},\"inLanguage\":\"es\",\"potentialAction\":[{\"@type\":\"ReadAction\",\"target\":[\"https:\/\/www.sunny-tots.com\/es\/producto\/bicicleta-sin-pedales-puky\/\"]}]},{\"@type\":\"ImageObject\",\"inLanguage\":\"es\",\"@id\":\"https:\/\/www.sunny-tots.com\/es\/producto\/bicicleta-sin-pedales-puky\/#primaryimage\",\"url\":\"https:\/\/www.sunny-tots.com\/wp-content\/uploads\/2020\/12\/bicicleta-sinpedales_01.jpg\",\"contentUrl\":\"https:\/\/www.sunny-tots.com\/wp-content\/uploads\/2020\/12\/bicicleta-sinpedales_01.jpg\",\"width\":750,\"height\":750,\"caption\":\"sunnytots\"},{\"@type\":\"BreadcrumbList\",\"@id\":\"https:\/\/www.sunny-tots.com\/es\/producto\/bicicleta-sin-pedales-puky\/#breadcrumb\",\"itemListElement\":[{\"@type\":\"ListItem\",\"position\":1,\"name\":\"Portada\",\"item\":\"https:\/\/www.sunny-tots.com\/es\/\"},{\"@type\":\"ListItem\",\"position\":2,\"name\":\"Shop\",\"item\":\"https:\/\/www.sunny-tots.com\/shop\/\"},{\"@type\":\"ListItem\",\"position\":3,\"name\":\"Bicicleta sin pedales Puky\"}]},{\"@type\":\"WebSite\",\"@id\":\"https:\/\/www.sunny-tots.com\/es\/#website\",\"url\":\"https:\/\/www.sunny-tots.com\/es\/\",\"name\":\"Sunny Tots\",\"description\":\"Strollers to rent and more baby equipment\",\"publisher\":{\"@id\":\"https:\/\/www.sunny-tots.com\/es\/#organization\"},\"potentialAction\":[{\"@type\":\"SearchAction\",\"target\":{\"@type\":\"EntryPoint\",\"urlTemplate\":\"https:\/\/www.sunny-tots.com\/es\/?s={search_term_string}\"},\"query-input\":{\"@type\":\"PropertyValueSpecification\",\"valueRequired\":true,\"valueName\":\"search_term_string\"}}],\"inLanguage\":\"es\"},{\"@type\":\"Organization\",\"@id\":\"https:\/\/www.sunny-tots.com\/es\/#organization\",\"name\":\"Sunny Tots\",\"url\":\"https:\/\/www.sunny-tots.com\/es\/\",\"logo\":{\"@type\":\"ImageObject\",\"inLanguage\":\"es\",\"@id\":\"https:\/\/www.sunny-tots.com\/es\/#\/schema\/logo\/image\/\",\"url\":\"https:\/\/www.sunny-tots.com\/wp-content\/uploads\/2020\/01\/Recurso-2@3x-1024x333_mail.png\",\"contentUrl\":\"https:\/\/www.sunny-tots.com\/wp-content\/uploads\/2020\/01\/Recurso-2@3x-1024x333_mail.png\",\"width\":350,\"height\":114,\"caption\":\"Sunny Tots\"},\"image\":{\"@id\":\"https:\/\/www.sunny-tots.com\/es\/#\/schema\/logo\/image\/\"}}]}<\/script>\n<!-- \/ Yoast SEO plugin. -->","yoast_head_json":{"title":"Bicicleta sin pedales Puky : Alquiler Bicicleta sin pedales","description":"\u00bfViajas con ni\u00f1os? Viaja m\u00e1s c\u00f3modo con un ligero equipaje, alquilando tu bicicleta sin pedales. Te lo entregamos en tu lugar de vacaciones.","robots":{"index":"index","follow":"follow","max-snippet":"max-snippet:-1","max-image-preview":"max-image-preview:large","max-video-preview":"max-video-preview:-1"},"canonical":"https:\/\/www.sunny-tots.com\/es\/producto\/bicicleta-sin-pedales-puky\/","og_locale":"es_ES","og_type":"article","og_title":"Bicicleta sin pedales Puky : Alquiler Bicicleta sin pedales","og_description":"\u00bfViajas con ni\u00f1os? Viaja m\u00e1s c\u00f3modo con un ligero equipaje, alquilando tu bicicleta sin pedales. Te lo entregamos en tu lugar de vacaciones.","og_url":"https:\/\/www.sunny-tots.com\/es\/producto\/bicicleta-sin-pedales-puky\/","og_site_name":"Sunny Tots","article_modified_time":"2025-09-24T17:19:15+00:00","og_image":[{"width":750,"height":750,"url":"https:\/\/www.sunny-tots.com\/wp-content\/uploads\/2020\/12\/bicicleta-sinpedales_01.jpg","type":"image\/jpeg"}],"twitter_card":"summary_large_image","twitter_misc":{"Tiempo de lectura":"2 minutos"},"schema":{"@context":"https:\/\/schema.org","@graph":[{"@type":"WebPage","@id":"https:\/\/www.sunny-tots.com\/es\/producto\/bicicleta-sin-pedales-puky\/","url":"https:\/\/www.sunny-tots.com\/es\/producto\/bicicleta-sin-pedales-puky\/","name":"Bicicleta sin pedales Puky : Alquiler Bicicleta sin pedales","isPartOf":{"@id":"https:\/\/www.sunny-tots.com\/es\/#website"},"primaryImageOfPage":{"@id":"https:\/\/www.sunny-tots.com\/es\/producto\/bicicleta-sin-pedales-puky\/#primaryimage"},"image":{"@id":"https:\/\/www.sunny-tots.com\/es\/producto\/bicicleta-sin-pedales-puky\/#primaryimage"},"thumbnailUrl":"https:\/\/www.sunny-tots.com\/wp-content\/uploads\/2020\/12\/bicicleta-sinpedales_01.jpg","datePublished":"2024-02-27T02:27:50+00:00","dateModified":"2025-09-24T17:19:15+00:00","description":"\u00bfViajas con ni\u00f1os? Viaja m\u00e1s c\u00f3modo con un ligero equipaje, alquilando tu bicicleta sin pedales. Te lo entregamos en tu lugar de vacaciones.","breadcrumb":{"@id":"https:\/\/www.sunny-tots.com\/es\/producto\/bicicleta-sin-pedales-puky\/#breadcrumb"},"inLanguage":"es","potentialAction":[{"@type":"ReadAction","target":["https:\/\/www.sunny-tots.com\/es\/producto\/bicicleta-sin-pedales-puky\/"]}]},{"@type":"ImageObject","inLanguage":"es","@id":"https:\/\/www.sunny-tots.com\/es\/producto\/bicicleta-sin-pedales-puky\/#primaryimage","url":"https:\/\/www.sunny-tots.com\/wp-content\/uploads\/2020\/12\/bicicleta-sinpedales_01.jpg","contentUrl":"https:\/\/www.sunny-tots.com\/wp-content\/uploads\/2020\/12\/bicicleta-sinpedales_01.jpg","width":750,"height":750,"caption":"sunnytots"},{"@type":"BreadcrumbList","@id":"https:\/\/www.sunny-tots.com\/es\/producto\/bicicleta-sin-pedales-puky\/#breadcrumb","itemListElement":[{"@type":"ListItem","position":1,"name":"Portada","item":"https:\/\/www.sunny-tots.com\/es\/"},{"@type":"ListItem","position":2,"name":"Shop","item":"https:\/\/www.sunny-tots.com\/shop\/"},{"@type":"ListItem","position":3,"name":"Bicicleta sin pedales Puky"}]},{"@type":"WebSite","@id":"https:\/\/www.sunny-tots.com\/es\/#website","url":"https:\/\/www.sunny-tots.com\/es\/","name":"Sunny Tots","description":"Strollers to rent and more baby equipment","publisher":{"@id":"https:\/\/www.sunny-tots.com\/es\/#organization"},"potentialAction":[{"@type":"SearchAction","target":{"@type":"EntryPoint","urlTemplate":"https:\/\/www.sunny-tots.com\/es\/?s={search_term_string}"},"query-input":{"@type":"PropertyValueSpecification","valueRequired":true,"valueName":"search_term_string"}}],"inLanguage":"es"},{"@type":"Organization","@id":"https:\/\/www.sunny-tots.com\/es\/#organization","name":"Sunny Tots","url":"https:\/\/www.sunny-tots.com\/es\/","logo":{"@type":"ImageObject","inLanguage":"es","@id":"https:\/\/www.sunny-tots.com\/es\/#\/schema\/logo\/image\/","url":"https:\/\/www.sunny-tots.com\/wp-content\/uploads\/2020\/01\/Recurso-2@3x-1024x333_mail.png","contentUrl":"https:\/\/www.sunny-tots.com\/wp-content\/uploads\/2020\/01\/Recurso-2@3x-1024x333_mail.png","width":350,"height":114,"caption":"Sunny Tots"},"image":{"@id":"https:\/\/www.sunny-tots.com\/es\/#\/schema\/logo\/image\/"}}]}},"_links":{"self":[{"href":"https:\/\/www.sunny-tots.com\/es\/wp-json\/wp\/v2\/product\/34700","targetHints":{"allow":["GET"]}}],"collection":[{"href":"https:\/\/www.sunny-tots.com\/es\/wp-json\/wp\/v2\/product"}],"about":[{"href":"https:\/\/www.sunny-tots.com\/es\/wp-json\/wp\/v2\/types\/product"}],"wp:featuredmedia":[{"embeddable":true,"href":"https:\/\/www.sunny-tots.com\/es\/wp-json\/wp\/v2\/media\/32528"}],"wp:attachment":[{"href":"https:\/\/www.sunny-tots.com\/es\/wp-json\/wp\/v2\/media?parent=34700"}],"wp:term":[{"taxonomy":"product_brand","embeddable":true,"href":"https:\/\/www.sunny-tots.com\/es\/wp-json\/wp\/v2\/product_brand?post=34700"},{"taxonomy":"product_cat","embeddable":true,"href":"https:\/\/www.sunny-tots.com\/es\/wp-json\/wp\/v2\/product_cat?post=34700"},{"taxonomy":"product_tag","embeddable":true,"href":"https:\/\/www.sunny-tots.com\/es\/wp-json\/wp\/v2\/product_tag?post=34700"}],"curies":[{"name":"wp","href":"https:\/\/api.w.org\/{rel}","templated":true}]}}