{"id":34692,"date":"2021-05-09T19:02:19","date_gmt":"2024-02-27T02:22:24","guid":{"rendered":"https:\/\/sunny.softblue.es\/?post_type=product&#038;p=34692"},"modified":"2025-09-24T15:15:28","modified_gmt":"2025-09-24T13:15:28","slug":"casualplay-protector-fix-silla-de-coche-grupos-ii-y-iii","status":"publish","type":"product","link":"https:\/\/www.sunny-tots.com\/es\/producto\/casualplay-protector-fix-silla-de-coche-grupos-ii-y-iii\/","title":{"rendered":"Casualplay Protector Fix Silla de coche, grupos II y III"},"content":{"rendered":"<div class=\"wpb-content-wrapper\"><p>[vc_row][vc_column][vc_tta_tabs][vc_tta_section title=\u00bbDescripci\u00f3n\u00bb tab_id=\u00bb1576602137921-d1adbf41-d2bfcd79-3590a6b2-0059&#8243;][\/vc_tta_section][vc_tta_section title=\u00bbV\u00eddeo\u00bb tab_id=\u00bb1576602137934-e1609575-e072cd79-3590a6b2-0059&#8243;]<div class=\"gem-youtube gem-wrapbox gem-wrapbox-style-no-style rounded-corners gem-wrapbox-position-below\" style=\"width: 500px;\"><div class=\"gem-wrapbox-inner gem-ratio-style\" style=\"padding-top: 56.25%\"><iframe class=\"gem-wrapbox-element img-responsive\" width=\"500px\" height=\"350\" allowfullscreen=\"allowfullscreen\" frameborder=\"0\" scrolling=\"no\" marginheight=\"0\" marginwidth=\"0\" src=\"\/\/www.youtube.com\/embed\/OX3htEcQsNw?rel=0&amp;wmode=opaque\"><\/iframe><\/div><\/div>[\/vc_tta_section][vc_tta_section title=\u00bbPDFs\u00bb tab_id=\u00bb1580773967100-60b44549-b799a6b2-0059&#8243;][vc_btn title=\u00bbCasualplay Protector Fix\u00bb i_icon_fontawesome=\u00bb\u00bb add_icon=\u00bbtrue\u00bb link=\u00bburl:https%3A%2F%2Fwww.sunny-tots.com%2Fwp-content%2Fuploads%2F2021%2F05%2Fprotection.pdf|target:_blank\u00bb][\/vc_tta_section][\/vc_tta_tabs][vc_column_text css=\u00bb\u00bb]La silla de coche Protector es un sistema de retenci\u00f3n infantil perteneciente al grupo 2 (de 15 a 25 kg) y grupo 3 (de 22 a 36 kg).<\/p>\n<p>La silla se puede instalar en el autom\u00f3vil con el cintur\u00f3n de seguridad de tres puntos con o sin retractor del propio veh\u00edculo, homologado seg\u00fan norma UN \/ Ece-16 o equivalentes y con los conectores fijos si el autom\u00f3vil est\u00e1 equipado con cierres isofix.<\/p>\n<p>Este producto ha sido dise\u00f1ado, fabricado y aprobado bajo las m\u00e1s estrictas normas de seguridad. Ha sido dise\u00f1ado para que sea f\u00e1cil de usar. Por favor, lea el manual en esta secci\u00f3n y vea el video para obtener todos los detalles.<\/p>\n<p data-start=\"605\" data-end=\"955\">La <strong data-start=\"608\" data-end=\"651\">silla de coche Casualplay Protector Fix<\/strong> es una opci\u00f3n segura y c\u00f3moda para ni\u00f1os de <strong data-start=\"696\" data-end=\"710\">15 a 36 kg<\/strong>, aproximadamente entre <strong data-start=\"734\" data-end=\"749\">3 y 12 a\u00f1os<\/strong>. Dise\u00f1ada para instalarse f\u00e1cilmente en el asiento trasero del veh\u00edculo, esta silla se adapta tanto a veh\u00edculos con <strong data-start=\"866\" data-end=\"884\">sistema Isofix<\/strong> como a aquellos que utilizan el <strong data-start=\"917\" data-end=\"954\">cintur\u00f3n de seguridad de 3 puntos<\/strong>.<\/p>\n<p data-start=\"957\" data-end=\"1315\">Fabricada bajo las m\u00e1s estrictas normas de seguridad, la <strong data-start=\"1014\" data-end=\"1031\">Protector Fix<\/strong> cuenta con una estructura robusta y elementos laterales que absorben la energ\u00eda en caso de impacto, ofreciendo una protecci\u00f3n integral al ni\u00f1o. Su dise\u00f1o ergon\u00f3mico proporciona comodidad durante los viajes largos, y su respaldo ajustable permite adaptarse al crecimiento del peque\u00f1o.<\/p>\n<h3 data-start=\"1317\" data-end=\"1348\">Caracter\u00edsticas principales<\/h3>\n<ul data-start=\"1350\" data-end=\"1750\">\n<li data-start=\"1350\" data-end=\"1440\">\n<p data-start=\"1352\" data-end=\"1440\"><strong data-start=\"1352\" data-end=\"1371\">Grupos II y III<\/strong>: Apta para ni\u00f1os de <strong data-start=\"1392\" data-end=\"1406\">15 a 36 kg<\/strong> (aproximadamente de 3 a 12 a\u00f1os).<\/p>\n<\/li>\n<li data-start=\"1441\" data-end=\"1522\">\n<p data-start=\"1443\" data-end=\"1522\"><strong data-start=\"1443\" data-end=\"1467\">Instalaci\u00f3n vers\u00e1til<\/strong>: Compatible con <strong data-start=\"1484\" data-end=\"1494\">Isofix<\/strong> y <strong data-start=\"1497\" data-end=\"1521\">cintur\u00f3n de 3 puntos<\/strong>.<\/p>\n<\/li>\n<li data-start=\"1523\" data-end=\"1614\">\n<p data-start=\"1525\" data-end=\"1614\"><strong data-start=\"1525\" data-end=\"1549\">Estructura reforzada<\/strong>: Elementos laterales que absorben la energ\u00eda en caso de impacto.<\/p>\n<\/li>\n<li data-start=\"1615\" data-end=\"1675\">\n<p data-start=\"1617\" data-end=\"1675\"><strong data-start=\"1617\" data-end=\"1639\">Respaldo ajustable<\/strong>: Se adapta al crecimiento del ni\u00f1o.<\/p>\n<\/li>\n<li data-start=\"1676\" data-end=\"1750\">\n<p data-start=\"1678\" data-end=\"1750\"><strong data-start=\"1678\" data-end=\"1699\">F\u00e1cil instalaci\u00f3n<\/strong>: Manual detallado y v\u00eddeo explicativo disponibles.<\/p>\n<\/li>\n<\/ul>\n<h3 data-start=\"1752\" data-end=\"1810\">Ventajas de la silla de coche Casualplay Protector Fix<\/h3>\n<ul data-start=\"1812\" data-end=\"2093\">\n<li data-start=\"1812\" data-end=\"1894\">\n<p data-start=\"1814\" data-end=\"1894\"><strong data-start=\"1814\" data-end=\"1839\">Seguridad garantizada<\/strong>: Cumple con las normativas de seguridad m\u00e1s exigentes.<\/p>\n<\/li>\n<li data-start=\"1895\" data-end=\"1966\">\n<p data-start=\"1897\" data-end=\"1966\"><strong data-start=\"1897\" data-end=\"1924\">Comodidad en cada viaje<\/strong>: Asiento ergon\u00f3mico y respaldo ajustable.<\/p>\n<\/li>\n<li data-start=\"1967\" data-end=\"2041\">\n<p data-start=\"1969\" data-end=\"2041\"><strong data-start=\"1969\" data-end=\"1984\">Durabilidad<\/strong>: Dise\u00f1ada para acompa\u00f1ar al ni\u00f1o durante su crecimiento.<\/p>\n<\/li>\n<li data-start=\"2042\" data-end=\"2093\">\n<p data-start=\"2044\" data-end=\"2093\"><strong data-start=\"2044\" data-end=\"2061\">F\u00e1cil de usar<\/strong>: Instalaci\u00f3n sencilla y r\u00e1pida.<\/p>\n<\/li>\n<\/ul>\n<p data-start=\"2095\" data-end=\"2358\">La <strong data-start=\"2098\" data-end=\"2126\">Casualplay Protector Fix<\/strong> es la elecci\u00f3n ideal para padres que buscan una silla de coche que combine <strong data-start=\"2202\" data-end=\"2245\">seguridad, comodidad y facilidad de uso<\/strong>. Ya sea para viajes largos o desplazamientos diarios, esta silla garantiza que tu hijo viaje protegido y c\u00f3modo.<\/p>\n<p>[\/vc_column_text][\/vc_column][\/vc_row]<\/p>\n<\/div>","protected":false},"excerpt":{"rendered":"<p>[vc_row][vc_column][vc_tta_tabs][vc_tta_section title=\u00bbDescripci\u00f3n\u00bb tab_id=\u00bb1576602137921-d1adbf41-d2bfcd79-3590a6b2-0059&#8243;][\/vc_tta_section][vc_tta_section title=\u00bbV\u00eddeo\u00bb tab_id=\u00bb1576602137934-e1609575-e072cd79-3590a6b2-0059&#8243;][\/vc_tta_section][vc_tta_section title=\u00bbPDFs\u00bb tab_id=\u00bb1580773967100-60b44549-b799a6b2-0059&#8243;][vc_btn title=\u00bbCasualplay Protector Fix\u00bb i_icon_fontawesome=\u00bb\u00bb add_icon=\u00bbtrue\u00bb link=\u00bburl:https%3A%2F%2Fwww.sunny-tots.com%2Fwp-content%2Fuploads%2F2021%2F05%2Fprotection.pdf|target:_blank\u00bb][\/vc_tta_section][\/vc_tta_tabs][vc_column_text css=\u00bb\u00bb]La silla de coche Protector es un&#8230;<\/p>\n","protected":false},"featured_media":32566,"template":"","meta":[],"product_brand":[],"product_cat":[367,201,373,471],"product_tag":[],"class_list":{"0":"post-34692","1":"product","2":"type-product","3":"status-publish","4":"has-post-thumbnail","6":"product_cat-en-la-carretera","7":"product_cat-going-out","8":"product_cat-seguridad","9":"product_cat-transporte-y-paseo","11":"first","12":"instock","13":"shipping-taxable","14":"purchasable","15":"product-type-redq_rental"},"yoast_head":"<!-- This site is optimized with the Yoast SEO plugin v27.1.1 - https:\/\/yoast.com\/product\/yoast-seo-wordpress\/ -->\n<title>Casualplay Protector Fix Silla de coche, grupos II y III - Sunny Tots : sillita coche<\/title>\n<meta name=\"description\" content=\"\u00bfViajas con ni\u00f1os? Viaja m\u00e1s c\u00f3modo con un ligero equipaje, alquilando tu sillita de coche para beb\u00e9. Te lo entregamos en tu lugar de vacaciones.\" \/>\n<meta name=\"robots\" content=\"index, follow, max-snippet:-1, max-image-preview:large, max-video-preview:-1\" \/>\n<link rel=\"canonical\" href=\"https:\/\/www.sunny-tots.com\/es\/producto\/casualplay-protector-fix-silla-de-coche-grupos-ii-y-iii\/\" \/>\n<meta property=\"og:locale\" content=\"es_ES\" \/>\n<meta property=\"og:type\" content=\"article\" \/>\n<meta property=\"og:title\" content=\"Casualplay Protector Fix Silla de coche, grupos II y III - Sunny Tots : sillita coche\" \/>\n<meta property=\"og:description\" content=\"\u00bfViajas con ni\u00f1os? Viaja m\u00e1s c\u00f3modo con un ligero equipaje, alquilando tu sillita de coche para beb\u00e9. Te lo entregamos en tu lugar de vacaciones.\" \/>\n<meta property=\"og:url\" content=\"https:\/\/www.sunny-tots.com\/es\/producto\/casualplay-protector-fix-silla-de-coche-grupos-ii-y-iii\/\" \/>\n<meta property=\"og:site_name\" content=\"Sunny Tots\" \/>\n<meta property=\"article:modified_time\" content=\"2025-09-24T13:15:28+00:00\" \/>\n<meta property=\"og:image\" content=\"https:\/\/www.sunny-tots.com\/wp-content\/uploads\/2021\/05\/Casualplay-Protector1.jpg\" \/>\n\t<meta property=\"og:image:width\" content=\"300\" \/>\n\t<meta property=\"og:image:height\" content=\"300\" \/>\n\t<meta property=\"og:image:type\" content=\"image\/jpeg\" \/>\n<meta name=\"twitter:card\" content=\"summary_large_image\" \/>\n<meta name=\"twitter:label1\" content=\"Tiempo de lectura\" \/>\n\t<meta name=\"twitter:data1\" content=\"2 minutos\" \/>\n<script type=\"application\/ld+json\" class=\"yoast-schema-graph\">{\"@context\":\"https:\/\/schema.org\",\"@graph\":[{\"@type\":\"WebPage\",\"@id\":\"https:\/\/www.sunny-tots.com\/es\/producto\/casualplay-protector-fix-silla-de-coche-grupos-ii-y-iii\/\",\"url\":\"https:\/\/www.sunny-tots.com\/es\/producto\/casualplay-protector-fix-silla-de-coche-grupos-ii-y-iii\/\",\"name\":\"Casualplay Protector Fix Silla de coche, grupos II y III - Sunny Tots : sillita coche\",\"isPartOf\":{\"@id\":\"https:\/\/www.sunny-tots.com\/es\/#website\"},\"primaryImageOfPage\":{\"@id\":\"https:\/\/www.sunny-tots.com\/es\/producto\/casualplay-protector-fix-silla-de-coche-grupos-ii-y-iii\/#primaryimage\"},\"image\":{\"@id\":\"https:\/\/www.sunny-tots.com\/es\/producto\/casualplay-protector-fix-silla-de-coche-grupos-ii-y-iii\/#primaryimage\"},\"thumbnailUrl\":\"https:\/\/www.sunny-tots.com\/wp-content\/uploads\/2021\/05\/Casualplay-Protector1.jpg\",\"datePublished\":\"2024-02-27T02:22:24+00:00\",\"dateModified\":\"2025-09-24T13:15:28+00:00\",\"description\":\"\u00bfViajas con ni\u00f1os? Viaja m\u00e1s c\u00f3modo con un ligero equipaje, alquilando tu sillita de coche para beb\u00e9. Te lo entregamos en tu lugar de vacaciones.\",\"breadcrumb\":{\"@id\":\"https:\/\/www.sunny-tots.com\/es\/producto\/casualplay-protector-fix-silla-de-coche-grupos-ii-y-iii\/#breadcrumb\"},\"inLanguage\":\"es\",\"potentialAction\":[{\"@type\":\"ReadAction\",\"target\":[\"https:\/\/www.sunny-tots.com\/es\/producto\/casualplay-protector-fix-silla-de-coche-grupos-ii-y-iii\/\"]}]},{\"@type\":\"ImageObject\",\"inLanguage\":\"es\",\"@id\":\"https:\/\/www.sunny-tots.com\/es\/producto\/casualplay-protector-fix-silla-de-coche-grupos-ii-y-iii\/#primaryimage\",\"url\":\"https:\/\/www.sunny-tots.com\/wp-content\/uploads\/2021\/05\/Casualplay-Protector1.jpg\",\"contentUrl\":\"https:\/\/www.sunny-tots.com\/wp-content\/uploads\/2021\/05\/Casualplay-Protector1.jpg\",\"width\":300,\"height\":300,\"caption\":\"rent baby stroller\"},{\"@type\":\"BreadcrumbList\",\"@id\":\"https:\/\/www.sunny-tots.com\/es\/producto\/casualplay-protector-fix-silla-de-coche-grupos-ii-y-iii\/#breadcrumb\",\"itemListElement\":[{\"@type\":\"ListItem\",\"position\":1,\"name\":\"Portada\",\"item\":\"https:\/\/www.sunny-tots.com\/es\/\"},{\"@type\":\"ListItem\",\"position\":2,\"name\":\"Shop\",\"item\":\"https:\/\/www.sunny-tots.com\/shop\/\"},{\"@type\":\"ListItem\",\"position\":3,\"name\":\"Casualplay Protector Fix Silla de coche, grupos II y III\"}]},{\"@type\":\"WebSite\",\"@id\":\"https:\/\/www.sunny-tots.com\/es\/#website\",\"url\":\"https:\/\/www.sunny-tots.com\/es\/\",\"name\":\"Sunny Tots\",\"description\":\"Strollers to rent and more baby equipment\",\"publisher\":{\"@id\":\"https:\/\/www.sunny-tots.com\/es\/#organization\"},\"potentialAction\":[{\"@type\":\"SearchAction\",\"target\":{\"@type\":\"EntryPoint\",\"urlTemplate\":\"https:\/\/www.sunny-tots.com\/es\/?s={search_term_string}\"},\"query-input\":{\"@type\":\"PropertyValueSpecification\",\"valueRequired\":true,\"valueName\":\"search_term_string\"}}],\"inLanguage\":\"es\"},{\"@type\":\"Organization\",\"@id\":\"https:\/\/www.sunny-tots.com\/es\/#organization\",\"name\":\"Sunny Tots\",\"url\":\"https:\/\/www.sunny-tots.com\/es\/\",\"logo\":{\"@type\":\"ImageObject\",\"inLanguage\":\"es\",\"@id\":\"https:\/\/www.sunny-tots.com\/es\/#\/schema\/logo\/image\/\",\"url\":\"https:\/\/www.sunny-tots.com\/wp-content\/uploads\/2020\/01\/Recurso-2@3x-1024x333_mail.png\",\"contentUrl\":\"https:\/\/www.sunny-tots.com\/wp-content\/uploads\/2020\/01\/Recurso-2@3x-1024x333_mail.png\",\"width\":350,\"height\":114,\"caption\":\"Sunny Tots\"},\"image\":{\"@id\":\"https:\/\/www.sunny-tots.com\/es\/#\/schema\/logo\/image\/\"}}]}<\/script>\n<!-- \/ Yoast SEO plugin. -->","yoast_head_json":{"title":"Casualplay Protector Fix Silla de coche, grupos II y III - Sunny Tots : sillita coche","description":"\u00bfViajas con ni\u00f1os? Viaja m\u00e1s c\u00f3modo con un ligero equipaje, alquilando tu sillita de coche para beb\u00e9. Te lo entregamos en tu lugar de vacaciones.","robots":{"index":"index","follow":"follow","max-snippet":"max-snippet:-1","max-image-preview":"max-image-preview:large","max-video-preview":"max-video-preview:-1"},"canonical":"https:\/\/www.sunny-tots.com\/es\/producto\/casualplay-protector-fix-silla-de-coche-grupos-ii-y-iii\/","og_locale":"es_ES","og_type":"article","og_title":"Casualplay Protector Fix Silla de coche, grupos II y III - Sunny Tots : sillita coche","og_description":"\u00bfViajas con ni\u00f1os? Viaja m\u00e1s c\u00f3modo con un ligero equipaje, alquilando tu sillita de coche para beb\u00e9. Te lo entregamos en tu lugar de vacaciones.","og_url":"https:\/\/www.sunny-tots.com\/es\/producto\/casualplay-protector-fix-silla-de-coche-grupos-ii-y-iii\/","og_site_name":"Sunny Tots","article_modified_time":"2025-09-24T13:15:28+00:00","og_image":[{"width":300,"height":300,"url":"https:\/\/www.sunny-tots.com\/wp-content\/uploads\/2021\/05\/Casualplay-Protector1.jpg","type":"image\/jpeg"}],"twitter_card":"summary_large_image","twitter_misc":{"Tiempo de lectura":"2 minutos"},"schema":{"@context":"https:\/\/schema.org","@graph":[{"@type":"WebPage","@id":"https:\/\/www.sunny-tots.com\/es\/producto\/casualplay-protector-fix-silla-de-coche-grupos-ii-y-iii\/","url":"https:\/\/www.sunny-tots.com\/es\/producto\/casualplay-protector-fix-silla-de-coche-grupos-ii-y-iii\/","name":"Casualplay Protector Fix Silla de coche, grupos II y III - Sunny Tots : sillita coche","isPartOf":{"@id":"https:\/\/www.sunny-tots.com\/es\/#website"},"primaryImageOfPage":{"@id":"https:\/\/www.sunny-tots.com\/es\/producto\/casualplay-protector-fix-silla-de-coche-grupos-ii-y-iii\/#primaryimage"},"image":{"@id":"https:\/\/www.sunny-tots.com\/es\/producto\/casualplay-protector-fix-silla-de-coche-grupos-ii-y-iii\/#primaryimage"},"thumbnailUrl":"https:\/\/www.sunny-tots.com\/wp-content\/uploads\/2021\/05\/Casualplay-Protector1.jpg","datePublished":"2024-02-27T02:22:24+00:00","dateModified":"2025-09-24T13:15:28+00:00","description":"\u00bfViajas con ni\u00f1os? Viaja m\u00e1s c\u00f3modo con un ligero equipaje, alquilando tu sillita de coche para beb\u00e9. Te lo entregamos en tu lugar de vacaciones.","breadcrumb":{"@id":"https:\/\/www.sunny-tots.com\/es\/producto\/casualplay-protector-fix-silla-de-coche-grupos-ii-y-iii\/#breadcrumb"},"inLanguage":"es","potentialAction":[{"@type":"ReadAction","target":["https:\/\/www.sunny-tots.com\/es\/producto\/casualplay-protector-fix-silla-de-coche-grupos-ii-y-iii\/"]}]},{"@type":"ImageObject","inLanguage":"es","@id":"https:\/\/www.sunny-tots.com\/es\/producto\/casualplay-protector-fix-silla-de-coche-grupos-ii-y-iii\/#primaryimage","url":"https:\/\/www.sunny-tots.com\/wp-content\/uploads\/2021\/05\/Casualplay-Protector1.jpg","contentUrl":"https:\/\/www.sunny-tots.com\/wp-content\/uploads\/2021\/05\/Casualplay-Protector1.jpg","width":300,"height":300,"caption":"rent baby stroller"},{"@type":"BreadcrumbList","@id":"https:\/\/www.sunny-tots.com\/es\/producto\/casualplay-protector-fix-silla-de-coche-grupos-ii-y-iii\/#breadcrumb","itemListElement":[{"@type":"ListItem","position":1,"name":"Portada","item":"https:\/\/www.sunny-tots.com\/es\/"},{"@type":"ListItem","position":2,"name":"Shop","item":"https:\/\/www.sunny-tots.com\/shop\/"},{"@type":"ListItem","position":3,"name":"Casualplay Protector Fix Silla de coche, grupos II y III"}]},{"@type":"WebSite","@id":"https:\/\/www.sunny-tots.com\/es\/#website","url":"https:\/\/www.sunny-tots.com\/es\/","name":"Sunny Tots","description":"Strollers to rent and more baby equipment","publisher":{"@id":"https:\/\/www.sunny-tots.com\/es\/#organization"},"potentialAction":[{"@type":"SearchAction","target":{"@type":"EntryPoint","urlTemplate":"https:\/\/www.sunny-tots.com\/es\/?s={search_term_string}"},"query-input":{"@type":"PropertyValueSpecification","valueRequired":true,"valueName":"search_term_string"}}],"inLanguage":"es"},{"@type":"Organization","@id":"https:\/\/www.sunny-tots.com\/es\/#organization","name":"Sunny Tots","url":"https:\/\/www.sunny-tots.com\/es\/","logo":{"@type":"ImageObject","inLanguage":"es","@id":"https:\/\/www.sunny-tots.com\/es\/#\/schema\/logo\/image\/","url":"https:\/\/www.sunny-tots.com\/wp-content\/uploads\/2020\/01\/Recurso-2@3x-1024x333_mail.png","contentUrl":"https:\/\/www.sunny-tots.com\/wp-content\/uploads\/2020\/01\/Recurso-2@3x-1024x333_mail.png","width":350,"height":114,"caption":"Sunny Tots"},"image":{"@id":"https:\/\/www.sunny-tots.com\/es\/#\/schema\/logo\/image\/"}}]}},"_links":{"self":[{"href":"https:\/\/www.sunny-tots.com\/es\/wp-json\/wp\/v2\/product\/34692","targetHints":{"allow":["GET"]}}],"collection":[{"href":"https:\/\/www.sunny-tots.com\/es\/wp-json\/wp\/v2\/product"}],"about":[{"href":"https:\/\/www.sunny-tots.com\/es\/wp-json\/wp\/v2\/types\/product"}],"wp:featuredmedia":[{"embeddable":true,"href":"https:\/\/www.sunny-tots.com\/es\/wp-json\/wp\/v2\/media\/32566"}],"wp:attachment":[{"href":"https:\/\/www.sunny-tots.com\/es\/wp-json\/wp\/v2\/media?parent=34692"}],"wp:term":[{"taxonomy":"product_brand","embeddable":true,"href":"https:\/\/www.sunny-tots.com\/es\/wp-json\/wp\/v2\/product_brand?post=34692"},{"taxonomy":"product_cat","embeddable":true,"href":"https:\/\/www.sunny-tots.com\/es\/wp-json\/wp\/v2\/product_cat?post=34692"},{"taxonomy":"product_tag","embeddable":true,"href":"https:\/\/www.sunny-tots.com\/es\/wp-json\/wp\/v2\/product_tag?post=34692"}],"curies":[{"name":"wp","href":"https:\/\/api.w.org\/{rel}","templated":true}]}}