{"id":34683,"date":"2020-09-20T17:16:27","date_gmt":"2024-02-27T02:08:06","guid":{"rendered":"https:\/\/sunny.softblue.es\/?post_type=product&#038;p=34683"},"modified":"2025-09-24T15:12:30","modified_gmt":"2025-09-24T13:12:30","slug":"cofre-de-techo-thule-touring","status":"publish","type":"product","link":"https:\/\/www.sunny-tots.com\/es\/producto\/cofre-de-techo-thule-touring\/","title":{"rendered":"Cofre de techo Thule Touring"},"content":{"rendered":"<div class=\"wpb-content-wrapper\"><p>[vc_row][vc_column][vc_tta_tabs][vc_tta_section title=\u00bbDescripci\u00f3n\u00bb tab_id=\u00bb1576602137921-d1adbf41-d2bfcd79-3590d700-102e\u00bb]<div class=\"gem-list\" ><ul>\n<li><strong>Descripci\u00f3n ficha t\u00e9cnica.<\/strong><\/li>\n<\/ul>\n<table>\n<tbody>\n<tr>\n<th>Volumen<\/th>\n<td>420 L<\/td>\n<\/tr>\n<tr>\n<th>Dimensiones externas<\/th>\n<td>196 x 78 x 43 cm<\/td>\n<\/tr>\n<tr>\n<th>Dimensiones internas<\/th>\n<td>190 x 73 x 39 cm<\/td>\n<\/tr>\n<tr>\n<th>Capacidad de carga<\/th>\n<td>50 kg<\/td>\n<\/tr>\n<tr>\n<th>Sistema de montaje<\/th>\n<td>FastClick<\/td>\n<\/tr>\n<tr>\n<th>Peso<\/th>\n<td>15 kg<\/td>\n<\/tr>\n<tr>\n<th>Sistema de bloqueo<\/th>\n<td>Central lock<\/td>\n<\/tr>\n<\/tbody>\n<\/table>\n<p>Necesita disponer de baca o barras de techo.<\/p>\n<h2 class=\"heading5\">Caracter\u00edsticas<\/h2>\n<ul>\n<li>Ajuste sencillo y seguro gracias al sistema de montaje r\u00e1pido FastClick con indicador de apriete integrado. Se ajusta a todo tipo de baca o modelo de\u00a0 barras de techo (no incluidas en el alquiler).<\/li>\n<li>Sistema de apertura DualSide para facilitar el montaje, la carga y la descarga.<\/li>\n<li>Sistema CentralLocking que proporciona la m\u00e1xima seguridad. La llave de f\u00e1cil uso Thule Comfort solo se puede quitar si todos los puntos de bloqueo est\u00e1n cerrados.<\/li>\n<\/ul>\n<p>&nbsp;<\/p>\n<p data-start=\"537\" data-end=\"817\">El <strong data-start=\"540\" data-end=\"572\">cofre de techo Thule Touring<\/strong> es la opci\u00f3n ideal para quienes necesitan espacio extra de carga en sus viajes. Gracias a su dise\u00f1o robusto y funcional, combina volumen, seguridad y f\u00e1cil manejo, convirti\u00e9ndose en el accesorio perfecto para coches con barras portaequipajes.<\/p>\n<p data-start=\"819\" data-end=\"1218\">Con una capacidad aproximada de <strong data-start=\"851\" data-end=\"865\">420 litros<\/strong> y una carga m\u00e1xima permitida de <strong data-start=\"898\" data-end=\"907\">50 kg<\/strong>, este modelo ofrece espacio suficiente para maletas, equipos deportivos, material de camping y m\u00e1s. Su sistema de montaje <strong data-start=\"1030\" data-end=\"1043\">FastClick<\/strong> permite una instalaci\u00f3n \u00e1gil y segura en la mayor\u00eda de las barras de techo, con indicadores de par para garantizar el ajuste correcto. <span class=\"\" data-state=\"closed\"><span class=\"ms-1 inline-flex max-w-full items-center relative top-[-0.094rem] animate-[show_150ms_ease-in]\" data-testid=\"webpage-citation-pill\"><a class=\"flex h-4.5 overflow-hidden rounded-xl px-2 text-[9px] font-medium transition-colors duration-150 ease-in-out text-token-text-secondary! bg-[#F4F4F4]! dark:bg-[#303030]!\" href=\"https:\/\/www.thule.com\/en-ro\/cargo-carrier\/car-top-carrier\/thule-touring-l-_-634800?utm_source=chatgpt.com\" target=\"_blank\" rel=\"noopener\"><span class=\"relative start-0 bottom-0 flex h-full w-full items-center\"><span class=\"flex h-4 w-full items-center justify-between\"><span class=\"max-w-[15ch] grow truncate overflow-hidden text-center\">thule.com<\/span><span class=\"-me-1 flex h-full items-center rounded-full px-1 text-[#8F8F8F]\">+1<\/span><\/span><\/span><\/a><\/span><\/span><\/p>\n<p data-start=\"1220\" data-end=\"1446\">Una caracter\u00edstica destacable es su apertura <strong data-start=\"1265\" data-end=\"1277\">DualSide<\/strong>, que facilita cargar y descargar desde ambos lados del veh\u00edculo, ideal cuando tienes que acceder al cofre en espacios reducidos.<\/p>\n<\/div>[\/vc_tta_section][vc_tta_section title=\u00bbV\u00eddeo\u00bb tab_id=\u00bb1576602137934-e1609575-e072cd79-3590d700-102e\u00bb]<div class=\"gem-youtube gem-wrapbox gem-wrapbox-style-no-style rounded-corners gem-wrapbox-position-below\" style=\"width: 500px;\"><div class=\"gem-wrapbox-inner gem-ratio-style\" style=\"padding-top: 56.25%\"><iframe class=\"gem-wrapbox-element img-responsive\" width=\"500px\" height=\"350\" allowfullscreen=\"allowfullscreen\" frameborder=\"0\" scrolling=\"no\" marginheight=\"0\" marginwidth=\"0\" src=\"\/\/www.youtube.com\/embed\/eIfUdgkG_qU?rel=0&amp;wmode=opaque\"><\/iframe><\/div><\/div>[\/vc_tta_section][vc_tta_section title=\u00bbPDFs\u00bb tab_id=\u00bb1580773967100-60b44549-b799d700-102e\u00bb][vc_btn title=\u00bbThule Touring\u00bb i_icon_fontawesome=\u00bb\u00bb add_icon=\u00bbtrue\u00bb link=\u00bburl:https%3A%2F%2Fwww.sunny-tots.com%2Fwp-content%2Fuploads%2F2020%2F09%2FThule_Touring_0918.pdf||target:%20_blank|\u00bb][\/vc_tta_section][\/vc_tta_tabs][\/vc_column][\/vc_row]<\/p>\n<\/div>","protected":false},"excerpt":{"rendered":"<p>[vc_row][vc_column][vc_tta_tabs][vc_tta_section title=\u00bbDescripci\u00f3n\u00bb tab_id=\u00bb1576602137921-d1adbf41-d2bfcd79-3590d700-102e\u00bb][\/vc_tta_section][vc_tta_section title=\u00bbV\u00eddeo\u00bb tab_id=\u00bb1576602137934-e1609575-e072cd79-3590d700-102e\u00bb][\/vc_tta_section][vc_tta_section title=\u00bbPDFs\u00bb tab_id=\u00bb1580773967100-60b44549-b799d700-102e\u00bb][vc_btn title=\u00bbThule Touring\u00bb i_icon_fontawesome=\u00bb\u00bb add_icon=\u00bbtrue\u00bb link=\u00bburl:https%3A%2F%2Fwww.sunny-tots.com%2Fwp-content%2Fuploads%2F2020%2F09%2FThule_Touring_0918.pdf||target:%20_blank|\u00bb][\/vc_tta_section][\/vc_tta_tabs][\/vc_column][\/vc_row]<\/p>\n","protected":false},"featured_media":32531,"template":"","meta":[],"product_brand":[],"product_cat":[367,373,471],"product_tag":[],"class_list":{"0":"post-34683","1":"product","2":"type-product","3":"status-publish","4":"has-post-thumbnail","6":"product_cat-en-la-carretera","7":"product_cat-seguridad","8":"product_cat-transporte-y-paseo","10":"first","11":"instock","12":"shipping-taxable","13":"purchasable","14":"product-type-redq_rental"},"yoast_head":"<!-- This site is optimized with the Yoast SEO plugin v27.1.1 - https:\/\/yoast.com\/product\/yoast-seo-wordpress\/ -->\n<title>Cofre de techo Thule Touring : Alquiler de cofres de techo<\/title>\n<meta name=\"description\" content=\"\u00bfViajas con ni\u00f1os? Viaja m\u00e1s c\u00f3modo con todo tu equipaje, alquilando Cofre de techo. Te lo entregamos donde quieras.\" \/>\n<meta name=\"robots\" content=\"index, follow, max-snippet:-1, max-image-preview:large, max-video-preview:-1\" \/>\n<link rel=\"canonical\" href=\"https:\/\/www.sunny-tots.com\/es\/producto\/cofre-de-techo-thule-touring\/\" \/>\n<meta property=\"og:locale\" content=\"es_ES\" \/>\n<meta property=\"og:type\" content=\"article\" \/>\n<meta property=\"og:title\" content=\"Cofre de techo Thule Touring : Alquiler de cofres de techo\" \/>\n<meta property=\"og:description\" content=\"\u00bfViajas con ni\u00f1os? Viaja m\u00e1s c\u00f3modo con todo tu equipaje, alquilando Cofre de techo. Te lo entregamos donde quieras.\" \/>\n<meta property=\"og:url\" content=\"https:\/\/www.sunny-tots.com\/es\/producto\/cofre-de-techo-thule-touring\/\" \/>\n<meta property=\"og:site_name\" content=\"Sunny Tots\" \/>\n<meta property=\"article:modified_time\" content=\"2025-09-24T13:12:30+00:00\" \/>\n<meta property=\"og:image\" content=\"https:\/\/www.sunny-tots.com\/wp-content\/uploads\/2020\/09\/cofre-de-techo_01.jpg\" \/>\n\t<meta property=\"og:image:width\" content=\"750\" \/>\n\t<meta property=\"og:image:height\" content=\"750\" \/>\n\t<meta property=\"og:image:type\" content=\"image\/jpeg\" \/>\n<meta name=\"twitter:card\" content=\"summary_large_image\" \/>\n<meta name=\"twitter:label1\" content=\"Tiempo de lectura\" \/>\n\t<meta name=\"twitter:data1\" content=\"2 minutos\" \/>\n<script type=\"application\/ld+json\" class=\"yoast-schema-graph\">{\"@context\":\"https:\/\/schema.org\",\"@graph\":[{\"@type\":\"WebPage\",\"@id\":\"https:\/\/www.sunny-tots.com\/es\/producto\/cofre-de-techo-thule-touring\/\",\"url\":\"https:\/\/www.sunny-tots.com\/es\/producto\/cofre-de-techo-thule-touring\/\",\"name\":\"Cofre de techo Thule Touring : Alquiler de cofres de techo\",\"isPartOf\":{\"@id\":\"https:\/\/www.sunny-tots.com\/es\/#website\"},\"primaryImageOfPage\":{\"@id\":\"https:\/\/www.sunny-tots.com\/es\/producto\/cofre-de-techo-thule-touring\/#primaryimage\"},\"image\":{\"@id\":\"https:\/\/www.sunny-tots.com\/es\/producto\/cofre-de-techo-thule-touring\/#primaryimage\"},\"thumbnailUrl\":\"https:\/\/www.sunny-tots.com\/wp-content\/uploads\/2020\/09\/cofre-de-techo_01.jpg\",\"datePublished\":\"2024-02-27T02:08:06+00:00\",\"dateModified\":\"2025-09-24T13:12:30+00:00\",\"description\":\"\u00bfViajas con ni\u00f1os? Viaja m\u00e1s c\u00f3modo con todo tu equipaje, alquilando Cofre de techo. Te lo entregamos donde quieras.\",\"breadcrumb\":{\"@id\":\"https:\/\/www.sunny-tots.com\/es\/producto\/cofre-de-techo-thule-touring\/#breadcrumb\"},\"inLanguage\":\"es\",\"potentialAction\":[{\"@type\":\"ReadAction\",\"target\":[\"https:\/\/www.sunny-tots.com\/es\/producto\/cofre-de-techo-thule-touring\/\"]}]},{\"@type\":\"ImageObject\",\"inLanguage\":\"es\",\"@id\":\"https:\/\/www.sunny-tots.com\/es\/producto\/cofre-de-techo-thule-touring\/#primaryimage\",\"url\":\"https:\/\/www.sunny-tots.com\/wp-content\/uploads\/2020\/09\/cofre-de-techo_01.jpg\",\"contentUrl\":\"https:\/\/www.sunny-tots.com\/wp-content\/uploads\/2020\/09\/cofre-de-techo_01.jpg\",\"width\":750,\"height\":750,\"caption\":\"rent roof box\"},{\"@type\":\"BreadcrumbList\",\"@id\":\"https:\/\/www.sunny-tots.com\/es\/producto\/cofre-de-techo-thule-touring\/#breadcrumb\",\"itemListElement\":[{\"@type\":\"ListItem\",\"position\":1,\"name\":\"Portada\",\"item\":\"https:\/\/www.sunny-tots.com\/es\/\"},{\"@type\":\"ListItem\",\"position\":2,\"name\":\"Shop\",\"item\":\"https:\/\/www.sunny-tots.com\/shop\/\"},{\"@type\":\"ListItem\",\"position\":3,\"name\":\"Cofre de techo Thule Touring\"}]},{\"@type\":\"WebSite\",\"@id\":\"https:\/\/www.sunny-tots.com\/es\/#website\",\"url\":\"https:\/\/www.sunny-tots.com\/es\/\",\"name\":\"Sunny Tots\",\"description\":\"Strollers to rent and more baby equipment\",\"publisher\":{\"@id\":\"https:\/\/www.sunny-tots.com\/es\/#organization\"},\"potentialAction\":[{\"@type\":\"SearchAction\",\"target\":{\"@type\":\"EntryPoint\",\"urlTemplate\":\"https:\/\/www.sunny-tots.com\/es\/?s={search_term_string}\"},\"query-input\":{\"@type\":\"PropertyValueSpecification\",\"valueRequired\":true,\"valueName\":\"search_term_string\"}}],\"inLanguage\":\"es\"},{\"@type\":\"Organization\",\"@id\":\"https:\/\/www.sunny-tots.com\/es\/#organization\",\"name\":\"Sunny Tots\",\"url\":\"https:\/\/www.sunny-tots.com\/es\/\",\"logo\":{\"@type\":\"ImageObject\",\"inLanguage\":\"es\",\"@id\":\"https:\/\/www.sunny-tots.com\/es\/#\/schema\/logo\/image\/\",\"url\":\"https:\/\/www.sunny-tots.com\/wp-content\/uploads\/2020\/01\/Recurso-2@3x-1024x333_mail.png\",\"contentUrl\":\"https:\/\/www.sunny-tots.com\/wp-content\/uploads\/2020\/01\/Recurso-2@3x-1024x333_mail.png\",\"width\":350,\"height\":114,\"caption\":\"Sunny Tots\"},\"image\":{\"@id\":\"https:\/\/www.sunny-tots.com\/es\/#\/schema\/logo\/image\/\"}}]}<\/script>\n<!-- \/ Yoast SEO plugin. -->","yoast_head_json":{"title":"Cofre de techo Thule Touring : Alquiler de cofres de techo","description":"\u00bfViajas con ni\u00f1os? Viaja m\u00e1s c\u00f3modo con todo tu equipaje, alquilando Cofre de techo. Te lo entregamos donde quieras.","robots":{"index":"index","follow":"follow","max-snippet":"max-snippet:-1","max-image-preview":"max-image-preview:large","max-video-preview":"max-video-preview:-1"},"canonical":"https:\/\/www.sunny-tots.com\/es\/producto\/cofre-de-techo-thule-touring\/","og_locale":"es_ES","og_type":"article","og_title":"Cofre de techo Thule Touring : Alquiler de cofres de techo","og_description":"\u00bfViajas con ni\u00f1os? Viaja m\u00e1s c\u00f3modo con todo tu equipaje, alquilando Cofre de techo. Te lo entregamos donde quieras.","og_url":"https:\/\/www.sunny-tots.com\/es\/producto\/cofre-de-techo-thule-touring\/","og_site_name":"Sunny Tots","article_modified_time":"2025-09-24T13:12:30+00:00","og_image":[{"width":750,"height":750,"url":"https:\/\/www.sunny-tots.com\/wp-content\/uploads\/2020\/09\/cofre-de-techo_01.jpg","type":"image\/jpeg"}],"twitter_card":"summary_large_image","twitter_misc":{"Tiempo de lectura":"2 minutos"},"schema":{"@context":"https:\/\/schema.org","@graph":[{"@type":"WebPage","@id":"https:\/\/www.sunny-tots.com\/es\/producto\/cofre-de-techo-thule-touring\/","url":"https:\/\/www.sunny-tots.com\/es\/producto\/cofre-de-techo-thule-touring\/","name":"Cofre de techo Thule Touring : Alquiler de cofres de techo","isPartOf":{"@id":"https:\/\/www.sunny-tots.com\/es\/#website"},"primaryImageOfPage":{"@id":"https:\/\/www.sunny-tots.com\/es\/producto\/cofre-de-techo-thule-touring\/#primaryimage"},"image":{"@id":"https:\/\/www.sunny-tots.com\/es\/producto\/cofre-de-techo-thule-touring\/#primaryimage"},"thumbnailUrl":"https:\/\/www.sunny-tots.com\/wp-content\/uploads\/2020\/09\/cofre-de-techo_01.jpg","datePublished":"2024-02-27T02:08:06+00:00","dateModified":"2025-09-24T13:12:30+00:00","description":"\u00bfViajas con ni\u00f1os? Viaja m\u00e1s c\u00f3modo con todo tu equipaje, alquilando Cofre de techo. Te lo entregamos donde quieras.","breadcrumb":{"@id":"https:\/\/www.sunny-tots.com\/es\/producto\/cofre-de-techo-thule-touring\/#breadcrumb"},"inLanguage":"es","potentialAction":[{"@type":"ReadAction","target":["https:\/\/www.sunny-tots.com\/es\/producto\/cofre-de-techo-thule-touring\/"]}]},{"@type":"ImageObject","inLanguage":"es","@id":"https:\/\/www.sunny-tots.com\/es\/producto\/cofre-de-techo-thule-touring\/#primaryimage","url":"https:\/\/www.sunny-tots.com\/wp-content\/uploads\/2020\/09\/cofre-de-techo_01.jpg","contentUrl":"https:\/\/www.sunny-tots.com\/wp-content\/uploads\/2020\/09\/cofre-de-techo_01.jpg","width":750,"height":750,"caption":"rent roof box"},{"@type":"BreadcrumbList","@id":"https:\/\/www.sunny-tots.com\/es\/producto\/cofre-de-techo-thule-touring\/#breadcrumb","itemListElement":[{"@type":"ListItem","position":1,"name":"Portada","item":"https:\/\/www.sunny-tots.com\/es\/"},{"@type":"ListItem","position":2,"name":"Shop","item":"https:\/\/www.sunny-tots.com\/shop\/"},{"@type":"ListItem","position":3,"name":"Cofre de techo Thule Touring"}]},{"@type":"WebSite","@id":"https:\/\/www.sunny-tots.com\/es\/#website","url":"https:\/\/www.sunny-tots.com\/es\/","name":"Sunny Tots","description":"Strollers to rent and more baby equipment","publisher":{"@id":"https:\/\/www.sunny-tots.com\/es\/#organization"},"potentialAction":[{"@type":"SearchAction","target":{"@type":"EntryPoint","urlTemplate":"https:\/\/www.sunny-tots.com\/es\/?s={search_term_string}"},"query-input":{"@type":"PropertyValueSpecification","valueRequired":true,"valueName":"search_term_string"}}],"inLanguage":"es"},{"@type":"Organization","@id":"https:\/\/www.sunny-tots.com\/es\/#organization","name":"Sunny Tots","url":"https:\/\/www.sunny-tots.com\/es\/","logo":{"@type":"ImageObject","inLanguage":"es","@id":"https:\/\/www.sunny-tots.com\/es\/#\/schema\/logo\/image\/","url":"https:\/\/www.sunny-tots.com\/wp-content\/uploads\/2020\/01\/Recurso-2@3x-1024x333_mail.png","contentUrl":"https:\/\/www.sunny-tots.com\/wp-content\/uploads\/2020\/01\/Recurso-2@3x-1024x333_mail.png","width":350,"height":114,"caption":"Sunny Tots"},"image":{"@id":"https:\/\/www.sunny-tots.com\/es\/#\/schema\/logo\/image\/"}}]}},"_links":{"self":[{"href":"https:\/\/www.sunny-tots.com\/es\/wp-json\/wp\/v2\/product\/34683","targetHints":{"allow":["GET"]}}],"collection":[{"href":"https:\/\/www.sunny-tots.com\/es\/wp-json\/wp\/v2\/product"}],"about":[{"href":"https:\/\/www.sunny-tots.com\/es\/wp-json\/wp\/v2\/types\/product"}],"wp:featuredmedia":[{"embeddable":true,"href":"https:\/\/www.sunny-tots.com\/es\/wp-json\/wp\/v2\/media\/32531"}],"wp:attachment":[{"href":"https:\/\/www.sunny-tots.com\/es\/wp-json\/wp\/v2\/media?parent=34683"}],"wp:term":[{"taxonomy":"product_brand","embeddable":true,"href":"https:\/\/www.sunny-tots.com\/es\/wp-json\/wp\/v2\/product_brand?post=34683"},{"taxonomy":"product_cat","embeddable":true,"href":"https:\/\/www.sunny-tots.com\/es\/wp-json\/wp\/v2\/product_cat?post=34683"},{"taxonomy":"product_tag","embeddable":true,"href":"https:\/\/www.sunny-tots.com\/es\/wp-json\/wp\/v2\/product_tag?post=34683"}],"curies":[{"name":"wp","href":"https:\/\/api.w.org\/{rel}","templated":true}]}}