{"id":34677,"date":"2023-03-10T13:17:15","date_gmt":"2024-02-27T02:01:33","guid":{"rendered":"https:\/\/sunny.softblue.es\/?post_type=product&#038;p=34677"},"modified":"2025-09-24T20:10:39","modified_gmt":"2025-09-24T18:10:39","slug":"extension-16-cm-para-barrera-de-seguridad-geuther","status":"publish","type":"product","link":"https:\/\/www.sunny-tots.com\/es\/producto\/extension-16-cm-para-barrera-de-seguridad-geuther\/","title":{"rendered":"Extensi\u00f3n 16 cm. para Barrera de Seguridad Geuther"},"content":{"rendered":"<div class=\"wpb-content-wrapper\"><p>[vc_row][vc_column][vc_tta_tabs][vc_tta_section title=\u00bbDescripci\u00f3n\u00bb tab_id=\u00bb1576602137921-d1adbf41-d2bf40d4-e7c1cd3b-654d\u00bb][vc_column_text css=\u00bb\u00bb]<\/p>\n<ul>\n<li>Adecuado para nuestras puertas de Seguridad Geuther.<\/li>\n<li>Se obtiene 16 cm adicionales por cada lado<\/li>\n<li>Conexi\u00f3n push-in, segura, f\u00e1cil instalaci\u00f3n, sin taladros<\/li>\n<li>Extensi\u00f3n de hasta 32 cm con 2 piezas (m\u00e1ximo 2 extensiones por cada puerta)<\/li>\n<\/ul>\n<p data-start=\"584\" data-end=\"927\">La <strong data-start=\"587\" data-end=\"643\">Extensi\u00f3n de 16 cm para Barrera de Seguridad Geuther<\/strong> es la soluci\u00f3n ideal para ampliar el alcance de tu barrera Geuther, permiti\u00e9ndote adaptarla a espacios m\u00e1s amplios sin comprometer la seguridad. Fabricada con materiales de alta calidad, esta extensi\u00f3n es f\u00e1cil de instalar y ofrece una conexi\u00f3n segura sin necesidad de perforaciones.<\/p>\n<h3 data-start=\"929\" data-end=\"959\">Caracter\u00edsticas destacadas<\/h3>\n<ul data-start=\"961\" data-end=\"1485\">\n<li data-start=\"961\" data-end=\"1033\">\n<p data-start=\"963\" data-end=\"1033\"><strong data-start=\"963\" data-end=\"982\">Ajuste perfecto<\/strong>: ampl\u00eda tu barrera Geuther en 16 cm por cada lado.<\/p>\n<\/li>\n<li data-start=\"1034\" data-end=\"1141\">\n<p data-start=\"1036\" data-end=\"1141\"><strong data-start=\"1036\" data-end=\"1064\">Instalaci\u00f3n sin taladrar<\/strong>: conexi\u00f3n segura mediante sistema de presi\u00f3n, evitando da\u00f1os en las paredes.<\/p>\n<\/li>\n<li data-start=\"1142\" data-end=\"1258\">\n<p data-start=\"1144\" data-end=\"1258\"><strong data-start=\"1144\" data-end=\"1162\">Compatibilidad<\/strong>: dise\u00f1ada para ser utilizada con las barreras de seguridad Geuther ajustables entre 68 y 76 cm.<\/p>\n<\/li>\n<li data-start=\"1259\" data-end=\"1387\">\n<p data-start=\"1261\" data-end=\"1387\"><strong data-start=\"1261\" data-end=\"1287\">Uso m\u00e1ximo recomendado<\/strong>: se pueden utilizar hasta 2 extensiones por cada barrera, alcanzando un total de 32 cm adicionales.<\/p>\n<\/li>\n<li data-start=\"1388\" data-end=\"1485\">\n<p data-start=\"1390\" data-end=\"1485\"><strong data-start=\"1390\" data-end=\"1408\">Dise\u00f1o robusto<\/strong>: fabricada con materiales duraderos para garantizar la seguridad de tu beb\u00e9.<\/p>\n<\/li>\n<\/ul>\n<h3 data-start=\"1487\" data-end=\"1552\">Ventajas de elegir la Extensi\u00f3n de 16 cm para Barrera Geuther<\/h3>\n<ul data-start=\"1554\" data-end=\"1929\">\n<li data-start=\"1554\" data-end=\"1661\">\n<p data-start=\"1556\" data-end=\"1661\"><strong data-start=\"1556\" data-end=\"1572\">Versatilidad<\/strong>: adapta tu barrera a diferentes tama\u00f1os de espacios sin necesidad de adquirir una nueva.<\/p>\n<\/li>\n<li data-start=\"1662\" data-end=\"1750\">\n<p data-start=\"1664\" data-end=\"1750\"><strong data-start=\"1664\" data-end=\"1685\">F\u00e1cil instalaci\u00f3n<\/strong>: sin herramientas ni perforaciones, ahorrando tiempo y esfuerzo.<\/p>\n<\/li>\n<li data-start=\"1751\" data-end=\"1842\">\n<p data-start=\"1753\" data-end=\"1842\"><strong data-start=\"1753\" data-end=\"1766\">Econ\u00f3mica<\/strong>: al ser un producto de alquiler, solo pagas por el tiempo que lo necesites.<\/p>\n<\/li>\n<li data-start=\"1843\" data-end=\"1929\">\n<p data-start=\"1845\" data-end=\"1929\"><strong data-start=\"1845\" data-end=\"1870\">Seguridad garantizada<\/strong>: cumple con las normativas europeas de seguridad infantil.<\/p>\n<\/li>\n<\/ul>\n<p data-start=\"1931\" data-end=\"2104\">Esta extensi\u00f3n es ideal para quienes buscan una soluci\u00f3n temporal y funcional para adaptar su barrera Geuther a espacios m\u00e1s amplios sin comprometer la seguridad de su beb\u00e9.<\/p>\n<p>[\/vc_column_text][\/vc_tta_section][vc_tta_section title=\u00bbV\u00eddeo\u00bb tab_id=\u00bb1576602137934-e1609575-e07240d4-e7c1cd3b-654d\u00bb]<div class=\"gem-youtube gem-wrapbox gem-wrapbox-style-no-style rounded-corners gem-wrapbox-position-below\" style=\"width: 500px;\"><div class=\"gem-wrapbox-inner gem-ratio-style\" style=\"padding-top: 56.25%\"><iframe class=\"gem-wrapbox-element img-responsive\" width=\"500px\" height=\"350\" allowfullscreen=\"allowfullscreen\" frameborder=\"0\" scrolling=\"no\" marginheight=\"0\" marginwidth=\"0\" src=\"\/\/www.youtube.com\/embed\/37ryy0aD2ho?rel=0&amp;wmode=opaque\"><\/iframe><\/div><\/div>[\/vc_tta_section][vc_tta_section title=\u00bbPDFs\u00bb tab_id=\u00bb1580773946658-922cb746-86c8cd3b-654d\u00bb][vc_btn title=\u00bbInstrucciones\u00bb i_icon_fontawesome=\u00bb\u00bb add_icon=\u00bbtrue\u00bb link=\u00bburl:https%3A%2F%2Fwww.sunny-tots.com%2Fwp-content%2Fuploads%2F2023%2F03%2FC_Users_usuario_Desktop_C_Users_usuario_Desktop_Warning.pdf|target:_blank\u00bb][\/vc_tta_section][\/vc_tta_tabs][\/vc_column][\/vc_row]<\/p>\n<\/div>","protected":false},"excerpt":{"rendered":"<p>[vc_row][vc_column][vc_tta_tabs][vc_tta_section title=\u00bbDescripci\u00f3n\u00bb tab_id=\u00bb1576602137921-d1adbf41-d2bf40d4-e7c1cd3b-654d\u00bb][vc_column_text css=\u00bb\u00bb] Adecuado para nuestras puertas de Seguridad Geuther. Se obtiene 16 cm adicionales por cada lado Conexi\u00f3n&#8230;<\/p>\n","protected":false},"featured_media":33831,"template":"","meta":[],"product_brand":[],"product_cat":[472,363,375,373],"product_tag":[],"class_list":{"0":"post-34677","1":"product","2":"type-product","3":"status-publish","4":"has-post-thumbnail","6":"product_cat-descanso-y-sueno","7":"product_cat-en-casa","8":"product_cat-hora-de-dormir","9":"product_cat-seguridad","11":"first","12":"instock","13":"shipping-taxable","14":"purchasable","15":"product-type-redq_rental"},"yoast_head":"<!-- This site is optimized with the Yoast SEO plugin v27.1.1 - https:\/\/yoast.com\/product\/yoast-seo-wordpress\/ -->\n<title>Extensi\u00f3n 16 cm. para Barrera de Seguridad Geuther<\/title>\n<meta name=\"description\" content=\"\u00bfViajas con ni\u00f1os? alquila una barrera de seguridad para las escaleras para tu bebe. Te lo entregamos en tu lugar de vacaciones.\" \/>\n<meta name=\"robots\" content=\"index, follow, max-snippet:-1, max-image-preview:large, max-video-preview:-1\" \/>\n<link rel=\"canonical\" href=\"https:\/\/www.sunny-tots.com\/es\/producto\/extension-16-cm-para-barrera-de-seguridad-geuther\/\" \/>\n<meta property=\"og:locale\" content=\"es_ES\" \/>\n<meta property=\"og:type\" content=\"article\" \/>\n<meta property=\"og:title\" content=\"Extensi\u00f3n 16 cm. para Barrera de Seguridad Geuther\" \/>\n<meta property=\"og:description\" content=\"\u00bfViajas con ni\u00f1os? alquila una barrera de seguridad para las escaleras para tu bebe. Te lo entregamos en tu lugar de vacaciones.\" \/>\n<meta property=\"og:url\" content=\"https:\/\/www.sunny-tots.com\/es\/producto\/extension-16-cm-para-barrera-de-seguridad-geuther\/\" \/>\n<meta property=\"og:site_name\" content=\"Sunny Tots\" \/>\n<meta property=\"article:modified_time\" content=\"2025-09-24T18:10:39+00:00\" \/>\n<meta property=\"og:image\" content=\"https:\/\/www.sunny-tots.com\/wp-content\/uploads\/2023\/03\/001-51RpuJiiNaL._AC_UL600_SR600600_.jpg\" \/>\n\t<meta property=\"og:image:width\" content=\"600\" \/>\n\t<meta property=\"og:image:height\" content=\"600\" \/>\n\t<meta property=\"og:image:type\" content=\"image\/jpeg\" \/>\n<meta name=\"twitter:card\" content=\"summary_large_image\" \/>\n<meta name=\"twitter:label1\" content=\"Tiempo de lectura\" \/>\n\t<meta name=\"twitter:data1\" content=\"2 minutos\" \/>\n<script type=\"application\/ld+json\" class=\"yoast-schema-graph\">{\"@context\":\"https:\/\/schema.org\",\"@graph\":[{\"@type\":\"WebPage\",\"@id\":\"https:\/\/www.sunny-tots.com\/es\/producto\/extension-16-cm-para-barrera-de-seguridad-geuther\/\",\"url\":\"https:\/\/www.sunny-tots.com\/es\/producto\/extension-16-cm-para-barrera-de-seguridad-geuther\/\",\"name\":\"Extensi\u00f3n 16 cm. para Barrera de Seguridad Geuther\",\"isPartOf\":{\"@id\":\"https:\/\/www.sunny-tots.com\/es\/#website\"},\"primaryImageOfPage\":{\"@id\":\"https:\/\/www.sunny-tots.com\/es\/producto\/extension-16-cm-para-barrera-de-seguridad-geuther\/#primaryimage\"},\"image\":{\"@id\":\"https:\/\/www.sunny-tots.com\/es\/producto\/extension-16-cm-para-barrera-de-seguridad-geuther\/#primaryimage\"},\"thumbnailUrl\":\"https:\/\/www.sunny-tots.com\/wp-content\/uploads\/2023\/03\/001-51RpuJiiNaL._AC_UL600_SR600600_.jpg\",\"datePublished\":\"2024-02-27T02:01:33+00:00\",\"dateModified\":\"2025-09-24T18:10:39+00:00\",\"description\":\"\u00bfViajas con ni\u00f1os? alquila una barrera de seguridad para las escaleras para tu bebe. Te lo entregamos en tu lugar de vacaciones.\",\"breadcrumb\":{\"@id\":\"https:\/\/www.sunny-tots.com\/es\/producto\/extension-16-cm-para-barrera-de-seguridad-geuther\/#breadcrumb\"},\"inLanguage\":\"es\",\"potentialAction\":[{\"@type\":\"ReadAction\",\"target\":[\"https:\/\/www.sunny-tots.com\/es\/producto\/extension-16-cm-para-barrera-de-seguridad-geuther\/\"]}]},{\"@type\":\"ImageObject\",\"inLanguage\":\"es\",\"@id\":\"https:\/\/www.sunny-tots.com\/es\/producto\/extension-16-cm-para-barrera-de-seguridad-geuther\/#primaryimage\",\"url\":\"https:\/\/www.sunny-tots.com\/wp-content\/uploads\/2023\/03\/001-51RpuJiiNaL._AC_UL600_SR600600_.jpg\",\"contentUrl\":\"https:\/\/www.sunny-tots.com\/wp-content\/uploads\/2023\/03\/001-51RpuJiiNaL._AC_UL600_SR600600_.jpg\",\"width\":600,\"height\":600,\"caption\":\"rent Geuther Stair-Safety Gate\"},{\"@type\":\"BreadcrumbList\",\"@id\":\"https:\/\/www.sunny-tots.com\/es\/producto\/extension-16-cm-para-barrera-de-seguridad-geuther\/#breadcrumb\",\"itemListElement\":[{\"@type\":\"ListItem\",\"position\":1,\"name\":\"Portada\",\"item\":\"https:\/\/www.sunny-tots.com\/es\/\"},{\"@type\":\"ListItem\",\"position\":2,\"name\":\"Shop\",\"item\":\"https:\/\/www.sunny-tots.com\/shop\/\"},{\"@type\":\"ListItem\",\"position\":3,\"name\":\"Extensi\u00f3n 16 cm. para Barrera de Seguridad Geuther\"}]},{\"@type\":\"WebSite\",\"@id\":\"https:\/\/www.sunny-tots.com\/es\/#website\",\"url\":\"https:\/\/www.sunny-tots.com\/es\/\",\"name\":\"Sunny Tots\",\"description\":\"Strollers to rent and more baby equipment\",\"publisher\":{\"@id\":\"https:\/\/www.sunny-tots.com\/es\/#organization\"},\"potentialAction\":[{\"@type\":\"SearchAction\",\"target\":{\"@type\":\"EntryPoint\",\"urlTemplate\":\"https:\/\/www.sunny-tots.com\/es\/?s={search_term_string}\"},\"query-input\":{\"@type\":\"PropertyValueSpecification\",\"valueRequired\":true,\"valueName\":\"search_term_string\"}}],\"inLanguage\":\"es\"},{\"@type\":\"Organization\",\"@id\":\"https:\/\/www.sunny-tots.com\/es\/#organization\",\"name\":\"Sunny Tots\",\"url\":\"https:\/\/www.sunny-tots.com\/es\/\",\"logo\":{\"@type\":\"ImageObject\",\"inLanguage\":\"es\",\"@id\":\"https:\/\/www.sunny-tots.com\/es\/#\/schema\/logo\/image\/\",\"url\":\"https:\/\/www.sunny-tots.com\/wp-content\/uploads\/2020\/01\/Recurso-2@3x-1024x333_mail.png\",\"contentUrl\":\"https:\/\/www.sunny-tots.com\/wp-content\/uploads\/2020\/01\/Recurso-2@3x-1024x333_mail.png\",\"width\":350,\"height\":114,\"caption\":\"Sunny Tots\"},\"image\":{\"@id\":\"https:\/\/www.sunny-tots.com\/es\/#\/schema\/logo\/image\/\"}}]}<\/script>\n<!-- \/ Yoast SEO plugin. -->","yoast_head_json":{"title":"Extensi\u00f3n 16 cm. para Barrera de Seguridad Geuther","description":"\u00bfViajas con ni\u00f1os? alquila una barrera de seguridad para las escaleras para tu bebe. Te lo entregamos en tu lugar de vacaciones.","robots":{"index":"index","follow":"follow","max-snippet":"max-snippet:-1","max-image-preview":"max-image-preview:large","max-video-preview":"max-video-preview:-1"},"canonical":"https:\/\/www.sunny-tots.com\/es\/producto\/extension-16-cm-para-barrera-de-seguridad-geuther\/","og_locale":"es_ES","og_type":"article","og_title":"Extensi\u00f3n 16 cm. para Barrera de Seguridad Geuther","og_description":"\u00bfViajas con ni\u00f1os? alquila una barrera de seguridad para las escaleras para tu bebe. Te lo entregamos en tu lugar de vacaciones.","og_url":"https:\/\/www.sunny-tots.com\/es\/producto\/extension-16-cm-para-barrera-de-seguridad-geuther\/","og_site_name":"Sunny Tots","article_modified_time":"2025-09-24T18:10:39+00:00","og_image":[{"width":600,"height":600,"url":"https:\/\/www.sunny-tots.com\/wp-content\/uploads\/2023\/03\/001-51RpuJiiNaL._AC_UL600_SR600600_.jpg","type":"image\/jpeg"}],"twitter_card":"summary_large_image","twitter_misc":{"Tiempo de lectura":"2 minutos"},"schema":{"@context":"https:\/\/schema.org","@graph":[{"@type":"WebPage","@id":"https:\/\/www.sunny-tots.com\/es\/producto\/extension-16-cm-para-barrera-de-seguridad-geuther\/","url":"https:\/\/www.sunny-tots.com\/es\/producto\/extension-16-cm-para-barrera-de-seguridad-geuther\/","name":"Extensi\u00f3n 16 cm. para Barrera de Seguridad Geuther","isPartOf":{"@id":"https:\/\/www.sunny-tots.com\/es\/#website"},"primaryImageOfPage":{"@id":"https:\/\/www.sunny-tots.com\/es\/producto\/extension-16-cm-para-barrera-de-seguridad-geuther\/#primaryimage"},"image":{"@id":"https:\/\/www.sunny-tots.com\/es\/producto\/extension-16-cm-para-barrera-de-seguridad-geuther\/#primaryimage"},"thumbnailUrl":"https:\/\/www.sunny-tots.com\/wp-content\/uploads\/2023\/03\/001-51RpuJiiNaL._AC_UL600_SR600600_.jpg","datePublished":"2024-02-27T02:01:33+00:00","dateModified":"2025-09-24T18:10:39+00:00","description":"\u00bfViajas con ni\u00f1os? alquila una barrera de seguridad para las escaleras para tu bebe. Te lo entregamos en tu lugar de vacaciones.","breadcrumb":{"@id":"https:\/\/www.sunny-tots.com\/es\/producto\/extension-16-cm-para-barrera-de-seguridad-geuther\/#breadcrumb"},"inLanguage":"es","potentialAction":[{"@type":"ReadAction","target":["https:\/\/www.sunny-tots.com\/es\/producto\/extension-16-cm-para-barrera-de-seguridad-geuther\/"]}]},{"@type":"ImageObject","inLanguage":"es","@id":"https:\/\/www.sunny-tots.com\/es\/producto\/extension-16-cm-para-barrera-de-seguridad-geuther\/#primaryimage","url":"https:\/\/www.sunny-tots.com\/wp-content\/uploads\/2023\/03\/001-51RpuJiiNaL._AC_UL600_SR600600_.jpg","contentUrl":"https:\/\/www.sunny-tots.com\/wp-content\/uploads\/2023\/03\/001-51RpuJiiNaL._AC_UL600_SR600600_.jpg","width":600,"height":600,"caption":"rent Geuther Stair-Safety Gate"},{"@type":"BreadcrumbList","@id":"https:\/\/www.sunny-tots.com\/es\/producto\/extension-16-cm-para-barrera-de-seguridad-geuther\/#breadcrumb","itemListElement":[{"@type":"ListItem","position":1,"name":"Portada","item":"https:\/\/www.sunny-tots.com\/es\/"},{"@type":"ListItem","position":2,"name":"Shop","item":"https:\/\/www.sunny-tots.com\/shop\/"},{"@type":"ListItem","position":3,"name":"Extensi\u00f3n 16 cm. para Barrera de Seguridad Geuther"}]},{"@type":"WebSite","@id":"https:\/\/www.sunny-tots.com\/es\/#website","url":"https:\/\/www.sunny-tots.com\/es\/","name":"Sunny Tots","description":"Strollers to rent and more baby equipment","publisher":{"@id":"https:\/\/www.sunny-tots.com\/es\/#organization"},"potentialAction":[{"@type":"SearchAction","target":{"@type":"EntryPoint","urlTemplate":"https:\/\/www.sunny-tots.com\/es\/?s={search_term_string}"},"query-input":{"@type":"PropertyValueSpecification","valueRequired":true,"valueName":"search_term_string"}}],"inLanguage":"es"},{"@type":"Organization","@id":"https:\/\/www.sunny-tots.com\/es\/#organization","name":"Sunny Tots","url":"https:\/\/www.sunny-tots.com\/es\/","logo":{"@type":"ImageObject","inLanguage":"es","@id":"https:\/\/www.sunny-tots.com\/es\/#\/schema\/logo\/image\/","url":"https:\/\/www.sunny-tots.com\/wp-content\/uploads\/2020\/01\/Recurso-2@3x-1024x333_mail.png","contentUrl":"https:\/\/www.sunny-tots.com\/wp-content\/uploads\/2020\/01\/Recurso-2@3x-1024x333_mail.png","width":350,"height":114,"caption":"Sunny Tots"},"image":{"@id":"https:\/\/www.sunny-tots.com\/es\/#\/schema\/logo\/image\/"}}]}},"_links":{"self":[{"href":"https:\/\/www.sunny-tots.com\/es\/wp-json\/wp\/v2\/product\/34677","targetHints":{"allow":["GET"]}}],"collection":[{"href":"https:\/\/www.sunny-tots.com\/es\/wp-json\/wp\/v2\/product"}],"about":[{"href":"https:\/\/www.sunny-tots.com\/es\/wp-json\/wp\/v2\/types\/product"}],"wp:featuredmedia":[{"embeddable":true,"href":"https:\/\/www.sunny-tots.com\/es\/wp-json\/wp\/v2\/media\/33831"}],"wp:attachment":[{"href":"https:\/\/www.sunny-tots.com\/es\/wp-json\/wp\/v2\/media?parent=34677"}],"wp:term":[{"taxonomy":"product_brand","embeddable":true,"href":"https:\/\/www.sunny-tots.com\/es\/wp-json\/wp\/v2\/product_brand?post=34677"},{"taxonomy":"product_cat","embeddable":true,"href":"https:\/\/www.sunny-tots.com\/es\/wp-json\/wp\/v2\/product_cat?post=34677"},{"taxonomy":"product_tag","embeddable":true,"href":"https:\/\/www.sunny-tots.com\/es\/wp-json\/wp\/v2\/product_tag?post=34677"}],"curies":[{"name":"wp","href":"https:\/\/api.w.org\/{rel}","templated":true}]}}