{"id":34674,"date":"2023-03-07T15:39:08","date_gmt":"2024-02-27T01:57:31","guid":{"rendered":"https:\/\/sunny.softblue.es\/?post_type=product&#038;p=34674"},"modified":"2025-09-24T20:04:47","modified_gmt":"2025-09-24T18:04:47","slug":"geuther-barrera-de-seguridad-ajustable-68-cm-76-cm","status":"publish","type":"product","link":"https:\/\/www.sunny-tots.com\/es\/producto\/geuther-barrera-de-seguridad-ajustable-68-cm-76-cm\/","title":{"rendered":"Geuther Barrera de Seguridad | Ajustable 68 cm &#8211; 76 cm"},"content":{"rendered":"<div class=\"wpb-content-wrapper\"><p>[vc_row][vc_column][vc_tta_tabs][vc_tta_section title=\u00bbDescripci\u00f3n\u00bb tab_id=\u00bb1576602137921-d1adbf41-d2bf40d4-e7c1f4f5-bb3a\u00bb][vc_column_text css=\u00bb\u00bb]<\/p>\n<ul>\n<li>F\u00e1cil instalaci\u00f3n. Sin taladros<\/li>\n<li>Hecha de metal<\/li>\n<li>Ajustable entre los 68 cm y los 76 cm<\/li>\n<li>Recomendado para ni\u00f1os de hasta 24 meses<\/li>\n<li>Se pueden a\u00f1adir extensiones para obtener anchuras de hasta 108 cm (estas se alquilan separadamente)<\/li>\n<\/ul>\n<p data-start=\"625\" data-end=\"909\">La <strong data-start=\"628\" data-end=\"681\">Barrera de Seguridad Geuther Ajustable (68\u201376 cm)<\/strong> es la soluci\u00f3n perfecta para mantener a tu beb\u00e9 seguro en casa sin necesidad de realizar perforaciones en las paredes. Con un dise\u00f1o robusto y f\u00e1cil de instalar, esta barrera es ideal para puertas y pasillos de tama\u00f1o est\u00e1ndar.<\/p>\n<h3 data-start=\"911\" data-end=\"941\">Caracter\u00edsticas destacadas<\/h3>\n<ul data-start=\"943\" data-end=\"1434\">\n<li data-start=\"943\" data-end=\"1025\">\n<p data-start=\"945\" data-end=\"1025\"><strong data-start=\"945\" data-end=\"973\">Instalaci\u00f3n sin taladros<\/strong>: se monta a presi\u00f3n, evitando da\u00f1os en las paredes.<\/p>\n<\/li>\n<li data-start=\"1026\" data-end=\"1112\">\n<p data-start=\"1028\" data-end=\"1112\"><strong data-start=\"1028\" data-end=\"1051\">Material resistente<\/strong>: fabricada en metal para garantizar durabilidad y seguridad.<\/p>\n<\/li>\n<li data-start=\"1113\" data-end=\"1238\">\n<p data-start=\"1115\" data-end=\"1238\"><strong data-start=\"1115\" data-end=\"1128\">Ajustable<\/strong>: se adapta a aberturas de 68 a 76 cm; extensiones disponibles para anchos mayores (se alquilan por separado).<\/p>\n<\/li>\n<li data-start=\"1239\" data-end=\"1325\">\n<p data-start=\"1241\" data-end=\"1325\"><strong data-start=\"1241\" data-end=\"1266\">Seguridad certificada<\/strong>: cumple con las normativas europeas de seguridad infantil.<\/p>\n<\/li>\n<li data-start=\"1326\" data-end=\"1434\">\n<p data-start=\"1328\" data-end=\"1434\"><strong data-start=\"1328\" data-end=\"1369\">Recomendado para ni\u00f1os hasta 24 meses<\/strong>: proporciona una barrera segura para evitar accesos no deseados.<\/p>\n<\/li>\n<\/ul>\n<h3 data-start=\"1436\" data-end=\"1490\">Ventajas de elegir la Barrera de Seguridad Geuther<\/h3>\n<ul data-start=\"1492\" data-end=\"1814\">\n<li data-start=\"1492\" data-end=\"1564\">\n<p data-start=\"1494\" data-end=\"1564\"><strong data-start=\"1494\" data-end=\"1515\">F\u00e1cil instalaci\u00f3n<\/strong>: sin necesidad de herramientas ni perforaciones.<\/p>\n<\/li>\n<li data-start=\"1565\" data-end=\"1630\">\n<p data-start=\"1567\" data-end=\"1630\"><strong data-start=\"1567\" data-end=\"1583\">Versatilidad<\/strong>: apta para diferentes ubicaciones en el hogar.<\/p>\n<\/li>\n<li data-start=\"1631\" data-end=\"1722\">\n<p data-start=\"1633\" data-end=\"1722\"><strong data-start=\"1633\" data-end=\"1646\">Econ\u00f3mica<\/strong>: al ser un producto de alquiler, solo pagas por el tiempo que lo necesites.<\/p>\n<\/li>\n<li data-start=\"1723\" data-end=\"1814\">\n<p data-start=\"1725\" data-end=\"1814\"><strong data-start=\"1725\" data-end=\"1738\">Comodidad<\/strong>: permite mantener a tu beb\u00e9 seguro sin comprometer la est\u00e9tica de tu hogar.<\/p>\n<\/li>\n<\/ul>\n<p data-start=\"1816\" data-end=\"1953\">Esta barrera es ideal para quienes buscan una soluci\u00f3n temporal y funcional para mantener a su beb\u00e9 seguro en cualquier lugar de la casa.<\/p>\n<p>[\/vc_column_text][\/vc_tta_section][vc_tta_section title=\u00bbV\u00eddeo\u00bb tab_id=\u00bb1576602137934-e1609575-e07240d4-e7c1f4f5-bb3a\u00bb]<div class=\"gem-youtube gem-wrapbox gem-wrapbox-style-no-style rounded-corners gem-wrapbox-position-below\" style=\"width: 500px;\"><div class=\"gem-wrapbox-inner gem-ratio-style\" style=\"padding-top: 56.25%\"><iframe class=\"gem-wrapbox-element img-responsive\" width=\"500px\" height=\"350\" allowfullscreen=\"allowfullscreen\" frameborder=\"0\" scrolling=\"no\" marginheight=\"0\" marginwidth=\"0\" src=\"\/\/www.youtube.com\/embed\/37ryy0aD2ho?rel=0&amp;wmode=opaque\"><\/iframe><\/div><\/div>[\/vc_tta_section][vc_tta_section title=\u00bbPDFs\u00bb tab_id=\u00bb1580773946658-922cb746-86c8f4f5-bb3a\u00bb][vc_btn title=\u00bbInstrucciones\u00bb i_icon_fontawesome=\u00bb\u00bb add_icon=\u00bbtrue\u00bb link=\u00bburl:https%3A%2F%2Fwww.sunny-tots.com%2Fwp-content%2Fuploads%2F2023%2F03%2FC_Users_usuario_Desktop_C_Users_usuario_Desktop_Warning.pdf|target:_blank\u00bb][\/vc_tta_section][\/vc_tta_tabs][\/vc_column][\/vc_row]<\/p>\n<\/div>","protected":false},"excerpt":{"rendered":"<p>[vc_row][vc_column][vc_tta_tabs][vc_tta_section title=\u00bbDescripci\u00f3n\u00bb tab_id=\u00bb1576602137921-d1adbf41-d2bf40d4-e7c1f4f5-bb3a\u00bb][vc_column_text css=\u00bb\u00bb] F\u00e1cil instalaci\u00f3n. Sin taladros Hecha de metal Ajustable entre los 68 cm y los 76 cm&#8230;<\/p>\n","protected":false},"featured_media":33811,"template":"","meta":[],"product_brand":[],"product_cat":[472,363,375,373],"product_tag":[],"class_list":{"0":"post-34674","1":"product","2":"type-product","3":"status-publish","4":"has-post-thumbnail","6":"product_cat-descanso-y-sueno","7":"product_cat-en-casa","8":"product_cat-hora-de-dormir","9":"product_cat-seguridad","11":"first","12":"instock","13":"shipping-taxable","14":"purchasable","15":"product-type-redq_rental"},"yoast_head":"<!-- This site is optimized with the Yoast SEO plugin v27.1.1 - https:\/\/yoast.com\/product\/yoast-seo-wordpress\/ -->\n<title>Geuther Barrera de Seguridad | Ajustable 68 cm - 76 cm Barrera<\/title>\n<meta name=\"description\" content=\"\u00bfViajas con ni\u00f1os? Viaja m\u00e1s c\u00f3modo con un ligero equipaje, alquilando tu Barrera de Seguridad. Te lo entregamos en tu lugar de vacaciones.\" \/>\n<meta name=\"robots\" content=\"index, follow, max-snippet:-1, max-image-preview:large, max-video-preview:-1\" \/>\n<link rel=\"canonical\" href=\"https:\/\/www.sunny-tots.com\/es\/producto\/geuther-barrera-de-seguridad-ajustable-68-cm-76-cm\/\" \/>\n<meta property=\"og:locale\" content=\"es_ES\" \/>\n<meta property=\"og:type\" content=\"article\" \/>\n<meta property=\"og:title\" content=\"Geuther Barrera de Seguridad | Ajustable 68 cm - 76 cm Barrera\" \/>\n<meta property=\"og:description\" content=\"\u00bfViajas con ni\u00f1os? Viaja m\u00e1s c\u00f3modo con un ligero equipaje, alquilando tu Barrera de Seguridad. Te lo entregamos en tu lugar de vacaciones.\" \/>\n<meta property=\"og:url\" content=\"https:\/\/www.sunny-tots.com\/es\/producto\/geuther-barrera-de-seguridad-ajustable-68-cm-76-cm\/\" \/>\n<meta property=\"og:site_name\" content=\"Sunny Tots\" \/>\n<meta property=\"article:modified_time\" content=\"2025-09-24T18:04:47+00:00\" \/>\n<meta property=\"og:image\" content=\"https:\/\/www.sunny-tots.com\/wp-content\/uploads\/2023\/03\/001-51YI7hh3cGL._AC_SL1500_.jpg\" \/>\n\t<meta property=\"og:image:width\" content=\"962\" \/>\n\t<meta property=\"og:image:height\" content=\"1169\" \/>\n\t<meta property=\"og:image:type\" content=\"image\/jpeg\" \/>\n<meta name=\"twitter:card\" content=\"summary_large_image\" \/>\n<meta name=\"twitter:label1\" content=\"Tiempo de lectura\" \/>\n\t<meta name=\"twitter:data1\" content=\"2 minutos\" \/>\n<script type=\"application\/ld+json\" class=\"yoast-schema-graph\">{\"@context\":\"https:\/\/schema.org\",\"@graph\":[{\"@type\":\"WebPage\",\"@id\":\"https:\/\/www.sunny-tots.com\/es\/producto\/geuther-barrera-de-seguridad-ajustable-68-cm-76-cm\/\",\"url\":\"https:\/\/www.sunny-tots.com\/es\/producto\/geuther-barrera-de-seguridad-ajustable-68-cm-76-cm\/\",\"name\":\"Geuther Barrera de Seguridad | Ajustable 68 cm - 76 cm Barrera\",\"isPartOf\":{\"@id\":\"https:\/\/www.sunny-tots.com\/es\/#website\"},\"primaryImageOfPage\":{\"@id\":\"https:\/\/www.sunny-tots.com\/es\/producto\/geuther-barrera-de-seguridad-ajustable-68-cm-76-cm\/#primaryimage\"},\"image\":{\"@id\":\"https:\/\/www.sunny-tots.com\/es\/producto\/geuther-barrera-de-seguridad-ajustable-68-cm-76-cm\/#primaryimage\"},\"thumbnailUrl\":\"https:\/\/www.sunny-tots.com\/wp-content\/uploads\/2023\/03\/001-51YI7hh3cGL._AC_SL1500_.jpg\",\"datePublished\":\"2024-02-27T01:57:31+00:00\",\"dateModified\":\"2025-09-24T18:04:47+00:00\",\"description\":\"\u00bfViajas con ni\u00f1os? Viaja m\u00e1s c\u00f3modo con un ligero equipaje, alquilando tu Barrera de Seguridad. Te lo entregamos en tu lugar de vacaciones.\",\"breadcrumb\":{\"@id\":\"https:\/\/www.sunny-tots.com\/es\/producto\/geuther-barrera-de-seguridad-ajustable-68-cm-76-cm\/#breadcrumb\"},\"inLanguage\":\"es\",\"potentialAction\":[{\"@type\":\"ReadAction\",\"target\":[\"https:\/\/www.sunny-tots.com\/es\/producto\/geuther-barrera-de-seguridad-ajustable-68-cm-76-cm\/\"]}]},{\"@type\":\"ImageObject\",\"inLanguage\":\"es\",\"@id\":\"https:\/\/www.sunny-tots.com\/es\/producto\/geuther-barrera-de-seguridad-ajustable-68-cm-76-cm\/#primaryimage\",\"url\":\"https:\/\/www.sunny-tots.com\/wp-content\/uploads\/2023\/03\/001-51YI7hh3cGL._AC_SL1500_.jpg\",\"contentUrl\":\"https:\/\/www.sunny-tots.com\/wp-content\/uploads\/2023\/03\/001-51YI7hh3cGL._AC_SL1500_.jpg\",\"width\":962,\"height\":1169,\"caption\":\"rent Geuther Stair-Safety Gate\"},{\"@type\":\"BreadcrumbList\",\"@id\":\"https:\/\/www.sunny-tots.com\/es\/producto\/geuther-barrera-de-seguridad-ajustable-68-cm-76-cm\/#breadcrumb\",\"itemListElement\":[{\"@type\":\"ListItem\",\"position\":1,\"name\":\"Portada\",\"item\":\"https:\/\/www.sunny-tots.com\/es\/\"},{\"@type\":\"ListItem\",\"position\":2,\"name\":\"Shop\",\"item\":\"https:\/\/www.sunny-tots.com\/shop\/\"},{\"@type\":\"ListItem\",\"position\":3,\"name\":\"Geuther Barrera de Seguridad | Ajustable 68 cm &#8211; 76 cm\"}]},{\"@type\":\"WebSite\",\"@id\":\"https:\/\/www.sunny-tots.com\/es\/#website\",\"url\":\"https:\/\/www.sunny-tots.com\/es\/\",\"name\":\"Sunny Tots\",\"description\":\"Strollers to rent and more baby equipment\",\"publisher\":{\"@id\":\"https:\/\/www.sunny-tots.com\/es\/#organization\"},\"potentialAction\":[{\"@type\":\"SearchAction\",\"target\":{\"@type\":\"EntryPoint\",\"urlTemplate\":\"https:\/\/www.sunny-tots.com\/es\/?s={search_term_string}\"},\"query-input\":{\"@type\":\"PropertyValueSpecification\",\"valueRequired\":true,\"valueName\":\"search_term_string\"}}],\"inLanguage\":\"es\"},{\"@type\":\"Organization\",\"@id\":\"https:\/\/www.sunny-tots.com\/es\/#organization\",\"name\":\"Sunny Tots\",\"url\":\"https:\/\/www.sunny-tots.com\/es\/\",\"logo\":{\"@type\":\"ImageObject\",\"inLanguage\":\"es\",\"@id\":\"https:\/\/www.sunny-tots.com\/es\/#\/schema\/logo\/image\/\",\"url\":\"https:\/\/www.sunny-tots.com\/wp-content\/uploads\/2020\/01\/Recurso-2@3x-1024x333_mail.png\",\"contentUrl\":\"https:\/\/www.sunny-tots.com\/wp-content\/uploads\/2020\/01\/Recurso-2@3x-1024x333_mail.png\",\"width\":350,\"height\":114,\"caption\":\"Sunny Tots\"},\"image\":{\"@id\":\"https:\/\/www.sunny-tots.com\/es\/#\/schema\/logo\/image\/\"}}]}<\/script>\n<!-- \/ Yoast SEO plugin. -->","yoast_head_json":{"title":"Geuther Barrera de Seguridad | Ajustable 68 cm - 76 cm Barrera","description":"\u00bfViajas con ni\u00f1os? Viaja m\u00e1s c\u00f3modo con un ligero equipaje, alquilando tu Barrera de Seguridad. Te lo entregamos en tu lugar de vacaciones.","robots":{"index":"index","follow":"follow","max-snippet":"max-snippet:-1","max-image-preview":"max-image-preview:large","max-video-preview":"max-video-preview:-1"},"canonical":"https:\/\/www.sunny-tots.com\/es\/producto\/geuther-barrera-de-seguridad-ajustable-68-cm-76-cm\/","og_locale":"es_ES","og_type":"article","og_title":"Geuther Barrera de Seguridad | Ajustable 68 cm - 76 cm Barrera","og_description":"\u00bfViajas con ni\u00f1os? Viaja m\u00e1s c\u00f3modo con un ligero equipaje, alquilando tu Barrera de Seguridad. Te lo entregamos en tu lugar de vacaciones.","og_url":"https:\/\/www.sunny-tots.com\/es\/producto\/geuther-barrera-de-seguridad-ajustable-68-cm-76-cm\/","og_site_name":"Sunny Tots","article_modified_time":"2025-09-24T18:04:47+00:00","og_image":[{"width":962,"height":1169,"url":"https:\/\/www.sunny-tots.com\/wp-content\/uploads\/2023\/03\/001-51YI7hh3cGL._AC_SL1500_.jpg","type":"image\/jpeg"}],"twitter_card":"summary_large_image","twitter_misc":{"Tiempo de lectura":"2 minutos"},"schema":{"@context":"https:\/\/schema.org","@graph":[{"@type":"WebPage","@id":"https:\/\/www.sunny-tots.com\/es\/producto\/geuther-barrera-de-seguridad-ajustable-68-cm-76-cm\/","url":"https:\/\/www.sunny-tots.com\/es\/producto\/geuther-barrera-de-seguridad-ajustable-68-cm-76-cm\/","name":"Geuther Barrera de Seguridad | Ajustable 68 cm - 76 cm Barrera","isPartOf":{"@id":"https:\/\/www.sunny-tots.com\/es\/#website"},"primaryImageOfPage":{"@id":"https:\/\/www.sunny-tots.com\/es\/producto\/geuther-barrera-de-seguridad-ajustable-68-cm-76-cm\/#primaryimage"},"image":{"@id":"https:\/\/www.sunny-tots.com\/es\/producto\/geuther-barrera-de-seguridad-ajustable-68-cm-76-cm\/#primaryimage"},"thumbnailUrl":"https:\/\/www.sunny-tots.com\/wp-content\/uploads\/2023\/03\/001-51YI7hh3cGL._AC_SL1500_.jpg","datePublished":"2024-02-27T01:57:31+00:00","dateModified":"2025-09-24T18:04:47+00:00","description":"\u00bfViajas con ni\u00f1os? Viaja m\u00e1s c\u00f3modo con un ligero equipaje, alquilando tu Barrera de Seguridad. Te lo entregamos en tu lugar de vacaciones.","breadcrumb":{"@id":"https:\/\/www.sunny-tots.com\/es\/producto\/geuther-barrera-de-seguridad-ajustable-68-cm-76-cm\/#breadcrumb"},"inLanguage":"es","potentialAction":[{"@type":"ReadAction","target":["https:\/\/www.sunny-tots.com\/es\/producto\/geuther-barrera-de-seguridad-ajustable-68-cm-76-cm\/"]}]},{"@type":"ImageObject","inLanguage":"es","@id":"https:\/\/www.sunny-tots.com\/es\/producto\/geuther-barrera-de-seguridad-ajustable-68-cm-76-cm\/#primaryimage","url":"https:\/\/www.sunny-tots.com\/wp-content\/uploads\/2023\/03\/001-51YI7hh3cGL._AC_SL1500_.jpg","contentUrl":"https:\/\/www.sunny-tots.com\/wp-content\/uploads\/2023\/03\/001-51YI7hh3cGL._AC_SL1500_.jpg","width":962,"height":1169,"caption":"rent Geuther Stair-Safety Gate"},{"@type":"BreadcrumbList","@id":"https:\/\/www.sunny-tots.com\/es\/producto\/geuther-barrera-de-seguridad-ajustable-68-cm-76-cm\/#breadcrumb","itemListElement":[{"@type":"ListItem","position":1,"name":"Portada","item":"https:\/\/www.sunny-tots.com\/es\/"},{"@type":"ListItem","position":2,"name":"Shop","item":"https:\/\/www.sunny-tots.com\/shop\/"},{"@type":"ListItem","position":3,"name":"Geuther Barrera de Seguridad | Ajustable 68 cm &#8211; 76 cm"}]},{"@type":"WebSite","@id":"https:\/\/www.sunny-tots.com\/es\/#website","url":"https:\/\/www.sunny-tots.com\/es\/","name":"Sunny Tots","description":"Strollers to rent and more baby equipment","publisher":{"@id":"https:\/\/www.sunny-tots.com\/es\/#organization"},"potentialAction":[{"@type":"SearchAction","target":{"@type":"EntryPoint","urlTemplate":"https:\/\/www.sunny-tots.com\/es\/?s={search_term_string}"},"query-input":{"@type":"PropertyValueSpecification","valueRequired":true,"valueName":"search_term_string"}}],"inLanguage":"es"},{"@type":"Organization","@id":"https:\/\/www.sunny-tots.com\/es\/#organization","name":"Sunny Tots","url":"https:\/\/www.sunny-tots.com\/es\/","logo":{"@type":"ImageObject","inLanguage":"es","@id":"https:\/\/www.sunny-tots.com\/es\/#\/schema\/logo\/image\/","url":"https:\/\/www.sunny-tots.com\/wp-content\/uploads\/2020\/01\/Recurso-2@3x-1024x333_mail.png","contentUrl":"https:\/\/www.sunny-tots.com\/wp-content\/uploads\/2020\/01\/Recurso-2@3x-1024x333_mail.png","width":350,"height":114,"caption":"Sunny Tots"},"image":{"@id":"https:\/\/www.sunny-tots.com\/es\/#\/schema\/logo\/image\/"}}]}},"_links":{"self":[{"href":"https:\/\/www.sunny-tots.com\/es\/wp-json\/wp\/v2\/product\/34674","targetHints":{"allow":["GET"]}}],"collection":[{"href":"https:\/\/www.sunny-tots.com\/es\/wp-json\/wp\/v2\/product"}],"about":[{"href":"https:\/\/www.sunny-tots.com\/es\/wp-json\/wp\/v2\/types\/product"}],"wp:featuredmedia":[{"embeddable":true,"href":"https:\/\/www.sunny-tots.com\/es\/wp-json\/wp\/v2\/media\/33811"}],"wp:attachment":[{"href":"https:\/\/www.sunny-tots.com\/es\/wp-json\/wp\/v2\/media?parent=34674"}],"wp:term":[{"taxonomy":"product_brand","embeddable":true,"href":"https:\/\/www.sunny-tots.com\/es\/wp-json\/wp\/v2\/product_brand?post=34674"},{"taxonomy":"product_cat","embeddable":true,"href":"https:\/\/www.sunny-tots.com\/es\/wp-json\/wp\/v2\/product_cat?post=34674"},{"taxonomy":"product_tag","embeddable":true,"href":"https:\/\/www.sunny-tots.com\/es\/wp-json\/wp\/v2\/product_tag?post=34674"}],"curies":[{"name":"wp","href":"https:\/\/api.w.org\/{rel}","templated":true}]}}