{"id":34672,"date":"2023-03-10T08:08:08","date_gmt":"2024-02-27T01:55:58","guid":{"rendered":"https:\/\/sunny.softblue.es\/?post_type=product&#038;p=34672"},"modified":"2025-09-24T20:09:25","modified_gmt":"2025-09-24T18:09:25","slug":"extension-8-cm-para-barrera-de-seguridad-geuther","status":"publish","type":"product","link":"https:\/\/www.sunny-tots.com\/es\/producto\/extension-8-cm-para-barrera-de-seguridad-geuther\/","title":{"rendered":"Extensi\u00f3n 8 cm. para Barrera de Seguridad Geuther"},"content":{"rendered":"<div class=\"wpb-content-wrapper\"><p>[vc_row][vc_column][vc_tta_tabs][vc_tta_section title=\u00bbDescripci\u00f3n\u00bb tab_id=\u00bb1576602137921-d1adbf41-d2bf40d4-e7c1de35-de1f\u00bb][vc_column_text css=\u00bb\u00bb]<\/p>\n<ul>\n<li>Adecuado para nuestras puertas de Seguridad Geuther.<\/li>\n<li>Se obtiene 8 cm adicionales por cada lado<\/li>\n<li>Conexi\u00f3n push-in, segura, f\u00e1cil instalaci\u00f3n, sin taladros<\/li>\n<li>Extensi\u00f3n de hasta 16 cm con 2 piezas (m\u00e1ximo 2 extensiones por cada puerta)<\/li>\n<\/ul>\n<p data-start=\"633\" data-end=\"975\">La <strong data-start=\"636\" data-end=\"691\">Extensi\u00f3n de 8 cm para Barrera de Seguridad Geuther<\/strong> es la soluci\u00f3n ideal para ampliar el alcance de tu barrera Geuther, permiti\u00e9ndote adaptarla a espacios m\u00e1s amplios sin comprometer la seguridad. Fabricada con materiales de alta calidad, esta extensi\u00f3n es f\u00e1cil de instalar y ofrece una conexi\u00f3n segura sin necesidad de perforaciones.<\/p>\n<h3 data-start=\"977\" data-end=\"1007\">Caracter\u00edsticas destacadas<\/h3>\n<ul data-start=\"1009\" data-end=\"1532\">\n<li data-start=\"1009\" data-end=\"1080\">\n<p data-start=\"1011\" data-end=\"1080\"><strong data-start=\"1011\" data-end=\"1030\">Ajuste perfecto<\/strong>: ampl\u00eda tu barrera Geuther en 8 cm por cada lado.<\/p>\n<\/li>\n<li data-start=\"1081\" data-end=\"1188\">\n<p data-start=\"1083\" data-end=\"1188\"><strong data-start=\"1083\" data-end=\"1111\">Instalaci\u00f3n sin taladrar<\/strong>: conexi\u00f3n segura mediante sistema de presi\u00f3n, evitando da\u00f1os en las paredes.<\/p>\n<\/li>\n<li data-start=\"1189\" data-end=\"1305\">\n<p data-start=\"1191\" data-end=\"1305\"><strong data-start=\"1191\" data-end=\"1209\">Compatibilidad<\/strong>: dise\u00f1ada para ser utilizada con las barreras de seguridad Geuther ajustables entre 68 y 76 cm.<\/p>\n<\/li>\n<li data-start=\"1306\" data-end=\"1434\">\n<p data-start=\"1308\" data-end=\"1434\"><strong data-start=\"1308\" data-end=\"1334\">Uso m\u00e1ximo recomendado<\/strong>: se pueden utilizar hasta 2 extensiones por cada barrera, alcanzando un total de 16 cm adicionales.<\/p>\n<\/li>\n<li data-start=\"1435\" data-end=\"1532\">\n<p data-start=\"1437\" data-end=\"1532\"><strong data-start=\"1437\" data-end=\"1455\">Dise\u00f1o robusto<\/strong>: fabricada con materiales duraderos para garantizar la seguridad de tu beb\u00e9.<\/p>\n<\/li>\n<\/ul>\n<h3 data-start=\"1534\" data-end=\"1598\">Ventajas de elegir la Extensi\u00f3n de 8 cm para Barrera Geuther<\/h3>\n<ul data-start=\"1600\" data-end=\"1975\">\n<li data-start=\"1600\" data-end=\"1707\">\n<p data-start=\"1602\" data-end=\"1707\"><strong data-start=\"1602\" data-end=\"1618\">Versatilidad<\/strong>: adapta tu barrera a diferentes tama\u00f1os de espacios sin necesidad de adquirir una nueva.<\/p>\n<\/li>\n<li data-start=\"1708\" data-end=\"1796\">\n<p data-start=\"1710\" data-end=\"1796\"><strong data-start=\"1710\" data-end=\"1731\">F\u00e1cil instalaci\u00f3n<\/strong>: sin herramientas ni perforaciones, ahorrando tiempo y esfuerzo.<\/p>\n<\/li>\n<li data-start=\"1797\" data-end=\"1888\">\n<p data-start=\"1799\" data-end=\"1888\"><strong data-start=\"1799\" data-end=\"1812\">Econ\u00f3mica<\/strong>: al ser un producto de alquiler, solo pagas por el tiempo que lo necesites.<\/p>\n<\/li>\n<li data-start=\"1889\" data-end=\"1975\">\n<p data-start=\"1891\" data-end=\"1975\"><strong data-start=\"1891\" data-end=\"1916\">Seguridad garantizada<\/strong>: cumple con las normativas europeas de seguridad infantil.<\/p>\n<\/li>\n<\/ul>\n<p data-start=\"1977\" data-end=\"2150\">Esta extensi\u00f3n es ideal para quienes buscan una soluci\u00f3n temporal y funcional para adaptar su barrera Geuther a espacios m\u00e1s amplios sin comprometer la seguridad de su beb\u00e9.<\/p>\n<p>[\/vc_column_text][\/vc_tta_section][vc_tta_section title=\u00bbV\u00eddeo\u00bb tab_id=\u00bb1576602137934-e1609575-e07240d4-e7c1de35-de1f\u00bb]<div class=\"gem-youtube gem-wrapbox gem-wrapbox-style-no-style rounded-corners gem-wrapbox-position-below\" style=\"width: 500px;\"><div class=\"gem-wrapbox-inner gem-ratio-style\" style=\"padding-top: 56.25%\"><iframe class=\"gem-wrapbox-element img-responsive\" width=\"500px\" height=\"350\" allowfullscreen=\"allowfullscreen\" frameborder=\"0\" scrolling=\"no\" marginheight=\"0\" marginwidth=\"0\" src=\"\/\/www.youtube.com\/embed\/37ryy0aD2ho?rel=0&amp;wmode=opaque\"><\/iframe><\/div><\/div>[\/vc_tta_section][vc_tta_section title=\u00bbPDFs\u00bb tab_id=\u00bb1580773946658-922cb746-86c8de35-de1f\u00bb][vc_btn title=\u00bbInstrucciones\u00bb i_icon_fontawesome=\u00bb\u00bb add_icon=\u00bbtrue\u00bb link=\u00bburl:https%3A%2F%2Fwww.sunny-tots.com%2Fwp-content%2Fuploads%2F2023%2F03%2FC_Users_usuario_Desktop_C_Users_usuario_Desktop_Warning.pdf|target:_blank\u00bb][\/vc_tta_section][\/vc_tta_tabs][\/vc_column][\/vc_row]<\/p>\n<\/div>","protected":false},"excerpt":{"rendered":"<p>[vc_row][vc_column][vc_tta_tabs][vc_tta_section title=\u00bbDescripci\u00f3n\u00bb tab_id=\u00bb1576602137921-d1adbf41-d2bf40d4-e7c1de35-de1f\u00bb][vc_column_text css=\u00bb\u00bb] Adecuado para nuestras puertas de Seguridad Geuther. Se obtiene 8 cm adicionales por cada lado Conexi\u00f3n&#8230;<\/p>\n","protected":false},"featured_media":33828,"template":"","meta":[],"product_brand":[],"product_cat":[472,363,375,373],"product_tag":[],"class_list":{"0":"post-34672","1":"product","2":"type-product","3":"status-publish","4":"has-post-thumbnail","6":"product_cat-descanso-y-sueno","7":"product_cat-en-casa","8":"product_cat-hora-de-dormir","9":"product_cat-seguridad","11":"first","12":"instock","13":"shipping-taxable","14":"purchasable","15":"product-type-redq_rental"},"yoast_head":"<!-- This site is optimized with the Yoast SEO plugin v27.1.1 - https:\/\/yoast.com\/product\/yoast-seo-wordpress\/ -->\n<title>Extensi\u00f3n 8 cm. para Barrera de Seguridad Geuther :barreras<\/title>\n<meta name=\"description\" content=\"\u00bfViajas con ni\u00f1os? Viaja m\u00e1s c\u00f3modo con un ligero equipaje, alquilando tu barrera puerta de seguridad. Te lo entregamos en tu lugar de vacaciones.\" \/>\n<meta name=\"robots\" content=\"index, follow, max-snippet:-1, max-image-preview:large, max-video-preview:-1\" \/>\n<link rel=\"canonical\" href=\"https:\/\/www.sunny-tots.com\/es\/producto\/extension-8-cm-para-barrera-de-seguridad-geuther\/\" \/>\n<meta property=\"og:locale\" content=\"es_ES\" \/>\n<meta property=\"og:type\" content=\"article\" \/>\n<meta property=\"og:title\" content=\"Extensi\u00f3n 8 cm. para Barrera de Seguridad Geuther :barreras\" \/>\n<meta property=\"og:description\" content=\"\u00bfViajas con ni\u00f1os? Viaja m\u00e1s c\u00f3modo con un ligero equipaje, alquilando tu barrera puerta de seguridad. Te lo entregamos en tu lugar de vacaciones.\" \/>\n<meta property=\"og:url\" content=\"https:\/\/www.sunny-tots.com\/es\/producto\/extension-8-cm-para-barrera-de-seguridad-geuther\/\" \/>\n<meta property=\"og:site_name\" content=\"Sunny Tots\" \/>\n<meta property=\"article:modified_time\" content=\"2025-09-24T18:09:25+00:00\" \/>\n<meta property=\"og:image\" content=\"https:\/\/www.sunny-tots.com\/wp-content\/uploads\/2023\/03\/001-548954782.png\" \/>\n\t<meta property=\"og:image:width\" content=\"473\" \/>\n\t<meta property=\"og:image:height\" content=\"601\" \/>\n\t<meta property=\"og:image:type\" content=\"image\/png\" \/>\n<meta name=\"twitter:card\" content=\"summary_large_image\" \/>\n<meta name=\"twitter:label1\" content=\"Tiempo de lectura\" \/>\n\t<meta name=\"twitter:data1\" content=\"2 minutos\" \/>\n<script type=\"application\/ld+json\" class=\"yoast-schema-graph\">{\"@context\":\"https:\/\/schema.org\",\"@graph\":[{\"@type\":\"WebPage\",\"@id\":\"https:\/\/www.sunny-tots.com\/es\/producto\/extension-8-cm-para-barrera-de-seguridad-geuther\/\",\"url\":\"https:\/\/www.sunny-tots.com\/es\/producto\/extension-8-cm-para-barrera-de-seguridad-geuther\/\",\"name\":\"Extensi\u00f3n 8 cm. para Barrera de Seguridad Geuther :barreras\",\"isPartOf\":{\"@id\":\"https:\/\/www.sunny-tots.com\/es\/#website\"},\"primaryImageOfPage\":{\"@id\":\"https:\/\/www.sunny-tots.com\/es\/producto\/extension-8-cm-para-barrera-de-seguridad-geuther\/#primaryimage\"},\"image\":{\"@id\":\"https:\/\/www.sunny-tots.com\/es\/producto\/extension-8-cm-para-barrera-de-seguridad-geuther\/#primaryimage\"},\"thumbnailUrl\":\"https:\/\/www.sunny-tots.com\/wp-content\/uploads\/2023\/03\/001-548954782.png\",\"datePublished\":\"2024-02-27T01:55:58+00:00\",\"dateModified\":\"2025-09-24T18:09:25+00:00\",\"description\":\"\u00bfViajas con ni\u00f1os? Viaja m\u00e1s c\u00f3modo con un ligero equipaje, alquilando tu barrera puerta de seguridad. Te lo entregamos en tu lugar de vacaciones.\",\"breadcrumb\":{\"@id\":\"https:\/\/www.sunny-tots.com\/es\/producto\/extension-8-cm-para-barrera-de-seguridad-geuther\/#breadcrumb\"},\"inLanguage\":\"es\",\"potentialAction\":[{\"@type\":\"ReadAction\",\"target\":[\"https:\/\/www.sunny-tots.com\/es\/producto\/extension-8-cm-para-barrera-de-seguridad-geuther\/\"]}]},{\"@type\":\"ImageObject\",\"inLanguage\":\"es\",\"@id\":\"https:\/\/www.sunny-tots.com\/es\/producto\/extension-8-cm-para-barrera-de-seguridad-geuther\/#primaryimage\",\"url\":\"https:\/\/www.sunny-tots.com\/wp-content\/uploads\/2023\/03\/001-548954782.png\",\"contentUrl\":\"https:\/\/www.sunny-tots.com\/wp-content\/uploads\/2023\/03\/001-548954782.png\",\"width\":473,\"height\":601,\"caption\":\"rent Geuther Stair-Safety Gate\"},{\"@type\":\"BreadcrumbList\",\"@id\":\"https:\/\/www.sunny-tots.com\/es\/producto\/extension-8-cm-para-barrera-de-seguridad-geuther\/#breadcrumb\",\"itemListElement\":[{\"@type\":\"ListItem\",\"position\":1,\"name\":\"Portada\",\"item\":\"https:\/\/www.sunny-tots.com\/es\/\"},{\"@type\":\"ListItem\",\"position\":2,\"name\":\"Shop\",\"item\":\"https:\/\/www.sunny-tots.com\/shop\/\"},{\"@type\":\"ListItem\",\"position\":3,\"name\":\"Extensi\u00f3n 8 cm. para Barrera de Seguridad Geuther\"}]},{\"@type\":\"WebSite\",\"@id\":\"https:\/\/www.sunny-tots.com\/es\/#website\",\"url\":\"https:\/\/www.sunny-tots.com\/es\/\",\"name\":\"Sunny Tots\",\"description\":\"Strollers to rent and more baby equipment\",\"publisher\":{\"@id\":\"https:\/\/www.sunny-tots.com\/es\/#organization\"},\"potentialAction\":[{\"@type\":\"SearchAction\",\"target\":{\"@type\":\"EntryPoint\",\"urlTemplate\":\"https:\/\/www.sunny-tots.com\/es\/?s={search_term_string}\"},\"query-input\":{\"@type\":\"PropertyValueSpecification\",\"valueRequired\":true,\"valueName\":\"search_term_string\"}}],\"inLanguage\":\"es\"},{\"@type\":\"Organization\",\"@id\":\"https:\/\/www.sunny-tots.com\/es\/#organization\",\"name\":\"Sunny Tots\",\"url\":\"https:\/\/www.sunny-tots.com\/es\/\",\"logo\":{\"@type\":\"ImageObject\",\"inLanguage\":\"es\",\"@id\":\"https:\/\/www.sunny-tots.com\/es\/#\/schema\/logo\/image\/\",\"url\":\"https:\/\/www.sunny-tots.com\/wp-content\/uploads\/2020\/01\/Recurso-2@3x-1024x333_mail.png\",\"contentUrl\":\"https:\/\/www.sunny-tots.com\/wp-content\/uploads\/2020\/01\/Recurso-2@3x-1024x333_mail.png\",\"width\":350,\"height\":114,\"caption\":\"Sunny Tots\"},\"image\":{\"@id\":\"https:\/\/www.sunny-tots.com\/es\/#\/schema\/logo\/image\/\"}}]}<\/script>\n<!-- \/ Yoast SEO plugin. -->","yoast_head_json":{"title":"Extensi\u00f3n 8 cm. para Barrera de Seguridad Geuther :barreras","description":"\u00bfViajas con ni\u00f1os? Viaja m\u00e1s c\u00f3modo con un ligero equipaje, alquilando tu barrera puerta de seguridad. Te lo entregamos en tu lugar de vacaciones.","robots":{"index":"index","follow":"follow","max-snippet":"max-snippet:-1","max-image-preview":"max-image-preview:large","max-video-preview":"max-video-preview:-1"},"canonical":"https:\/\/www.sunny-tots.com\/es\/producto\/extension-8-cm-para-barrera-de-seguridad-geuther\/","og_locale":"es_ES","og_type":"article","og_title":"Extensi\u00f3n 8 cm. para Barrera de Seguridad Geuther :barreras","og_description":"\u00bfViajas con ni\u00f1os? Viaja m\u00e1s c\u00f3modo con un ligero equipaje, alquilando tu barrera puerta de seguridad. Te lo entregamos en tu lugar de vacaciones.","og_url":"https:\/\/www.sunny-tots.com\/es\/producto\/extension-8-cm-para-barrera-de-seguridad-geuther\/","og_site_name":"Sunny Tots","article_modified_time":"2025-09-24T18:09:25+00:00","og_image":[{"width":473,"height":601,"url":"https:\/\/www.sunny-tots.com\/wp-content\/uploads\/2023\/03\/001-548954782.png","type":"image\/png"}],"twitter_card":"summary_large_image","twitter_misc":{"Tiempo de lectura":"2 minutos"},"schema":{"@context":"https:\/\/schema.org","@graph":[{"@type":"WebPage","@id":"https:\/\/www.sunny-tots.com\/es\/producto\/extension-8-cm-para-barrera-de-seguridad-geuther\/","url":"https:\/\/www.sunny-tots.com\/es\/producto\/extension-8-cm-para-barrera-de-seguridad-geuther\/","name":"Extensi\u00f3n 8 cm. para Barrera de Seguridad Geuther :barreras","isPartOf":{"@id":"https:\/\/www.sunny-tots.com\/es\/#website"},"primaryImageOfPage":{"@id":"https:\/\/www.sunny-tots.com\/es\/producto\/extension-8-cm-para-barrera-de-seguridad-geuther\/#primaryimage"},"image":{"@id":"https:\/\/www.sunny-tots.com\/es\/producto\/extension-8-cm-para-barrera-de-seguridad-geuther\/#primaryimage"},"thumbnailUrl":"https:\/\/www.sunny-tots.com\/wp-content\/uploads\/2023\/03\/001-548954782.png","datePublished":"2024-02-27T01:55:58+00:00","dateModified":"2025-09-24T18:09:25+00:00","description":"\u00bfViajas con ni\u00f1os? Viaja m\u00e1s c\u00f3modo con un ligero equipaje, alquilando tu barrera puerta de seguridad. Te lo entregamos en tu lugar de vacaciones.","breadcrumb":{"@id":"https:\/\/www.sunny-tots.com\/es\/producto\/extension-8-cm-para-barrera-de-seguridad-geuther\/#breadcrumb"},"inLanguage":"es","potentialAction":[{"@type":"ReadAction","target":["https:\/\/www.sunny-tots.com\/es\/producto\/extension-8-cm-para-barrera-de-seguridad-geuther\/"]}]},{"@type":"ImageObject","inLanguage":"es","@id":"https:\/\/www.sunny-tots.com\/es\/producto\/extension-8-cm-para-barrera-de-seguridad-geuther\/#primaryimage","url":"https:\/\/www.sunny-tots.com\/wp-content\/uploads\/2023\/03\/001-548954782.png","contentUrl":"https:\/\/www.sunny-tots.com\/wp-content\/uploads\/2023\/03\/001-548954782.png","width":473,"height":601,"caption":"rent Geuther Stair-Safety Gate"},{"@type":"BreadcrumbList","@id":"https:\/\/www.sunny-tots.com\/es\/producto\/extension-8-cm-para-barrera-de-seguridad-geuther\/#breadcrumb","itemListElement":[{"@type":"ListItem","position":1,"name":"Portada","item":"https:\/\/www.sunny-tots.com\/es\/"},{"@type":"ListItem","position":2,"name":"Shop","item":"https:\/\/www.sunny-tots.com\/shop\/"},{"@type":"ListItem","position":3,"name":"Extensi\u00f3n 8 cm. para Barrera de Seguridad Geuther"}]},{"@type":"WebSite","@id":"https:\/\/www.sunny-tots.com\/es\/#website","url":"https:\/\/www.sunny-tots.com\/es\/","name":"Sunny Tots","description":"Strollers to rent and more baby equipment","publisher":{"@id":"https:\/\/www.sunny-tots.com\/es\/#organization"},"potentialAction":[{"@type":"SearchAction","target":{"@type":"EntryPoint","urlTemplate":"https:\/\/www.sunny-tots.com\/es\/?s={search_term_string}"},"query-input":{"@type":"PropertyValueSpecification","valueRequired":true,"valueName":"search_term_string"}}],"inLanguage":"es"},{"@type":"Organization","@id":"https:\/\/www.sunny-tots.com\/es\/#organization","name":"Sunny Tots","url":"https:\/\/www.sunny-tots.com\/es\/","logo":{"@type":"ImageObject","inLanguage":"es","@id":"https:\/\/www.sunny-tots.com\/es\/#\/schema\/logo\/image\/","url":"https:\/\/www.sunny-tots.com\/wp-content\/uploads\/2020\/01\/Recurso-2@3x-1024x333_mail.png","contentUrl":"https:\/\/www.sunny-tots.com\/wp-content\/uploads\/2020\/01\/Recurso-2@3x-1024x333_mail.png","width":350,"height":114,"caption":"Sunny Tots"},"image":{"@id":"https:\/\/www.sunny-tots.com\/es\/#\/schema\/logo\/image\/"}}]}},"_links":{"self":[{"href":"https:\/\/www.sunny-tots.com\/es\/wp-json\/wp\/v2\/product\/34672","targetHints":{"allow":["GET"]}}],"collection":[{"href":"https:\/\/www.sunny-tots.com\/es\/wp-json\/wp\/v2\/product"}],"about":[{"href":"https:\/\/www.sunny-tots.com\/es\/wp-json\/wp\/v2\/types\/product"}],"wp:featuredmedia":[{"embeddable":true,"href":"https:\/\/www.sunny-tots.com\/es\/wp-json\/wp\/v2\/media\/33828"}],"wp:attachment":[{"href":"https:\/\/www.sunny-tots.com\/es\/wp-json\/wp\/v2\/media?parent=34672"}],"wp:term":[{"taxonomy":"product_brand","embeddable":true,"href":"https:\/\/www.sunny-tots.com\/es\/wp-json\/wp\/v2\/product_brand?post=34672"},{"taxonomy":"product_cat","embeddable":true,"href":"https:\/\/www.sunny-tots.com\/es\/wp-json\/wp\/v2\/product_cat?post=34672"},{"taxonomy":"product_tag","embeddable":true,"href":"https:\/\/www.sunny-tots.com\/es\/wp-json\/wp\/v2\/product_tag?post=34672"}],"curies":[{"name":"wp","href":"https:\/\/api.w.org\/{rel}","templated":true}]}}