{"id":34670,"date":"2023-07-29T09:13:11","date_gmt":"2024-02-27T01:54:36","guid":{"rendered":"https:\/\/sunny.softblue.es\/?post_type=product&#038;p=34670"},"modified":"2025-09-24T19:46:44","modified_gmt":"2025-09-24T17:46:44","slug":"sillita-de-coche-maxi-cosi-cabriofix-grupo-0","status":"publish","type":"product","link":"https:\/\/www.sunny-tots.com\/es\/producto\/sillita-de-coche-maxi-cosi-cabriofix-grupo-0\/","title":{"rendered":"Sillita de coche Maxi-Cosi CabrioFix"},"content":{"rendered":"<div class=\"wpb-content-wrapper\"><p>[vc_row][vc_column][vc_tta_tabs][vc_tta_section title=\u00bbDescripci\u00f3n\u00bb tab_id=\u00bb1576602137921-d1adbf41-d2bfcd79-35904acf-312f\u00bb][vc_column_text css=\u00bb\u00bb]La silla de coche Maxi-Cosi CabrioFix es un sistema de retenci\u00f3n infantil perteneciente al grupo 0.<\/p>\n<p>De 0 a 12 meses.<br \/>\nDe 45 cm. a 75 cm.<br \/>\nDe 0 kg. a 13 kg.<\/p>\n<p>La silla se puede instalar en el autom\u00f3vil con el cintur\u00f3n de seguridad de tres puntos con o sin retractor del propio veh\u00edculo, homologado seg\u00fan norma UN \/ Ece-16 o equivalentes y con los conectores fijos si el autom\u00f3vil est\u00e1 equipado con cierres isofix.<\/p>\n<p>Incorpora el sistema Family Fix para obtener una instalaci\u00f3n Click &amp; Go.<\/p>\n<p>Este producto ha sido dise\u00f1ado, fabricado y aprobado bajo las m\u00e1s estrictas normas de seguridad. Ha sido dise\u00f1ado para que sea f\u00e1cil de usar. Por favor, lea el manual en esta secci\u00f3n y vea el video para obtener todos los detalles.<\/p>\n<p data-start=\"651\" data-end=\"947\">La <strong data-start=\"654\" data-end=\"702\">sillita de coche Maxi-Cosi CabrioFix Grupo 0<\/strong> es una silla infantil dise\u00f1ada para ofrecer seguridad, confort y practicidad desde el primer d\u00eda. Ideal para beb\u00e9s desde <strong data-start=\"824\" data-end=\"844\">0 hasta 12 meses<\/strong> (o de <strong data-start=\"851\" data-end=\"864\">0 a 13 kg<\/strong>, y entre los <strong data-start=\"878\" data-end=\"895\">45 cm y 75 cm<\/strong> de altura).<\/p>\n<p data-start=\"949\" data-end=\"1247\">Se puede instalar f\u00e1cilmente en el coche usando el <strong data-start=\"1000\" data-end=\"1040\">cintur\u00f3n de seguridad de tres puntos<\/strong>, con o sin retracci\u00f3n, o mediante conectores fijos si el veh\u00edculo est\u00e1 equipado con <strong data-start=\"1125\" data-end=\"1135\">Isofix<\/strong>, lo que proporciona una sujeci\u00f3n firme y reducida posibilidad de error.<\/p>\n<h3 data-start=\"1249\" data-end=\"1281\">Caracter\u00edsticas destacadas<\/h3>\n<ul data-start=\"1283\" data-end=\"1783\">\n<li data-start=\"1283\" data-end=\"1370\">\n<p data-start=\"1285\" data-end=\"1370\">Grupo 0: uso desde el nacimiento hasta 13 kg.<\/p>\n<\/li>\n<li data-start=\"1371\" data-end=\"1447\">\n<p data-start=\"1373\" data-end=\"1447\">Rango de altura: de 45 cm a 75 cm.<\/p>\n<\/li>\n<li data-start=\"1448\" data-end=\"1562\">\n<p data-start=\"1450\" data-end=\"1562\">Instalaci\u00f3n flexible: con cintur\u00f3n del coche o con Isofix si disponible.<\/p>\n<\/li>\n<li data-start=\"1563\" data-end=\"1713\">\n<p data-start=\"1565\" data-end=\"1713\">Homologaci\u00f3n conforme a normativas que garantizan los est\u00e1ndares de seguridad actuales en sillas infantiles.<\/p>\n<\/li>\n<li data-start=\"1714\" data-end=\"1783\">\n<p data-start=\"1716\" data-end=\"1783\">Dise\u00f1o ligero: facilita transporte entre coche y casa o cochecito.<\/p>\n<\/li>\n<\/ul>\n<h3 data-start=\"1785\" data-end=\"1832\">Ventajas de elegir la Maxi-Cosi CabrioFix<\/h3>\n<ul data-start=\"1834\" data-end=\"2238\">\n<li data-start=\"1834\" data-end=\"1942\">\n<p data-start=\"1836\" data-end=\"1942\">Protege al beb\u00e9 en sus primeros meses: posici\u00f3n adecuada, calidad en materiales, y cobertura homologada.<\/p>\n<\/li>\n<li data-start=\"1943\" data-end=\"2037\">\n<p data-start=\"1945\" data-end=\"2037\">Permite usar la base Isofix para mayor comodidad al entrar y salir del coche (click &amp; go).<\/p>\n<\/li>\n<li data-start=\"2038\" data-end=\"2155\">\n<p data-start=\"2040\" data-end=\"2155\">Compatible con varios cochecitos, lo que facilita convertir la sillita en sistema de viaje sin despertar al beb\u00e9.<\/p>\n<\/li>\n<li data-start=\"2156\" data-end=\"2238\">\n<p data-start=\"2158\" data-end=\"2238\">Facilidad de limpieza: muchas versiones permiten retirar la funda para lavado.<\/p>\n<\/li>\n<\/ul>\n<p>[\/vc_column_text][\/vc_tta_section][vc_tta_section title=\u00bbV\u00eddeo\u00bb tab_id=\u00bb1576602137934-e1609575-e072cd79-35904acf-312f\u00bb]<div class=\"gem-youtube gem-wrapbox gem-wrapbox-style-no-style rounded-corners gem-wrapbox-position-below\" style=\"width: 500px;\"><div class=\"gem-wrapbox-inner gem-ratio-style\" style=\"padding-top: 56.25%\"><iframe class=\"gem-wrapbox-element img-responsive\" width=\"500px\" height=\"350\" allowfullscreen=\"allowfullscreen\" frameborder=\"0\" scrolling=\"no\" marginheight=\"0\" marginwidth=\"0\" src=\"\/\/www.youtube.com\/embed\/saOf2F3KJbw?rel=0&amp;wmode=opaque\"><\/iframe><\/div><\/div>[\/vc_tta_section][vc_tta_section title=\u00bbPDFs\u00bb tab_id=\u00bb1580773967100-60b44549-b7994acf-312f\u00bb][vc_btn title=\u00bbMaxi-Cosi CabrioFix\u00bb i_icon_fontawesome=\u00bb\u00bb add_icon=\u00bbtrue\u00bb link=\u00bburl:https%3A%2F%2Fwww.sunny-tots.com%2Fwp-content%2Fuploads%2F2023%2F07%2Fmaxi-cosi_cabriofix_car_seat_0722217.pdf|target:_blank\u00bb][vc_btn title=\u00bbMaxi-Cosi FamilyFix\u00bb i_icon_fontawesome=\u00bb\u00bb add_icon=\u00bbtrue\u00bb link=\u00bburl:https%3A%2F%2Fwww.sunny-tots.com%2Fwp-content%2Fuploads%2F2023%2F07%2FMC609_carseat_EasyFix_DRU0618A15_manual_2016.pdf|target:_blank\u00bb][\/vc_tta_section][\/vc_tta_tabs][\/vc_column][\/vc_row]<\/p>\n<\/div>","protected":false},"excerpt":{"rendered":"<p>[vc_row][vc_column][vc_tta_tabs][vc_tta_section title=\u00bbDescripci\u00f3n\u00bb tab_id=\u00bb1576602137921-d1adbf41-d2bfcd79-35904acf-312f\u00bb][vc_column_text css=\u00bb\u00bb]La silla de coche Maxi-Cosi CabrioFix es un sistema de retenci\u00f3n infantil perteneciente al grupo 0. De&#8230;<\/p>\n","protected":false},"featured_media":34117,"template":"","meta":[],"product_brand":[],"product_cat":[367,373,471],"product_tag":[],"class_list":{"0":"post-34670","1":"product","2":"type-product","3":"status-publish","4":"has-post-thumbnail","6":"product_cat-en-la-carretera","7":"product_cat-seguridad","8":"product_cat-transporte-y-paseo","10":"first","11":"instock","12":"shipping-taxable","13":"purchasable","14":"product-type-redq_rental"},"yoast_head":"<!-- This site is optimized with the Yoast SEO plugin v27.1.1 - https:\/\/yoast.com\/product\/yoast-seo-wordpress\/ -->\n<title>Sillita de coche Maxi-Cosi CabrioFix Alquiler Sillita coche<\/title>\n<meta name=\"description\" content=\"\u00bfViajas con ni\u00f1os? Viaja m\u00e1s c\u00f3modo con un ligero equipaje, alquilando tu sillita de coche para beb\u00e9. Te lo entregamos en tu lugar de vacaciones.\" \/>\n<meta name=\"robots\" content=\"index, follow, max-snippet:-1, max-image-preview:large, max-video-preview:-1\" \/>\n<link rel=\"canonical\" href=\"https:\/\/www.sunny-tots.com\/es\/producto\/sillita-de-coche-maxi-cosi-cabriofix-grupo-0\/\" \/>\n<meta property=\"og:locale\" content=\"es_ES\" \/>\n<meta property=\"og:type\" content=\"article\" \/>\n<meta property=\"og:title\" content=\"Sillita de coche Maxi-Cosi CabrioFix Alquiler Sillita coche\" \/>\n<meta property=\"og:description\" content=\"\u00bfViajas con ni\u00f1os? Viaja m\u00e1s c\u00f3modo con un ligero equipaje, alquilando tu sillita de coche para beb\u00e9. Te lo entregamos en tu lugar de vacaciones.\" \/>\n<meta property=\"og:url\" content=\"https:\/\/www.sunny-tots.com\/es\/producto\/sillita-de-coche-maxi-cosi-cabriofix-grupo-0\/\" \/>\n<meta property=\"og:site_name\" content=\"Sunny Tots\" \/>\n<meta property=\"article:modified_time\" content=\"2025-09-24T17:46:44+00:00\" \/>\n<meta property=\"og:image\" content=\"https:\/\/www.sunny-tots.com\/wp-content\/uploads\/2023\/07\/001.png\" \/>\n\t<meta property=\"og:image:width\" content=\"679\" \/>\n\t<meta property=\"og:image:height\" content=\"760\" \/>\n\t<meta property=\"og:image:type\" content=\"image\/png\" \/>\n<meta name=\"twitter:card\" content=\"summary_large_image\" \/>\n<meta name=\"twitter:label1\" content=\"Tiempo de lectura\" \/>\n\t<meta name=\"twitter:data1\" content=\"2 minutos\" \/>\n<script type=\"application\/ld+json\" class=\"yoast-schema-graph\">{\"@context\":\"https:\/\/schema.org\",\"@graph\":[{\"@type\":\"WebPage\",\"@id\":\"https:\/\/www.sunny-tots.com\/es\/producto\/sillita-de-coche-maxi-cosi-cabriofix-grupo-0\/\",\"url\":\"https:\/\/www.sunny-tots.com\/es\/producto\/sillita-de-coche-maxi-cosi-cabriofix-grupo-0\/\",\"name\":\"Sillita de coche Maxi-Cosi CabrioFix Alquiler Sillita coche\",\"isPartOf\":{\"@id\":\"https:\/\/www.sunny-tots.com\/es\/#website\"},\"primaryImageOfPage\":{\"@id\":\"https:\/\/www.sunny-tots.com\/es\/producto\/sillita-de-coche-maxi-cosi-cabriofix-grupo-0\/#primaryimage\"},\"image\":{\"@id\":\"https:\/\/www.sunny-tots.com\/es\/producto\/sillita-de-coche-maxi-cosi-cabriofix-grupo-0\/#primaryimage\"},\"thumbnailUrl\":\"https:\/\/www.sunny-tots.com\/wp-content\/uploads\/2023\/07\/001.png\",\"datePublished\":\"2024-02-27T01:54:36+00:00\",\"dateModified\":\"2025-09-24T17:46:44+00:00\",\"description\":\"\u00bfViajas con ni\u00f1os? Viaja m\u00e1s c\u00f3modo con un ligero equipaje, alquilando tu sillita de coche para beb\u00e9. Te lo entregamos en tu lugar de vacaciones.\",\"breadcrumb\":{\"@id\":\"https:\/\/www.sunny-tots.com\/es\/producto\/sillita-de-coche-maxi-cosi-cabriofix-grupo-0\/#breadcrumb\"},\"inLanguage\":\"es\",\"potentialAction\":[{\"@type\":\"ReadAction\",\"target\":[\"https:\/\/www.sunny-tots.com\/es\/producto\/sillita-de-coche-maxi-cosi-cabriofix-grupo-0\/\"]}]},{\"@type\":\"ImageObject\",\"inLanguage\":\"es\",\"@id\":\"https:\/\/www.sunny-tots.com\/es\/producto\/sillita-de-coche-maxi-cosi-cabriofix-grupo-0\/#primaryimage\",\"url\":\"https:\/\/www.sunny-tots.com\/wp-content\/uploads\/2023\/07\/001.png\",\"contentUrl\":\"https:\/\/www.sunny-tots.com\/wp-content\/uploads\/2023\/07\/001.png\",\"width\":679,\"height\":760,\"caption\":\"rent maclaren baby stroller\"},{\"@type\":\"BreadcrumbList\",\"@id\":\"https:\/\/www.sunny-tots.com\/es\/producto\/sillita-de-coche-maxi-cosi-cabriofix-grupo-0\/#breadcrumb\",\"itemListElement\":[{\"@type\":\"ListItem\",\"position\":1,\"name\":\"Portada\",\"item\":\"https:\/\/www.sunny-tots.com\/es\/\"},{\"@type\":\"ListItem\",\"position\":2,\"name\":\"Shop\",\"item\":\"https:\/\/www.sunny-tots.com\/shop\/\"},{\"@type\":\"ListItem\",\"position\":3,\"name\":\"Sillita de coche Maxi-Cosi CabrioFix\"}]},{\"@type\":\"WebSite\",\"@id\":\"https:\/\/www.sunny-tots.com\/es\/#website\",\"url\":\"https:\/\/www.sunny-tots.com\/es\/\",\"name\":\"Sunny Tots\",\"description\":\"Strollers to rent and more baby equipment\",\"publisher\":{\"@id\":\"https:\/\/www.sunny-tots.com\/es\/#organization\"},\"potentialAction\":[{\"@type\":\"SearchAction\",\"target\":{\"@type\":\"EntryPoint\",\"urlTemplate\":\"https:\/\/www.sunny-tots.com\/es\/?s={search_term_string}\"},\"query-input\":{\"@type\":\"PropertyValueSpecification\",\"valueRequired\":true,\"valueName\":\"search_term_string\"}}],\"inLanguage\":\"es\"},{\"@type\":\"Organization\",\"@id\":\"https:\/\/www.sunny-tots.com\/es\/#organization\",\"name\":\"Sunny Tots\",\"url\":\"https:\/\/www.sunny-tots.com\/es\/\",\"logo\":{\"@type\":\"ImageObject\",\"inLanguage\":\"es\",\"@id\":\"https:\/\/www.sunny-tots.com\/es\/#\/schema\/logo\/image\/\",\"url\":\"https:\/\/www.sunny-tots.com\/wp-content\/uploads\/2020\/01\/Recurso-2@3x-1024x333_mail.png\",\"contentUrl\":\"https:\/\/www.sunny-tots.com\/wp-content\/uploads\/2020\/01\/Recurso-2@3x-1024x333_mail.png\",\"width\":350,\"height\":114,\"caption\":\"Sunny Tots\"},\"image\":{\"@id\":\"https:\/\/www.sunny-tots.com\/es\/#\/schema\/logo\/image\/\"}}]}<\/script>\n<!-- \/ Yoast SEO plugin. -->","yoast_head_json":{"title":"Sillita de coche Maxi-Cosi CabrioFix Alquiler Sillita coche","description":"\u00bfViajas con ni\u00f1os? Viaja m\u00e1s c\u00f3modo con un ligero equipaje, alquilando tu sillita de coche para beb\u00e9. Te lo entregamos en tu lugar de vacaciones.","robots":{"index":"index","follow":"follow","max-snippet":"max-snippet:-1","max-image-preview":"max-image-preview:large","max-video-preview":"max-video-preview:-1"},"canonical":"https:\/\/www.sunny-tots.com\/es\/producto\/sillita-de-coche-maxi-cosi-cabriofix-grupo-0\/","og_locale":"es_ES","og_type":"article","og_title":"Sillita de coche Maxi-Cosi CabrioFix Alquiler Sillita coche","og_description":"\u00bfViajas con ni\u00f1os? Viaja m\u00e1s c\u00f3modo con un ligero equipaje, alquilando tu sillita de coche para beb\u00e9. Te lo entregamos en tu lugar de vacaciones.","og_url":"https:\/\/www.sunny-tots.com\/es\/producto\/sillita-de-coche-maxi-cosi-cabriofix-grupo-0\/","og_site_name":"Sunny Tots","article_modified_time":"2025-09-24T17:46:44+00:00","og_image":[{"width":679,"height":760,"url":"https:\/\/www.sunny-tots.com\/wp-content\/uploads\/2023\/07\/001.png","type":"image\/png"}],"twitter_card":"summary_large_image","twitter_misc":{"Tiempo de lectura":"2 minutos"},"schema":{"@context":"https:\/\/schema.org","@graph":[{"@type":"WebPage","@id":"https:\/\/www.sunny-tots.com\/es\/producto\/sillita-de-coche-maxi-cosi-cabriofix-grupo-0\/","url":"https:\/\/www.sunny-tots.com\/es\/producto\/sillita-de-coche-maxi-cosi-cabriofix-grupo-0\/","name":"Sillita de coche Maxi-Cosi CabrioFix Alquiler Sillita coche","isPartOf":{"@id":"https:\/\/www.sunny-tots.com\/es\/#website"},"primaryImageOfPage":{"@id":"https:\/\/www.sunny-tots.com\/es\/producto\/sillita-de-coche-maxi-cosi-cabriofix-grupo-0\/#primaryimage"},"image":{"@id":"https:\/\/www.sunny-tots.com\/es\/producto\/sillita-de-coche-maxi-cosi-cabriofix-grupo-0\/#primaryimage"},"thumbnailUrl":"https:\/\/www.sunny-tots.com\/wp-content\/uploads\/2023\/07\/001.png","datePublished":"2024-02-27T01:54:36+00:00","dateModified":"2025-09-24T17:46:44+00:00","description":"\u00bfViajas con ni\u00f1os? Viaja m\u00e1s c\u00f3modo con un ligero equipaje, alquilando tu sillita de coche para beb\u00e9. Te lo entregamos en tu lugar de vacaciones.","breadcrumb":{"@id":"https:\/\/www.sunny-tots.com\/es\/producto\/sillita-de-coche-maxi-cosi-cabriofix-grupo-0\/#breadcrumb"},"inLanguage":"es","potentialAction":[{"@type":"ReadAction","target":["https:\/\/www.sunny-tots.com\/es\/producto\/sillita-de-coche-maxi-cosi-cabriofix-grupo-0\/"]}]},{"@type":"ImageObject","inLanguage":"es","@id":"https:\/\/www.sunny-tots.com\/es\/producto\/sillita-de-coche-maxi-cosi-cabriofix-grupo-0\/#primaryimage","url":"https:\/\/www.sunny-tots.com\/wp-content\/uploads\/2023\/07\/001.png","contentUrl":"https:\/\/www.sunny-tots.com\/wp-content\/uploads\/2023\/07\/001.png","width":679,"height":760,"caption":"rent maclaren baby stroller"},{"@type":"BreadcrumbList","@id":"https:\/\/www.sunny-tots.com\/es\/producto\/sillita-de-coche-maxi-cosi-cabriofix-grupo-0\/#breadcrumb","itemListElement":[{"@type":"ListItem","position":1,"name":"Portada","item":"https:\/\/www.sunny-tots.com\/es\/"},{"@type":"ListItem","position":2,"name":"Shop","item":"https:\/\/www.sunny-tots.com\/shop\/"},{"@type":"ListItem","position":3,"name":"Sillita de coche Maxi-Cosi CabrioFix"}]},{"@type":"WebSite","@id":"https:\/\/www.sunny-tots.com\/es\/#website","url":"https:\/\/www.sunny-tots.com\/es\/","name":"Sunny Tots","description":"Strollers to rent and more baby equipment","publisher":{"@id":"https:\/\/www.sunny-tots.com\/es\/#organization"},"potentialAction":[{"@type":"SearchAction","target":{"@type":"EntryPoint","urlTemplate":"https:\/\/www.sunny-tots.com\/es\/?s={search_term_string}"},"query-input":{"@type":"PropertyValueSpecification","valueRequired":true,"valueName":"search_term_string"}}],"inLanguage":"es"},{"@type":"Organization","@id":"https:\/\/www.sunny-tots.com\/es\/#organization","name":"Sunny Tots","url":"https:\/\/www.sunny-tots.com\/es\/","logo":{"@type":"ImageObject","inLanguage":"es","@id":"https:\/\/www.sunny-tots.com\/es\/#\/schema\/logo\/image\/","url":"https:\/\/www.sunny-tots.com\/wp-content\/uploads\/2020\/01\/Recurso-2@3x-1024x333_mail.png","contentUrl":"https:\/\/www.sunny-tots.com\/wp-content\/uploads\/2020\/01\/Recurso-2@3x-1024x333_mail.png","width":350,"height":114,"caption":"Sunny Tots"},"image":{"@id":"https:\/\/www.sunny-tots.com\/es\/#\/schema\/logo\/image\/"}}]}},"_links":{"self":[{"href":"https:\/\/www.sunny-tots.com\/es\/wp-json\/wp\/v2\/product\/34670","targetHints":{"allow":["GET"]}}],"collection":[{"href":"https:\/\/www.sunny-tots.com\/es\/wp-json\/wp\/v2\/product"}],"about":[{"href":"https:\/\/www.sunny-tots.com\/es\/wp-json\/wp\/v2\/types\/product"}],"wp:featuredmedia":[{"embeddable":true,"href":"https:\/\/www.sunny-tots.com\/es\/wp-json\/wp\/v2\/media\/34117"}],"wp:attachment":[{"href":"https:\/\/www.sunny-tots.com\/es\/wp-json\/wp\/v2\/media?parent=34670"}],"wp:term":[{"taxonomy":"product_brand","embeddable":true,"href":"https:\/\/www.sunny-tots.com\/es\/wp-json\/wp\/v2\/product_brand?post=34670"},{"taxonomy":"product_cat","embeddable":true,"href":"https:\/\/www.sunny-tots.com\/es\/wp-json\/wp\/v2\/product_cat?post=34670"},{"taxonomy":"product_tag","embeddable":true,"href":"https:\/\/www.sunny-tots.com\/es\/wp-json\/wp\/v2\/product_tag?post=34670"}],"curies":[{"name":"wp","href":"https:\/\/api.w.org\/{rel}","templated":true}]}}