{"id":34653,"date":"2022-09-18T19:07:06","date_gmt":"2024-02-27T01:32:51","guid":{"rendered":"https:\/\/sunny.softblue.es\/?post_type=product&#038;p=34653"},"modified":"2025-10-03T18:33:03","modified_gmt":"2025-10-03T16:33:03","slug":"set-extra-de-sabanas-y-manta","status":"publish","type":"product","link":"https:\/\/www.sunny-tots.com\/es\/producto\/set-extra-de-sabanas-y-manta\/","title":{"rendered":"Set extra de sabanas y manta"},"content":{"rendered":"<div class=\"wpb-content-wrapper\"><p>[vc_row][vc_column][vc_tta_tabs][vc_tta_section title=\u00bbDescripci\u00f3n\u00bb tab_id=\u00bb1576602137921-d1adbf41-d2bf40d4-e7c1c8fa-0d20&#8243;][vc_column_text css=\u00bb\u00bb]Set para nuestra cuna Babybjorn 100% algod\u00f3n<\/p>\n<p>&#8211; Protector<\/p>\n<p>&#8211; Sabana bajera<\/p>\n<p>&#8211; Sabana<\/p>\n<p>&#8211; Manta<\/p>\n<p data-start=\"571\" data-end=\"898\">El <strong data-start=\"574\" data-end=\"606\">Set extra de s\u00e1banas y manta<\/strong> de Sunny Tots es la soluci\u00f3n perfecta para padres que buscan comodidad y practicidad durante viajes, estancias cortas o visitas. Este set incluye s\u00e1banas y una manta dise\u00f1adas para cuna o minicuna, proporcionando un entorno limpio y c\u00f3modo para el beb\u00e9.<\/p>\n<h3 data-start=\"900\" data-end=\"930\">Caracter\u00edsticas destacadas<\/h3>\n<ul data-start=\"932\" data-end=\"1213\">\n<li data-start=\"932\" data-end=\"1013\">\n<p data-start=\"934\" data-end=\"1013\"><strong data-start=\"934\" data-end=\"956\">Alquiler econ\u00f3mico<\/strong>: desde 1,95\u20ac por set, ideal para necesidades temporales.<\/p>\n<\/li>\n<li data-start=\"1014\" data-end=\"1078\">\n<p data-start=\"1016\" data-end=\"1078\"><strong data-start=\"1016\" data-end=\"1035\">Dise\u00f1o vers\u00e1til<\/strong>: adecuado para cunas y minicunas est\u00e1ndar.<\/p>\n<\/li>\n<li data-start=\"1079\" data-end=\"1145\">\n<p data-start=\"1081\" data-end=\"1145\"><strong data-start=\"1081\" data-end=\"1104\">Higiene garantizada<\/strong>: productos lavados y listos para su uso.<\/p>\n<\/li>\n<li data-start=\"1146\" data-end=\"1213\">\n<p data-start=\"1148\" data-end=\"1213\"><strong data-start=\"1148\" data-end=\"1174\">Comodidad para el beb\u00e9<\/strong>: tejidos suaves y agradables al tacto.<\/p>\n<\/li>\n<\/ul>\n<h3 data-start=\"1215\" data-end=\"1246\">Ventajas de elegir este set<\/h3>\n<ul data-start=\"1248\" data-end=\"1478\">\n<li data-start=\"1248\" data-end=\"1324\">\n<p data-start=\"1250\" data-end=\"1324\"><strong data-start=\"1250\" data-end=\"1265\">Practicidad<\/strong>: evita la necesidad de transportar ropa de cama adicional.<\/p>\n<\/li>\n<li data-start=\"1325\" data-end=\"1397\">\n<p data-start=\"1327\" data-end=\"1397\"><strong data-start=\"1327\" data-end=\"1348\">Ahorro de espacio<\/strong>: perfecto para viajes o estancias fuera de casa.<\/p>\n<\/li>\n<li data-start=\"1398\" data-end=\"1478\">\n<p data-start=\"1400\" data-end=\"1478\"><strong data-start=\"1400\" data-end=\"1416\">Tranquilidad<\/strong>: productos higi\u00e9nicos y listos para usar, sin preocupaciones.<\/p>\n<\/li>\n<\/ul>\n<p data-start=\"1480\" data-end=\"1617\">Este set es ideal para quienes buscan una soluci\u00f3n temporal y c\u00f3moda para el descanso del beb\u00e9, sin comprometer la calidad ni la higiene.<\/p>\n<p>[\/vc_column_text][\/vc_tta_section][vc_tta_section title=\u00bbV\u00eddeo\u00bb tab_id=\u00bb1576602137934-e1609575-e07240d4-e7c1c8fa-0d20&#8243;][\/vc_tta_section][vc_tta_section title=\u00bbPDFs\u00bb tab_id=\u00bb1580773946658-922cb746-86c8c8fa-0d20&#8243;][\/vc_tta_section][\/vc_tta_tabs][\/vc_column][\/vc_row]<\/p>\n<\/div>","protected":false},"excerpt":{"rendered":"<p>[vc_row][vc_column][vc_tta_tabs][vc_tta_section title=\u00bbDescripci\u00f3n\u00bb tab_id=\u00bb1576602137921-d1adbf41-d2bf40d4-e7c1c8fa-0d20&#8243;][vc_column_text css=\u00bb\u00bb]Set para nuestra cuna Babybjorn 100% algod\u00f3n &#8211; Protector &#8211; Sabana bajera &#8211; Sabana &#8211; Manta El&#8230;<\/p>\n","protected":false},"featured_media":33412,"template":"","meta":[],"product_brand":[],"product_cat":[472,375],"product_tag":[],"class_list":{"0":"post-34653","1":"product","2":"type-product","3":"status-publish","4":"has-post-thumbnail","6":"product_cat-descanso-y-sueno","7":"product_cat-hora-de-dormir","9":"first","10":"instock","11":"shipping-taxable","12":"purchasable","13":"product-type-redq_rental"},"yoast_head":"<!-- This site is optimized with the Yoast SEO plugin v27.1.1 - https:\/\/yoast.com\/product\/yoast-seo-wordpress\/ -->\n<title>Set extra de sabanas y manta - Sunny Tots : Alquiler de tronas para beb\u00e9<\/title>\n<meta name=\"description\" content=\"\u00bfViajas con ni\u00f1os? Viaja m\u00e1s c\u00f3modo con un ligero equipaje, alquilando tu colch\u00f3n inchable. Te lo entregamos en tu lugar de vacaciones.\" \/>\n<meta name=\"robots\" content=\"index, follow, max-snippet:-1, max-image-preview:large, max-video-preview:-1\" \/>\n<link rel=\"canonical\" href=\"https:\/\/www.sunny-tots.com\/es\/producto\/set-extra-de-sabanas-y-manta\/\" \/>\n<meta property=\"og:locale\" content=\"es_ES\" \/>\n<meta property=\"og:type\" content=\"article\" \/>\n<meta property=\"og:title\" content=\"Set extra de sabanas y manta - Sunny Tots : Alquiler de tronas para beb\u00e9\" \/>\n<meta property=\"og:description\" content=\"\u00bfViajas con ni\u00f1os? Viaja m\u00e1s c\u00f3modo con un ligero equipaje, alquilando tu colch\u00f3n inchable. Te lo entregamos en tu lugar de vacaciones.\" \/>\n<meta property=\"og:url\" content=\"https:\/\/www.sunny-tots.com\/es\/producto\/set-extra-de-sabanas-y-manta\/\" \/>\n<meta property=\"og:site_name\" content=\"Sunny Tots\" \/>\n<meta property=\"article:modified_time\" content=\"2025-10-03T16:33:03+00:00\" \/>\n<meta property=\"og:image\" content=\"https:\/\/www.sunny-tots.com\/wp-content\/uploads\/2022\/09\/0001.jpeg\" \/>\n\t<meta property=\"og:image:width\" content=\"1080\" \/>\n\t<meta property=\"og:image:height\" content=\"681\" \/>\n\t<meta property=\"og:image:type\" content=\"image\/jpeg\" \/>\n<meta name=\"twitter:card\" content=\"summary_large_image\" \/>\n<meta name=\"twitter:label1\" content=\"Tiempo de lectura\" \/>\n\t<meta name=\"twitter:data1\" content=\"1 minuto\" \/>\n<script type=\"application\/ld+json\" class=\"yoast-schema-graph\">{\"@context\":\"https:\/\/schema.org\",\"@graph\":[{\"@type\":\"WebPage\",\"@id\":\"https:\/\/www.sunny-tots.com\/es\/producto\/set-extra-de-sabanas-y-manta\/\",\"url\":\"https:\/\/www.sunny-tots.com\/es\/producto\/set-extra-de-sabanas-y-manta\/\",\"name\":\"Set extra de sabanas y manta - Sunny Tots : Alquiler de tronas para beb\u00e9\",\"isPartOf\":{\"@id\":\"https:\/\/www.sunny-tots.com\/es\/#website\"},\"primaryImageOfPage\":{\"@id\":\"https:\/\/www.sunny-tots.com\/es\/producto\/set-extra-de-sabanas-y-manta\/#primaryimage\"},\"image\":{\"@id\":\"https:\/\/www.sunny-tots.com\/es\/producto\/set-extra-de-sabanas-y-manta\/#primaryimage\"},\"thumbnailUrl\":\"https:\/\/www.sunny-tots.com\/wp-content\/uploads\/2022\/09\/0001.jpeg\",\"datePublished\":\"2024-02-27T01:32:51+00:00\",\"dateModified\":\"2025-10-03T16:33:03+00:00\",\"description\":\"\u00bfViajas con ni\u00f1os? Viaja m\u00e1s c\u00f3modo con un ligero equipaje, alquilando tu colch\u00f3n inchable. Te lo entregamos en tu lugar de vacaciones.\",\"breadcrumb\":{\"@id\":\"https:\/\/www.sunny-tots.com\/es\/producto\/set-extra-de-sabanas-y-manta\/#breadcrumb\"},\"inLanguage\":\"es\",\"potentialAction\":[{\"@type\":\"ReadAction\",\"target\":[\"https:\/\/www.sunny-tots.com\/es\/producto\/set-extra-de-sabanas-y-manta\/\"]}]},{\"@type\":\"ImageObject\",\"inLanguage\":\"es\",\"@id\":\"https:\/\/www.sunny-tots.com\/es\/producto\/set-extra-de-sabanas-y-manta\/#primaryimage\",\"url\":\"https:\/\/www.sunny-tots.com\/wp-content\/uploads\/2022\/09\/0001.jpeg\",\"contentUrl\":\"https:\/\/www.sunny-tots.com\/wp-content\/uploads\/2022\/09\/0001.jpeg\",\"width\":1080,\"height\":681,\"caption\":\"rent Set of extra sheets and blanket\"},{\"@type\":\"BreadcrumbList\",\"@id\":\"https:\/\/www.sunny-tots.com\/es\/producto\/set-extra-de-sabanas-y-manta\/#breadcrumb\",\"itemListElement\":[{\"@type\":\"ListItem\",\"position\":1,\"name\":\"Portada\",\"item\":\"https:\/\/www.sunny-tots.com\/es\/\"},{\"@type\":\"ListItem\",\"position\":2,\"name\":\"Shop\",\"item\":\"https:\/\/www.sunny-tots.com\/shop\/\"},{\"@type\":\"ListItem\",\"position\":3,\"name\":\"Set extra de sabanas y manta\"}]},{\"@type\":\"WebSite\",\"@id\":\"https:\/\/www.sunny-tots.com\/es\/#website\",\"url\":\"https:\/\/www.sunny-tots.com\/es\/\",\"name\":\"Sunny Tots\",\"description\":\"Strollers to rent and more baby equipment\",\"publisher\":{\"@id\":\"https:\/\/www.sunny-tots.com\/es\/#organization\"},\"potentialAction\":[{\"@type\":\"SearchAction\",\"target\":{\"@type\":\"EntryPoint\",\"urlTemplate\":\"https:\/\/www.sunny-tots.com\/es\/?s={search_term_string}\"},\"query-input\":{\"@type\":\"PropertyValueSpecification\",\"valueRequired\":true,\"valueName\":\"search_term_string\"}}],\"inLanguage\":\"es\"},{\"@type\":\"Organization\",\"@id\":\"https:\/\/www.sunny-tots.com\/es\/#organization\",\"name\":\"Sunny Tots\",\"url\":\"https:\/\/www.sunny-tots.com\/es\/\",\"logo\":{\"@type\":\"ImageObject\",\"inLanguage\":\"es\",\"@id\":\"https:\/\/www.sunny-tots.com\/es\/#\/schema\/logo\/image\/\",\"url\":\"https:\/\/www.sunny-tots.com\/wp-content\/uploads\/2020\/01\/Recurso-2@3x-1024x333_mail.png\",\"contentUrl\":\"https:\/\/www.sunny-tots.com\/wp-content\/uploads\/2020\/01\/Recurso-2@3x-1024x333_mail.png\",\"width\":350,\"height\":114,\"caption\":\"Sunny Tots\"},\"image\":{\"@id\":\"https:\/\/www.sunny-tots.com\/es\/#\/schema\/logo\/image\/\"}}]}<\/script>\n<!-- \/ Yoast SEO plugin. -->","yoast_head_json":{"title":"Set extra de sabanas y manta - Sunny Tots : Alquiler de tronas para beb\u00e9","description":"\u00bfViajas con ni\u00f1os? Viaja m\u00e1s c\u00f3modo con un ligero equipaje, alquilando tu colch\u00f3n inchable. Te lo entregamos en tu lugar de vacaciones.","robots":{"index":"index","follow":"follow","max-snippet":"max-snippet:-1","max-image-preview":"max-image-preview:large","max-video-preview":"max-video-preview:-1"},"canonical":"https:\/\/www.sunny-tots.com\/es\/producto\/set-extra-de-sabanas-y-manta\/","og_locale":"es_ES","og_type":"article","og_title":"Set extra de sabanas y manta - Sunny Tots : Alquiler de tronas para beb\u00e9","og_description":"\u00bfViajas con ni\u00f1os? Viaja m\u00e1s c\u00f3modo con un ligero equipaje, alquilando tu colch\u00f3n inchable. Te lo entregamos en tu lugar de vacaciones.","og_url":"https:\/\/www.sunny-tots.com\/es\/producto\/set-extra-de-sabanas-y-manta\/","og_site_name":"Sunny Tots","article_modified_time":"2025-10-03T16:33:03+00:00","og_image":[{"width":1080,"height":681,"url":"https:\/\/www.sunny-tots.com\/wp-content\/uploads\/2022\/09\/0001.jpeg","type":"image\/jpeg"}],"twitter_card":"summary_large_image","twitter_misc":{"Tiempo de lectura":"1 minuto"},"schema":{"@context":"https:\/\/schema.org","@graph":[{"@type":"WebPage","@id":"https:\/\/www.sunny-tots.com\/es\/producto\/set-extra-de-sabanas-y-manta\/","url":"https:\/\/www.sunny-tots.com\/es\/producto\/set-extra-de-sabanas-y-manta\/","name":"Set extra de sabanas y manta - Sunny Tots : Alquiler de tronas para beb\u00e9","isPartOf":{"@id":"https:\/\/www.sunny-tots.com\/es\/#website"},"primaryImageOfPage":{"@id":"https:\/\/www.sunny-tots.com\/es\/producto\/set-extra-de-sabanas-y-manta\/#primaryimage"},"image":{"@id":"https:\/\/www.sunny-tots.com\/es\/producto\/set-extra-de-sabanas-y-manta\/#primaryimage"},"thumbnailUrl":"https:\/\/www.sunny-tots.com\/wp-content\/uploads\/2022\/09\/0001.jpeg","datePublished":"2024-02-27T01:32:51+00:00","dateModified":"2025-10-03T16:33:03+00:00","description":"\u00bfViajas con ni\u00f1os? Viaja m\u00e1s c\u00f3modo con un ligero equipaje, alquilando tu colch\u00f3n inchable. Te lo entregamos en tu lugar de vacaciones.","breadcrumb":{"@id":"https:\/\/www.sunny-tots.com\/es\/producto\/set-extra-de-sabanas-y-manta\/#breadcrumb"},"inLanguage":"es","potentialAction":[{"@type":"ReadAction","target":["https:\/\/www.sunny-tots.com\/es\/producto\/set-extra-de-sabanas-y-manta\/"]}]},{"@type":"ImageObject","inLanguage":"es","@id":"https:\/\/www.sunny-tots.com\/es\/producto\/set-extra-de-sabanas-y-manta\/#primaryimage","url":"https:\/\/www.sunny-tots.com\/wp-content\/uploads\/2022\/09\/0001.jpeg","contentUrl":"https:\/\/www.sunny-tots.com\/wp-content\/uploads\/2022\/09\/0001.jpeg","width":1080,"height":681,"caption":"rent Set of extra sheets and blanket"},{"@type":"BreadcrumbList","@id":"https:\/\/www.sunny-tots.com\/es\/producto\/set-extra-de-sabanas-y-manta\/#breadcrumb","itemListElement":[{"@type":"ListItem","position":1,"name":"Portada","item":"https:\/\/www.sunny-tots.com\/es\/"},{"@type":"ListItem","position":2,"name":"Shop","item":"https:\/\/www.sunny-tots.com\/shop\/"},{"@type":"ListItem","position":3,"name":"Set extra de sabanas y manta"}]},{"@type":"WebSite","@id":"https:\/\/www.sunny-tots.com\/es\/#website","url":"https:\/\/www.sunny-tots.com\/es\/","name":"Sunny Tots","description":"Strollers to rent and more baby equipment","publisher":{"@id":"https:\/\/www.sunny-tots.com\/es\/#organization"},"potentialAction":[{"@type":"SearchAction","target":{"@type":"EntryPoint","urlTemplate":"https:\/\/www.sunny-tots.com\/es\/?s={search_term_string}"},"query-input":{"@type":"PropertyValueSpecification","valueRequired":true,"valueName":"search_term_string"}}],"inLanguage":"es"},{"@type":"Organization","@id":"https:\/\/www.sunny-tots.com\/es\/#organization","name":"Sunny Tots","url":"https:\/\/www.sunny-tots.com\/es\/","logo":{"@type":"ImageObject","inLanguage":"es","@id":"https:\/\/www.sunny-tots.com\/es\/#\/schema\/logo\/image\/","url":"https:\/\/www.sunny-tots.com\/wp-content\/uploads\/2020\/01\/Recurso-2@3x-1024x333_mail.png","contentUrl":"https:\/\/www.sunny-tots.com\/wp-content\/uploads\/2020\/01\/Recurso-2@3x-1024x333_mail.png","width":350,"height":114,"caption":"Sunny Tots"},"image":{"@id":"https:\/\/www.sunny-tots.com\/es\/#\/schema\/logo\/image\/"}}]}},"_links":{"self":[{"href":"https:\/\/www.sunny-tots.com\/es\/wp-json\/wp\/v2\/product\/34653","targetHints":{"allow":["GET"]}}],"collection":[{"href":"https:\/\/www.sunny-tots.com\/es\/wp-json\/wp\/v2\/product"}],"about":[{"href":"https:\/\/www.sunny-tots.com\/es\/wp-json\/wp\/v2\/types\/product"}],"wp:featuredmedia":[{"embeddable":true,"href":"https:\/\/www.sunny-tots.com\/es\/wp-json\/wp\/v2\/media\/33412"}],"wp:attachment":[{"href":"https:\/\/www.sunny-tots.com\/es\/wp-json\/wp\/v2\/media?parent=34653"}],"wp:term":[{"taxonomy":"product_brand","embeddable":true,"href":"https:\/\/www.sunny-tots.com\/es\/wp-json\/wp\/v2\/product_brand?post=34653"},{"taxonomy":"product_cat","embeddable":true,"href":"https:\/\/www.sunny-tots.com\/es\/wp-json\/wp\/v2\/product_cat?post=34653"},{"taxonomy":"product_tag","embeddable":true,"href":"https:\/\/www.sunny-tots.com\/es\/wp-json\/wp\/v2\/product_tag?post=34653"}],"curies":[{"name":"wp","href":"https:\/\/api.w.org\/{rel}","templated":true}]}}