{"id":34593,"date":"2024-02-26T22:22:23","date_gmt":"2024-02-26T21:22:23","guid":{"rendered":"https:\/\/sunny.softblue.es\/?page_id=34593"},"modified":"2024-02-26T22:22:23","modified_gmt":"2024-02-26T21:22:23","slug":"politica-de-privacidad","status":"publish","type":"page","link":"https:\/\/www.sunny-tots.com\/es\/politica-de-privacidad\/","title":{"rendered":"Pol\u00edtica de privacidad"},"content":{"rendered":"<div class=\"wpb-content-wrapper\">[vc_row][vc_column][vc_column_text]\r\n<h3 class=\"widget-title wp-block-heading\"><strong>Pol\u00edtica de Privacidad<\/strong><\/h3>\r\n<h4><strong>RESPONSABLE DEL TRATAMIENTO DE TUS DATOS PERSONALES<\/strong><\/h4>\r\n<ul>\r\n \t<li><strong>Identidad del Responsable<\/strong>: Rebeca Susan Mahaffey Bultitude<\/li>\r\n \t<li><strong>Nombre comercial<\/strong>: Sunny Tots<\/li>\r\n \t<li><strong>NIF\/CIF<\/strong>: 53217490K<\/li>\r\n \t<li><strong>Direcci\u00f3n<\/strong>: Carrer Sant Sebasti\u00e0, Patr\u00f3 de X\u00e0bia, 1 Local &#8211; J\u00e1vea\/X\u00e0bia, CP. 03730, provincia de Alicante\/Alacant<\/li>\r\n \t<li><strong>Correo electr\u00f3nico<\/strong>: info@sunny-tots.com<\/li>\r\n<\/ul>\r\n<h4><strong>\u00bfPARA QU\u00c9 TRATAMOS TUS DATOS?<\/strong><\/h4>\r\nEn\u00a0<strong>Rebeca Susan Mahaffey Bultitude<\/strong>\u00a0tratamos los datos del cliente para la prestaci\u00f3n del servicio, as\u00ed como para otras finalidades que el mismo permita en los t\u00e9rminos informados en la presente Pol\u00edtica de Privacidad. Adicionalmente, durante la vigencia de la relaci\u00f3n contractual, se podr\u00e1n incorporar otros datos para \u00e9stas u otras finalidades, en cuyo caso el cliente ser\u00e1 debidamente informado en el momento de la recogida de los mismos.\r\n\r\nEl cliente ser\u00e1 el \u00fanico responsable de toda la informaci\u00f3n que proporcione a\u00a0<strong>Rebeca Susan Mahaffey Bultitude<\/strong>\u00a0para la gesti\u00f3n y contrataci\u00f3n de los productos y servicios, garantizando que est\u00e1 facultado y, en su caso, ha obtenido el consentimiento del resto de usuarios o interlocutores para la entrega.\u00a0<strong>Rebeca Susan Mahaffey Bultitude<\/strong>\u00a0no se responsabilizan de la utilizaci\u00f3n de datos falsos, inexactos, incompletos, no actualizados proporcionados por el cliente.\r\n\r\nExisten otras finalidades por la que trato tus datos personales:\r\n<ul>\r\n \t<li>Para garantizar el cumplimiento de las condiciones de uso y la ley aplicable. Esto puede incluir el desarrollo de herramientas y algoritmos que ayudan a esta web a garantizar la confidencialidad de los datos personales que recoge.<\/li>\r\n \t<li>Para apoyar y mejorar los servicios que ofrece esta web.<\/li>\r\n<\/ul>\r\n<h4><strong>\u00bfQU\u00c9 DERECHOS TENGO Y C\u00d3MO PUEDO EJERCERLOS?<\/strong><\/h4>\r\nLa normativa de protecci\u00f3n de datos le garantiza los siguientes derechos:\r\n<ul>\r\n \t<li><strong>Acceso<\/strong>: Permite conocer qu\u00e9 informaci\u00f3n se tiene, de d\u00f3nde se ha obtenido, a qui\u00e9n se ha facilitado y con qu\u00e9 usos se ha tratado.<\/li>\r\n \t<li><strong>Rectificaci\u00f3n<\/strong>: Permite rectificar alg\u00fan dato err\u00f3neo o desactualizado<\/li>\r\n \t<li><strong>Supresi\u00f3n<\/strong>: Permite conseguir que se dejen de tratar sus datos.<\/li>\r\n \t<li><strong>Oposici\u00f3n<\/strong>: Permite conseguir que se dejen de utilizar sus datos con una finalidad concreta en determinadas circunstancias.<\/li>\r\n \t<li><strong>Limitaci\u00f3n<\/strong>: Permite restringir el tratamiento de sus datos, pero de forma que sean conservados para alguna finalidad posterior.<\/li>\r\n \t<li><strong>Portabilidad<\/strong>: Permite obtener una copia de sus datos en formato electr\u00f3nico y, en determinadas circunstancias, solicitar que sean comunicados a otro prestador de servicios. S\u00f3lo es aplicable para tratamientos informatizados realizados con su consentimiento o para el cumplimiento de un contrato.<\/li>\r\n \t<li><strong>Revocaci\u00f3n del consentimiento<\/strong>: Permite retirar el consentimiento que, en su caso, haya prestado para el tratamiento de sus datos.<\/li>\r\n<\/ul>\r\nPara ejercer cualquiera de estos derechos, ser\u00e1 necesario que pueda acreditar su identidad y vincular dicha identidad con los datos tratados por\u00a0<strong>Rebeca Susan Mahaffey Bultitude<\/strong>.\r\n\r\nEstos derechos podr\u00e1n ser ejercidos por correo postal al domicilio indicado anteriormente o enviando un email a la direcci\u00f3n electr\u00f3nica del responsable del tratamiento de los datos.\r\n<h4><strong>MEDIDAS DE SEGURIDAD<\/strong><\/h4>\r\nDe conformidad con lo dispuesto en las normativas vigentes en materia de protecci\u00f3n de datos personales,\u00a0<strong>Rebeca Susan Mahaffey Bultitude<\/strong>\u00a0est\u00e1 cumpliendo con todas las disposiciones de las normativas RGPD y LOPDGDD para el tratamiento de los datos personales de su responsabilidad, los cuales son tratados de manera l\u00edcita, leal y transparente en relaci\u00f3n con el interesado y adecuados, pertinentes y limitados a lo necesario en relaci\u00f3n con los fines para los que son tratados.\r\n\r\n<strong>Rebeca Susan Mahaffey Bultitude<\/strong>\u00a0garantiza que ha implementado pol\u00edticas t\u00e9cnicas y organizativas apropiadas para aplicar las medidas de seguridad que establecen el RGPD y la LOPDGDD con el fin de proteger los derechos y libertades de los usuarios y les ha comunicado la informaci\u00f3n adecuada para que puedan ejercerlos.\r\n<h4><strong>DESTINATARIOS DE LOS DATOS PERSONALES<\/strong><\/h4>\r\nEn algunos casos, es necesario que comuniquemos la informaci\u00f3n que nos ha proporcionado a empresas que nos prestan servicios relacionados con las tecnolog\u00edas de la informaci\u00f3n o a agencias de marketing, con quienes externalizamos determinados servicios relacionados con los tratamientos de datos que realizamos. En estos casos, nos aseguramos que dichos terceros cumplen con la normativa sobre protecci\u00f3n de datos de car\u00e1cter personal.\r\n\r\nNo se comunicar\u00e1n datos a otros terceros, salvo obligaci\u00f3n legal. No se prev\u00e9n transferencias de Datos Personales a terceros pa\u00edses u organizaciones internacionales.\r\n<h4><strong>PLAZOS DE CONSERVACI\u00d3N DE LA INFORMACI\u00d3N<\/strong><\/h4>\r\nSe informa al cliente de que, en cumplimiento del principio de limitaci\u00f3n del plazo de conservaci\u00f3n, los datos recogidos ser\u00e1n tratados \u00fanica y exclusivamente durante el tiempo necesario y para las finalidades para las que se hayan recabado en cada momento. Ser\u00e1n pues mantenidos de forma que se permita la identificaci\u00f3n de los interesados durante no m\u00e1s tiempo del necesario para los fines del tratamiento de los datos personales.\r\n<h4><strong>LEGITIMACI\u00d3N<\/strong><\/h4>\r\nLa base legal para el tratamiento de los datos personales est\u00e1 basada en el consentimiento expreso del propio interesado o en su caso en la ejecuci\u00f3n de un contrato y\/o servicio. En cualquier momento se podr\u00e1 ejercer el derecho a retirar el consentimiento sin que ello afecte a la licitud del tratamiento basado en el consentimiento previo a su retirada.\r\n<h4><strong>DESTINATARIOS<\/strong><\/h4>\r\nLos datos ser\u00e1n utilizados por\u00a0<strong>Rebeca Susan Mahaffey Bultitude<\/strong>. Tambi\u00e9n podr\u00e1 comunicar leg\u00edtimamente los datos personales con los encargados de tratamiento para la ejecuci\u00f3n de un contrato o prestaci\u00f3n de un servicio a\u00a0<strong>Rebeca Susan Mahaffey Bultitude<\/strong>, siguiendo por ello sus instrucciones en todo momento y asegurando los mismos niveles de seguridad.\r\n<h4><strong>EJERCICIO DE DERECHOS<\/strong><\/h4>\r\n<strong>Rebeca Susan Mahaffey Bultitude<\/strong>\u00a0garantiza la adopci\u00f3n de las medidas necesarias para asegurar al interlocutor el ejercicio gratuito de los derechos que le correspondan de acceso, rectificaci\u00f3n, supresi\u00f3n, limitaci\u00f3n, oposici\u00f3n y portabilidad, siendo necesario a tal efecto, en su caso, que se adjunte copia de su documento oficial de identificaci\u00f3n a trav\u00e9s de los siguientes medios:\r\n<ul>\r\n \t<li>Para el ejercicio de cualquiera de los derechos citados anteriormente, dirigiendo un escrito postal, indicando en la solicitud qu\u00e9 derecho ejerce, a\u00a0<strong>Rebeca Susan Mahaffey Bultitude<\/strong>:\u00a0<strong>Carrer Sant Sebasti\u00e0, Patr\u00f3 de X\u00e0bia, 1 Local &#8211; 03730, J\u00e1vea\/X\u00e0bia (Alicante\/Alacant)<\/strong><\/li>\r\n \t<li>Escribiendo un correo electr\u00f3nico a trav\u00e9s de la siguiente direcci\u00f3n, aportando la misma informaci\u00f3n expuesta en el apartado anterior, a: info@sunny-tots.com<\/li>\r\n<\/ul>\r\nPor \u00faltimo, el cliente tendr\u00e1 derecho a presentar reclamaci\u00f3n ante la autoridad nacional de control, a estos efectos debe dirigirse a la Agencia Espa\u00f1ola de Protecci\u00f3n de Datos, cuyos datos de contacto son los siguientes:\r\n\r\n<strong>Agencia Espa\u00f1ola de Protecci\u00f3n de Datos<\/strong>\u00a0&#8211; C\/ Jorge Juan, 6 &#8211; 28001 Madrid &#8211; Tel\u00e9fonos: 901 100 099 \/ 91 266 35 17\r\n<h4><strong>COOKIES<\/strong><\/h4>\r\nAl igual que otros portales de Internet, el sitio web de\u00a0<strong>Rebeca Susan Mahaffey Bultitude<\/strong>\u00a0utiliza una tecnolog\u00eda denominada \u00abcookies\u00bb para recabar informaci\u00f3n sobre las interacciones de los usuarios y forma de utilizaci\u00f3n de las p\u00e1ginas web.\r\n\r\nSi deseas obtener informaci\u00f3n detallada sobre c\u00f3mo\u00a0<strong>Rebeca Susan Mahaffey Bultitude<\/strong>\u00a0utiliza las cookies, puedes consultar la informaci\u00f3n detallada en nuestra p\u00e1gina Pol\u00edtica de Cookies situada en el pie de p\u00e1gina.\r\n<h4><strong>COMUNICACIONES COMERCIALES<\/strong><\/h4>\r\nEn aplicaci\u00f3n de la LSSI.\u00a0<strong>Rebeca Susan Mahaffey Bultitude<\/strong>\u00a0no enviar\u00e1 comunicaciones publicitarias o promocionales por correo electr\u00f3nico u otro medio de comunicaci\u00f3n electr\u00f3nica equivalente que previamente no hubieran sido solicitadas o expresamente autorizadas por los destinatarios de las mismas. En el caso de usuarios con los que exista una relaci\u00f3n contractual previa,\u00a0<strong>Rebeca Susan Mahaffey Bultitude<\/strong>\u00a0s\u00ed est\u00e1 autorizado al env\u00edo de comunicaciones comerciales referentes a productos o servicios de\u00a0<strong>Rebeca Susan Mahaffey Bultitude<\/strong>\u00a0que sean similares a los que inicialmente fueron objeto de contrataci\u00f3n con el cliente. En todo caso, el usuario, tras acreditar su identidad, podr\u00e1 solicitar que no se le haga llegar m\u00e1s informaci\u00f3n comercial a trav\u00e9s de los canales de contacto publicados en el sitio web de\u00a0<strong>Rebeca Susan Mahaffey Bultitude<\/strong>.\r\n\r\n[\/vc_column_text][\/vc_column][\/vc_row]<\/div>","protected":false},"excerpt":{"rendered":"<p>[vc_row][vc_column][vc_column_text] Pol\u00edtica de Privacidad RESPONSABLE DEL TRATAMIENTO DE TUS DATOS PERSONALES Identidad del Responsable: Rebeca Susan Mahaffey Bultitude Nombre comercial:&#8230;<\/p>\n","protected":false},"author":3,"featured_media":0,"parent":0,"menu_order":0,"comment_status":"closed","ping_status":"closed","template":"","meta":{"footnotes":""},"class_list":["post-34593","page","type-page","status-publish"],"yoast_head":"<!-- This site is optimized with the Yoast SEO plugin v27.1.1 - https:\/\/yoast.com\/product\/yoast-seo-wordpress\/ -->\n<title>Pol\u00edtica de privacidad - Sunny Tots<\/title>\n<meta name=\"robots\" content=\"index, follow, max-snippet:-1, max-image-preview:large, max-video-preview:-1\" \/>\n<link rel=\"canonical\" href=\"https:\/\/www.sunny-tots.com\/es\/politica-de-privacidad\/\" \/>\n<meta property=\"og:locale\" content=\"es_ES\" \/>\n<meta property=\"og:type\" content=\"article\" \/>\n<meta property=\"og:title\" content=\"Pol\u00edtica de privacidad - Sunny Tots\" \/>\n<meta property=\"og:description\" content=\"[vc_row][vc_column][vc_column_text] Pol\u00edtica de Privacidad RESPONSABLE DEL TRATAMIENTO DE TUS DATOS PERSONALES Identidad del Responsable: Rebeca Susan Mahaffey Bultitude Nombre comercial:...\" \/>\n<meta property=\"og:url\" content=\"https:\/\/www.sunny-tots.com\/es\/politica-de-privacidad\/\" \/>\n<meta property=\"og:site_name\" content=\"Sunny Tots\" \/>\n<meta name=\"twitter:card\" content=\"summary_large_image\" \/>\n<meta name=\"twitter:label1\" content=\"Tiempo de lectura\" \/>\n\t<meta name=\"twitter:data1\" content=\"6 minutos\" \/>\n<script type=\"application\/ld+json\" class=\"yoast-schema-graph\">{\"@context\":\"https:\/\/schema.org\",\"@graph\":[{\"@type\":\"WebPage\",\"@id\":\"https:\/\/www.sunny-tots.com\/es\/politica-de-privacidad\/\",\"url\":\"https:\/\/www.sunny-tots.com\/es\/politica-de-privacidad\/\",\"name\":\"Pol\u00edtica de privacidad - Sunny Tots\",\"isPartOf\":{\"@id\":\"https:\/\/www.sunny-tots.com\/es\/#website\"},\"datePublished\":\"2024-02-26T21:22:23+00:00\",\"breadcrumb\":{\"@id\":\"https:\/\/www.sunny-tots.com\/es\/politica-de-privacidad\/#breadcrumb\"},\"inLanguage\":\"es\",\"potentialAction\":[{\"@type\":\"ReadAction\",\"target\":[\"https:\/\/www.sunny-tots.com\/es\/politica-de-privacidad\/\"]}]},{\"@type\":\"BreadcrumbList\",\"@id\":\"https:\/\/www.sunny-tots.com\/es\/politica-de-privacidad\/#breadcrumb\",\"itemListElement\":[{\"@type\":\"ListItem\",\"position\":1,\"name\":\"Portada\",\"item\":\"https:\/\/www.sunny-tots.com\/es\/\"},{\"@type\":\"ListItem\",\"position\":2,\"name\":\"Pol\u00edtica de privacidad\"}]},{\"@type\":\"WebSite\",\"@id\":\"https:\/\/www.sunny-tots.com\/es\/#website\",\"url\":\"https:\/\/www.sunny-tots.com\/es\/\",\"name\":\"Sunny Tots\",\"description\":\"Strollers to rent and more baby equipment\",\"publisher\":{\"@id\":\"https:\/\/www.sunny-tots.com\/es\/#organization\"},\"potentialAction\":[{\"@type\":\"SearchAction\",\"target\":{\"@type\":\"EntryPoint\",\"urlTemplate\":\"https:\/\/www.sunny-tots.com\/es\/?s={search_term_string}\"},\"query-input\":{\"@type\":\"PropertyValueSpecification\",\"valueRequired\":true,\"valueName\":\"search_term_string\"}}],\"inLanguage\":\"es\"},{\"@type\":\"Organization\",\"@id\":\"https:\/\/www.sunny-tots.com\/es\/#organization\",\"name\":\"Sunny Tots\",\"url\":\"https:\/\/www.sunny-tots.com\/es\/\",\"logo\":{\"@type\":\"ImageObject\",\"inLanguage\":\"es\",\"@id\":\"https:\/\/www.sunny-tots.com\/es\/#\/schema\/logo\/image\/\",\"url\":\"https:\/\/www.sunny-tots.com\/wp-content\/uploads\/2020\/01\/Recurso-2@3x-1024x333_mail.png\",\"contentUrl\":\"https:\/\/www.sunny-tots.com\/wp-content\/uploads\/2020\/01\/Recurso-2@3x-1024x333_mail.png\",\"width\":350,\"height\":114,\"caption\":\"Sunny Tots\"},\"image\":{\"@id\":\"https:\/\/www.sunny-tots.com\/es\/#\/schema\/logo\/image\/\"}}]}<\/script>\n<!-- \/ Yoast SEO plugin. -->","yoast_head_json":{"title":"Pol\u00edtica de privacidad - Sunny Tots","robots":{"index":"index","follow":"follow","max-snippet":"max-snippet:-1","max-image-preview":"max-image-preview:large","max-video-preview":"max-video-preview:-1"},"canonical":"https:\/\/www.sunny-tots.com\/es\/politica-de-privacidad\/","og_locale":"es_ES","og_type":"article","og_title":"Pol\u00edtica de privacidad - Sunny Tots","og_description":"[vc_row][vc_column][vc_column_text] Pol\u00edtica de Privacidad RESPONSABLE DEL TRATAMIENTO DE TUS DATOS PERSONALES Identidad del Responsable: Rebeca Susan Mahaffey Bultitude Nombre comercial:...","og_url":"https:\/\/www.sunny-tots.com\/es\/politica-de-privacidad\/","og_site_name":"Sunny Tots","twitter_card":"summary_large_image","twitter_misc":{"Tiempo de lectura":"6 minutos"},"schema":{"@context":"https:\/\/schema.org","@graph":[{"@type":"WebPage","@id":"https:\/\/www.sunny-tots.com\/es\/politica-de-privacidad\/","url":"https:\/\/www.sunny-tots.com\/es\/politica-de-privacidad\/","name":"Pol\u00edtica de privacidad - Sunny Tots","isPartOf":{"@id":"https:\/\/www.sunny-tots.com\/es\/#website"},"datePublished":"2024-02-26T21:22:23+00:00","breadcrumb":{"@id":"https:\/\/www.sunny-tots.com\/es\/politica-de-privacidad\/#breadcrumb"},"inLanguage":"es","potentialAction":[{"@type":"ReadAction","target":["https:\/\/www.sunny-tots.com\/es\/politica-de-privacidad\/"]}]},{"@type":"BreadcrumbList","@id":"https:\/\/www.sunny-tots.com\/es\/politica-de-privacidad\/#breadcrumb","itemListElement":[{"@type":"ListItem","position":1,"name":"Portada","item":"https:\/\/www.sunny-tots.com\/es\/"},{"@type":"ListItem","position":2,"name":"Pol\u00edtica de privacidad"}]},{"@type":"WebSite","@id":"https:\/\/www.sunny-tots.com\/es\/#website","url":"https:\/\/www.sunny-tots.com\/es\/","name":"Sunny Tots","description":"Strollers to rent and more baby equipment","publisher":{"@id":"https:\/\/www.sunny-tots.com\/es\/#organization"},"potentialAction":[{"@type":"SearchAction","target":{"@type":"EntryPoint","urlTemplate":"https:\/\/www.sunny-tots.com\/es\/?s={search_term_string}"},"query-input":{"@type":"PropertyValueSpecification","valueRequired":true,"valueName":"search_term_string"}}],"inLanguage":"es"},{"@type":"Organization","@id":"https:\/\/www.sunny-tots.com\/es\/#organization","name":"Sunny Tots","url":"https:\/\/www.sunny-tots.com\/es\/","logo":{"@type":"ImageObject","inLanguage":"es","@id":"https:\/\/www.sunny-tots.com\/es\/#\/schema\/logo\/image\/","url":"https:\/\/www.sunny-tots.com\/wp-content\/uploads\/2020\/01\/Recurso-2@3x-1024x333_mail.png","contentUrl":"https:\/\/www.sunny-tots.com\/wp-content\/uploads\/2020\/01\/Recurso-2@3x-1024x333_mail.png","width":350,"height":114,"caption":"Sunny Tots"},"image":{"@id":"https:\/\/www.sunny-tots.com\/es\/#\/schema\/logo\/image\/"}}]}},"_links":{"self":[{"href":"https:\/\/www.sunny-tots.com\/es\/wp-json\/wp\/v2\/pages\/34593","targetHints":{"allow":["GET"]}}],"collection":[{"href":"https:\/\/www.sunny-tots.com\/es\/wp-json\/wp\/v2\/pages"}],"about":[{"href":"https:\/\/www.sunny-tots.com\/es\/wp-json\/wp\/v2\/types\/page"}],"author":[{"embeddable":true,"href":"https:\/\/www.sunny-tots.com\/es\/wp-json\/wp\/v2\/users\/3"}],"replies":[{"embeddable":true,"href":"https:\/\/www.sunny-tots.com\/es\/wp-json\/wp\/v2\/comments?post=34593"}],"version-history":[{"count":1,"href":"https:\/\/www.sunny-tots.com\/es\/wp-json\/wp\/v2\/pages\/34593\/revisions"}],"predecessor-version":[{"id":34594,"href":"https:\/\/www.sunny-tots.com\/es\/wp-json\/wp\/v2\/pages\/34593\/revisions\/34594"}],"wp:attachment":[{"href":"https:\/\/www.sunny-tots.com\/es\/wp-json\/wp\/v2\/media?parent=34593"}],"curies":[{"name":"wp","href":"https:\/\/api.w.org\/{rel}","templated":true}]}}