{"id":34589,"date":"2024-02-26T22:21:23","date_gmt":"2024-02-26T21:21:23","guid":{"rendered":"https:\/\/sunny.softblue.es\/?page_id=34589"},"modified":"2024-02-26T22:21:23","modified_gmt":"2024-02-26T21:21:23","slug":"terminos-y-condiciones","status":"publish","type":"page","link":"https:\/\/www.sunny-tots.com\/es\/terminos-y-condiciones\/","title":{"rendered":"T\u00e9rminos y condiciones"},"content":{"rendered":"<div class=\"wpb-content-wrapper\"><p>[vc_row][vc_column][vc_column_text]<strong>1.- Usted y Nosotros: <\/strong><\/p>\n<p>En este contrato \u201cUsted\u201d es el cliente y \u201cNosotros\u201d Sunny-tots.<\/p>\n<p>&nbsp;<\/p>\n<p><strong>2.- El contrato:<\/strong><\/p>\n<p>2.1.- El alquiler de material queda sujeto a disponibilidad del mismo. Tan pronto se reciba reserva ser\u00e1 confirmado su pedido v\u00eda e-mail o tel\u00e9fono a la direcci\u00f3n de contacto que usted nos haya indicado (v\u00e9ase punto 2.3).<\/p>\n<p>2.2.- El pago se realiza por adelantado y deber\u00e1 efectuarse mediante tarjeta de cr\u00e9dito o d\u00e9bito, PayPal u otros sistemas de pago que Sunny-tots ofrezca en su p\u00e1gina web.<\/p>\n<p>2.3.- Su reserva queda aceptada cuando haya recibido un e-mail de Sunny-tots en el que se confirma su pedido. A partir de ese momento entra en vigor un contrato legal entre Usted y Sunny-tots<\/p>\n<p>2.4.- Los per\u00edodos de alquiler son \u00fanicamente los que Sunny-tots ofrece en su web.<\/p>\n<p>&nbsp;<\/p>\n<p><strong>3.- Derechos del Cliente para Cancelar o Modificar su Contrato<\/strong><\/p>\n<p>3.1.- La cancelaci\u00f3n del contrato es gratuita siempre que esta se produzca tres d\u00edas laborales antes del inicio del per\u00edodo de alquiler. Las cancelaciones que se produzcan con menos de tres d\u00edas laborales de anticipaci\u00f3n pero antes del momento de entrega podr\u00e1n quedar sujetas a una tasa del 50% del precio de alquiler (con un m\u00ednimo de 20\u20ac).<\/p>\n<p>3.2.- No se podr\u00e1 cancelar el contrato una vez haya comenzado el per\u00edodo de alquiler.<\/p>\n<p>3.3.- La cancelaci\u00f3n del contrato seg\u00fan las condiciones arriba indicadas deber\u00e1 ser comunicada v\u00eda, e-mail a la siguiente direcci\u00f3n (info@Sunny-tots.com). La cancelaci\u00f3n surtir\u00e1 efecto a partir del momento en que se haya recibido la notificaci\u00f3n y dentro del horario de oficina 09:30h \u2013 17.00h<\/p>\n<p>3.4.- Cualquier modificaci\u00f3n deber\u00e1 ser aceptada por Sunny-tots por escrito.<\/p>\n<p>&nbsp;<\/p>\n<p><strong>4.- Cancelaci\u00f3n por parte de Sunny-tots<\/strong><\/p>\n<p>4.1.- Sunny-tots se reserva el derecho de cancelaci\u00f3n del contrato si concurren alguna de las siguientes situaciones:<\/p>\n<p style=\"padding-left: 40px;\">4.1.1.- Sunny-tots no dispone de material para la entrega.<br \/>\n4.1.2.- No realizamos entregas en la zona solicitada (v\u00e9ase punto 7.4)<br \/>\n4.1.3.- Alg\u00fan material fue reservado a un precio incorrecto debido a un error tipogr\u00e1fico o a un error de precio por parte de nuestros proveedores.<br \/>\n4.1.4.- Que el d\u00eda indicado para la entrega o recogida sea no laborable o festivo local, provincial, auton\u00f3mico o Estatal en la localidad de X\u00e0bia.<\/p>\n<p>4.2.- Una vez usted haya recibido notificaci\u00f3n de la cancelaci\u00f3n\/modificaci\u00f3n del contrato, se proceder\u00e1 a devolverle cualquier adelanto cargado en su cuenta siempre antes de 30 d\u00edas naturales desde el momento en que se produzca dicha cancelaci\u00f3n\/modificaci\u00f3n.<\/p>\n<p>&nbsp;<\/p>\n<p><strong>5.- El material:<\/strong><\/p>\n<p>5.1.- El art\u00edculo alquilado es para uso privado y no para uso comercial, salvo previo acuerdo con Sunny-tots.<\/p>\n<p>5.2.- Sunny-tots no se hace responsable de ning\u00fan accidente, da\u00f1o o lesi\u00f3n que pudiera tener lugar por el uso inadecuado de los art\u00edculos suministrados.<\/p>\n<p>5.3.- Usted est\u00e1 obligado a:<\/p>\n<p style=\"padding-left: 40px;\">5.3.1.- Revisar el material en el momento de la entrega para confirmar que no est\u00e1 da\u00f1ado, est\u00e1 limpio y satisface sus necesidades. Si no lo fuera nos lo deber\u00e1 comunicar inmediatamente y se le reemplazar\u00e1 en 24 horas. Asimismo deber\u00e1 devolverlos en las mismas condiciones en que le han sido enviados, con el mismo, o similar, sistema de embalaje<\/p>\n<p style=\"padding-left: 40px;\">5.3.2.- Leer y seguir cuidadosamente las instrucciones que le proporcionemos con el material.<\/p>\n<p style=\"padding-left: 40px;\">5.3.3.- Cuidar y vigilar el material.<\/p>\n<p style=\"padding-left: 40px;\">5.3.4.- Usar el material de acuerdo a las instrucciones y con el prop\u00f3sito para el que ha sido alquilado.<\/p>\n<p>5.4 Al igual que en el desarrollo de cualquier otra actividad, es obligatoria la supervisi\u00f3n de un adulto mientras los ni\u00f1os est\u00e9n utilizando cualquiera de los art\u00edculos alquilados.<\/p>\n<p>5.5 El montaje de los art\u00edculos suministrados correr\u00e1 a cargo del cliente siempre siguiendo las instrucciones entregadas por Sunny-tots.<\/p>\n<p>5.6 Todos los art\u00edculos deber\u00e1n devolverse limpios, si el art\u00edculo es devuelto m\u00e1s sucio de lo que cabe esperar por un uso adecuado se proceder\u00e1 a realizar un cargo adicional de entre 8 a 16 \u20ac.<\/p>\n<p>5.7 En el caso de que alguno de los art\u00edculos presentase roturas o desperfectos considerables, no simples rasgu\u00f1os debidos a un desgaste razonable, si Sunny-tots lo considera oportuno, podr\u00e1 reclamar a usted el valor del art\u00edculo que ya no resulte apto para su alquiler.<\/p>\n<p>5.8 En caso de robo, se justificar\u00e1 con la correspondiente denuncia policial, se deber\u00e1 resarcir a Sunny-tots por los gastos ocasionados por la reposici\u00f3n del art\u00edculo sustra\u00eddo y los gastos derivados de su gesti\u00f3n y la no disponibilidad del producto.<\/p>\n<p>5.9 Usted deber\u00e1 notificar inmediatamente la p\u00e9rdida, robo o rotura de cualquier art\u00edculo, siendo usted el \u00fanico responsable.<\/p>\n<p>5.10 Usted autoriza a Sunny-tots a realizar los cargos correspondientes en la tarjeta facilitada como forma de pago, en caso de p\u00e9rdida o rotura del art\u00edculo.<\/p>\n<p>&nbsp;<\/p>\n<p><strong>6.- Responsabilidad de Sunny-tots<\/strong><\/p>\n<p>6.1 Si el material que le entregamos no es lo que Usted solicit\u00f3, est\u00e1 da\u00f1ado o defectuoso Sunny-tots no se hace responsable del mismo mientras no le sea comunicada esta circunstancia.<\/p>\n<p>6.2 No obstante la anterior premisa, en ning\u00fan momento estas condiciones pretenden limitar sus derechos como consumidor bajo la aplicaci\u00f3n de la ley local o derechos estatutarios, ni eludir o minimizar nuestra responsabilidad hacia \u201cUsted\u201d por da\u00f1os personales o fallecimiento derivado de nuestra negligencia.<\/p>\n<p>&nbsp;<\/p>\n<p><strong>7.- Entrega:<\/strong><\/p>\n<p>7.1 El equipo le ser\u00e1 entregado en la direcci\u00f3n que usted nos indique en su pedido.<\/p>\n<p>7.2 La entrega se realizar\u00e1 a en la franja horaria establecida en el pedido. Usted es responsable de la recogida del material en la direcci\u00f3n de entrega.<\/p>\n<p>Si no hubiera nadie para recoger el material se le dejar\u00e1 una notificaci\u00f3n, Sunny-tots intentar\u00e1 contactar con usted para establecer una nueva hora y lugar de entrega. En tal caso Sunny-tots se reserva el derecho de entregar el material una vez se haya iniciado el per\u00edodo de alquiler y a cargar un coste adicional en concepto de entrega o devoluci\u00f3n.<\/p>\n<p>7.3 El material alquilado ser\u00e1 recogido al final del per\u00edodo de alquiler en la franja horaria establecida y direcci\u00f3n indicada en el pedido. El cliente compromete a que habr\u00e1 una persona que\u00a0 se responsabiliza\u00a0 del material hasta su recogida en la direcci\u00f3n de entrega.<\/p>\n<p>7.4 En cada pedido devengar\u00e1 un \u00fanico cargo\u00a0 en concepto de \u201cgastos de entrega\u201d siempre y cuando las fechas de recogida y devoluci\u00f3n coincidan para todos los productos alquilados. En caso de establecerse mas de una fecha de recogida o devoluci\u00f3n en un mismo pedido, se efectuar\u00e1n \u00a0tantos cargos en concepto de entrega o devoluci\u00f3n como sean necesarios.<\/p>\n<p>&nbsp;<\/p>\n<p><strong>8.- Circunstancias de fuerza mayor<\/strong><br \/>\nSunny-tots no se hace responsable de retrasos o imposibilidad de entrega del material o peque\u00f1os defectos que pueda sufrir por causas ajenas a nuestro control tales como huelgas, disputas o bloqueos empresariales, ca\u00edda de sistemas o accesos a la red inform\u00e1tica, explosi\u00f3n o accidente.<\/p>\n<p>&nbsp;<\/p>\n<p><strong>9.- General<\/strong><\/p>\n<p>9.1.- El contrato entre \u201cUsted\u201d y Sunny-tots deber\u00e1 regirse e interpretarse por la jurisdicci\u00f3n espa\u00f1ola en caso de disputa entre las partes contratantes.<\/p>\n<p>9.2.- Estas condiciones, junto con los precios, detalles de entrega y acuerdo y nuestra pol\u00edtica de privacidad componen el contrato de alquiler de material de Sunny-tots. De la comunicaci\u00f3n con nuestros agentes de venta no deber\u00e1 entenderse bajo ning\u00fan concepto como una variaci\u00f3n de estas condiciones o como una representaci\u00f3n autorizada para la venta de material. Sunny-tots no es responsable del fraude a trav\u00e9s de representaci\u00f3n falsa o enga\u00f1osa.<\/p>\n<p>9.3.- La no aplicabilidad de alguna de estas condiciones (incluyendo cualquier provisi\u00f3n en la que se excluya nuestra responsabilidad) no excluye la aplicabilidad del resto de los puntos del contrato.<\/p>\n<p>9.4.- Estas condiciones se aplicar\u00e1n a todos los art\u00edculos alquilados por el cliente en cualquier momento.<\/p>\n<p>9.5.- Sunny-tots se reserva el derecho a efectuar cambios en estas condiciones de uso sin tener que realizar ning\u00fan tipo de aviso<\/p>\n<p>9.6.- Sunny-tots se reserva el derecho a contratar los servicios de compa\u00f1\u00edas especializadas en el cobro de deudas; as\u00ed como a solicitar la inclusi\u00f3n en ficheros de informaci\u00f3n sobre solvencia patrimonial y cr\u00e9dito (listados de morosos), seg\u00fan los requisitos previstos en la Ley de Protecci\u00f3n de Datos de Car\u00e1cter Personal, si se diera alguno de los siguientes supuestos:<\/p>\n<p style=\"padding-left: 40px;\">9.6.1 Si no es facilitada una forma de cobro en caso de incurrir en alguna de las situaciones detalladas en el apartado anterior.<\/p>\n<p style=\"padding-left: 40px;\">9.6.2 Si cualquier transacci\u00f3n de pago es rehusada por las entidades financieras.<\/p>\n<p style=\"padding-left: 40px;\">9.6.3 Usted deber\u00e1 resarcir a Sunny-tots de los gastos ocasionados por las gestiones derivadas del cobro de los impagados. El importe total de la deuda inicial m\u00e1s los gastos que genere su cobro, podr\u00e1n ser reclamados a trav\u00e9s de compa\u00f1\u00edas o agencias especializadas en el cobro de impagados.<\/p>\n<p>&nbsp;<\/p>\n<p><strong>10.- Clausula informativa<\/strong><\/p>\n<p>Responsable: Identidad: Sunny-tots \u2013 NIF: 53217490K &#8211; Dir. postal: 03730 X\u00e0bia (Alacant), Carrer Sant Sebasti\u00e0, Patr\u00f3 de X\u00e0bia, 1 Local, Tel\u00e9fono: 722 25 87 24 &#8211; \u00a0Correo electr\u00f3nico: info@Sunny-tots.com<br \/>\n\u201cEn nombre de la empresa tratamos la informaci\u00f3n que nos facilita con el fin de prestarles el servicio solicitado, realizar la facturaci\u00f3n del mismo. Los datos proporcionados se conservar\u00e1n mientras se mantenga la relaci\u00f3n comercial o durante los a\u00f1os necesarios para cumplir con las obligaciones legales. Los datos no se ceder\u00e1n a terceros salvo en los casos en que exista una obligaci\u00f3n legal. Usted tiene derecho a obtener confirmaci\u00f3n sobre si en Sunny-tots estamos tratando sus datos personales por tanto tiene derecho a acceder a sus datos personales, rectificar los datos inexactos o solicitar su supresi\u00f3n cuando los datos ya no sean necesarios.<\/p>\n<p>Asimismo solicito su autorizaci\u00f3n para ofrecerle productos y servicios relacionados con los solicitados y fidelizarle como cliente.\u201d[\/vc_column_text][\/vc_column][\/vc_row]<\/p>\n<\/div>","protected":false},"excerpt":{"rendered":"<p>[vc_row][vc_column][vc_column_text]1.- Usted y Nosotros: En este contrato \u201cUsted\u201d es el cliente y \u201cNosotros\u201d Sunny-tots. &nbsp; 2.- El contrato: 2.1.- El&#8230;<\/p>\n","protected":false},"author":3,"featured_media":0,"parent":0,"menu_order":0,"comment_status":"closed","ping_status":"closed","template":"","meta":{"footnotes":""},"class_list":["post-34589","page","type-page","status-publish"],"yoast_head":"<!-- This site is optimized with the Yoast SEO plugin v27.1.1 - https:\/\/yoast.com\/product\/yoast-seo-wordpress\/ -->\n<title>T\u00e9rminos y condiciones - Sunny Tots<\/title>\n<meta name=\"robots\" content=\"index, follow, max-snippet:-1, max-image-preview:large, max-video-preview:-1\" \/>\n<link rel=\"canonical\" href=\"https:\/\/www.sunny-tots.com\/es\/terminos-y-condiciones\/\" \/>\n<meta property=\"og:locale\" content=\"es_ES\" \/>\n<meta property=\"og:type\" content=\"article\" \/>\n<meta property=\"og:title\" content=\"T\u00e9rminos y condiciones - Sunny Tots\" \/>\n<meta property=\"og:description\" content=\"[vc_row][vc_column][vc_column_text]1.- Usted y Nosotros: En este contrato \u201cUsted\u201d es el cliente y \u201cNosotros\u201d Sunny-tots. &nbsp; 2.- El contrato: 2.1.- El...\" \/>\n<meta property=\"og:url\" content=\"https:\/\/www.sunny-tots.com\/es\/terminos-y-condiciones\/\" \/>\n<meta property=\"og:site_name\" content=\"Sunny Tots\" \/>\n<meta name=\"twitter:card\" content=\"summary_large_image\" \/>\n<meta name=\"twitter:label1\" content=\"Tiempo de lectura\" \/>\n\t<meta name=\"twitter:data1\" content=\"8 minutos\" \/>\n<script type=\"application\/ld+json\" class=\"yoast-schema-graph\">{\"@context\":\"https:\/\/schema.org\",\"@graph\":[{\"@type\":\"WebPage\",\"@id\":\"https:\/\/www.sunny-tots.com\/es\/terminos-y-condiciones\/\",\"url\":\"https:\/\/www.sunny-tots.com\/es\/terminos-y-condiciones\/\",\"name\":\"T\u00e9rminos y condiciones - Sunny Tots\",\"isPartOf\":{\"@id\":\"https:\/\/www.sunny-tots.com\/es\/#website\"},\"datePublished\":\"2024-02-26T21:21:23+00:00\",\"breadcrumb\":{\"@id\":\"https:\/\/www.sunny-tots.com\/es\/terminos-y-condiciones\/#breadcrumb\"},\"inLanguage\":\"es\",\"potentialAction\":[{\"@type\":\"ReadAction\",\"target\":[\"https:\/\/www.sunny-tots.com\/es\/terminos-y-condiciones\/\"]}]},{\"@type\":\"BreadcrumbList\",\"@id\":\"https:\/\/www.sunny-tots.com\/es\/terminos-y-condiciones\/#breadcrumb\",\"itemListElement\":[{\"@type\":\"ListItem\",\"position\":1,\"name\":\"Portada\",\"item\":\"https:\/\/www.sunny-tots.com\/es\/\"},{\"@type\":\"ListItem\",\"position\":2,\"name\":\"T\u00e9rminos y condiciones\"}]},{\"@type\":\"WebSite\",\"@id\":\"https:\/\/www.sunny-tots.com\/es\/#website\",\"url\":\"https:\/\/www.sunny-tots.com\/es\/\",\"name\":\"Sunny Tots\",\"description\":\"Strollers to rent and more baby equipment\",\"publisher\":{\"@id\":\"https:\/\/www.sunny-tots.com\/es\/#organization\"},\"potentialAction\":[{\"@type\":\"SearchAction\",\"target\":{\"@type\":\"EntryPoint\",\"urlTemplate\":\"https:\/\/www.sunny-tots.com\/es\/?s={search_term_string}\"},\"query-input\":{\"@type\":\"PropertyValueSpecification\",\"valueRequired\":true,\"valueName\":\"search_term_string\"}}],\"inLanguage\":\"es\"},{\"@type\":\"Organization\",\"@id\":\"https:\/\/www.sunny-tots.com\/es\/#organization\",\"name\":\"Sunny Tots\",\"url\":\"https:\/\/www.sunny-tots.com\/es\/\",\"logo\":{\"@type\":\"ImageObject\",\"inLanguage\":\"es\",\"@id\":\"https:\/\/www.sunny-tots.com\/es\/#\/schema\/logo\/image\/\",\"url\":\"https:\/\/www.sunny-tots.com\/wp-content\/uploads\/2020\/01\/Recurso-2@3x-1024x333_mail.png\",\"contentUrl\":\"https:\/\/www.sunny-tots.com\/wp-content\/uploads\/2020\/01\/Recurso-2@3x-1024x333_mail.png\",\"width\":350,\"height\":114,\"caption\":\"Sunny Tots\"},\"image\":{\"@id\":\"https:\/\/www.sunny-tots.com\/es\/#\/schema\/logo\/image\/\"}}]}<\/script>\n<!-- \/ Yoast SEO plugin. -->","yoast_head_json":{"title":"T\u00e9rminos y condiciones - Sunny Tots","robots":{"index":"index","follow":"follow","max-snippet":"max-snippet:-1","max-image-preview":"max-image-preview:large","max-video-preview":"max-video-preview:-1"},"canonical":"https:\/\/www.sunny-tots.com\/es\/terminos-y-condiciones\/","og_locale":"es_ES","og_type":"article","og_title":"T\u00e9rminos y condiciones - Sunny Tots","og_description":"[vc_row][vc_column][vc_column_text]1.- Usted y Nosotros: En este contrato \u201cUsted\u201d es el cliente y \u201cNosotros\u201d Sunny-tots. &nbsp; 2.- El contrato: 2.1.- El...","og_url":"https:\/\/www.sunny-tots.com\/es\/terminos-y-condiciones\/","og_site_name":"Sunny Tots","twitter_card":"summary_large_image","twitter_misc":{"Tiempo de lectura":"8 minutos"},"schema":{"@context":"https:\/\/schema.org","@graph":[{"@type":"WebPage","@id":"https:\/\/www.sunny-tots.com\/es\/terminos-y-condiciones\/","url":"https:\/\/www.sunny-tots.com\/es\/terminos-y-condiciones\/","name":"T\u00e9rminos y condiciones - Sunny Tots","isPartOf":{"@id":"https:\/\/www.sunny-tots.com\/es\/#website"},"datePublished":"2024-02-26T21:21:23+00:00","breadcrumb":{"@id":"https:\/\/www.sunny-tots.com\/es\/terminos-y-condiciones\/#breadcrumb"},"inLanguage":"es","potentialAction":[{"@type":"ReadAction","target":["https:\/\/www.sunny-tots.com\/es\/terminos-y-condiciones\/"]}]},{"@type":"BreadcrumbList","@id":"https:\/\/www.sunny-tots.com\/es\/terminos-y-condiciones\/#breadcrumb","itemListElement":[{"@type":"ListItem","position":1,"name":"Portada","item":"https:\/\/www.sunny-tots.com\/es\/"},{"@type":"ListItem","position":2,"name":"T\u00e9rminos y condiciones"}]},{"@type":"WebSite","@id":"https:\/\/www.sunny-tots.com\/es\/#website","url":"https:\/\/www.sunny-tots.com\/es\/","name":"Sunny Tots","description":"Strollers to rent and more baby equipment","publisher":{"@id":"https:\/\/www.sunny-tots.com\/es\/#organization"},"potentialAction":[{"@type":"SearchAction","target":{"@type":"EntryPoint","urlTemplate":"https:\/\/www.sunny-tots.com\/es\/?s={search_term_string}"},"query-input":{"@type":"PropertyValueSpecification","valueRequired":true,"valueName":"search_term_string"}}],"inLanguage":"es"},{"@type":"Organization","@id":"https:\/\/www.sunny-tots.com\/es\/#organization","name":"Sunny Tots","url":"https:\/\/www.sunny-tots.com\/es\/","logo":{"@type":"ImageObject","inLanguage":"es","@id":"https:\/\/www.sunny-tots.com\/es\/#\/schema\/logo\/image\/","url":"https:\/\/www.sunny-tots.com\/wp-content\/uploads\/2020\/01\/Recurso-2@3x-1024x333_mail.png","contentUrl":"https:\/\/www.sunny-tots.com\/wp-content\/uploads\/2020\/01\/Recurso-2@3x-1024x333_mail.png","width":350,"height":114,"caption":"Sunny Tots"},"image":{"@id":"https:\/\/www.sunny-tots.com\/es\/#\/schema\/logo\/image\/"}}]}},"_links":{"self":[{"href":"https:\/\/www.sunny-tots.com\/es\/wp-json\/wp\/v2\/pages\/34589","targetHints":{"allow":["GET"]}}],"collection":[{"href":"https:\/\/www.sunny-tots.com\/es\/wp-json\/wp\/v2\/pages"}],"about":[{"href":"https:\/\/www.sunny-tots.com\/es\/wp-json\/wp\/v2\/types\/page"}],"author":[{"embeddable":true,"href":"https:\/\/www.sunny-tots.com\/es\/wp-json\/wp\/v2\/users\/3"}],"replies":[{"embeddable":true,"href":"https:\/\/www.sunny-tots.com\/es\/wp-json\/wp\/v2\/comments?post=34589"}],"version-history":[{"count":1,"href":"https:\/\/www.sunny-tots.com\/es\/wp-json\/wp\/v2\/pages\/34589\/revisions"}],"predecessor-version":[{"id":34590,"href":"https:\/\/www.sunny-tots.com\/es\/wp-json\/wp\/v2\/pages\/34589\/revisions\/34590"}],"wp:attachment":[{"href":"https:\/\/www.sunny-tots.com\/es\/wp-json\/wp\/v2\/media?parent=34589"}],"curies":[{"name":"wp","href":"https:\/\/api.w.org\/{rel}","templated":true}]}}