{"id":34586,"date":"2024-02-26T22:19:24","date_gmt":"2024-02-26T21:19:24","guid":{"rendered":"https:\/\/sunny.softblue.es\/?page_id=34586"},"modified":"2024-02-28T01:47:07","modified_gmt":"2024-02-28T00:47:07","slug":"entrega","status":"publish","type":"page","link":"https:\/\/www.sunny-tots.com\/es\/entrega\/","title":{"rendered":"Entrega"},"content":{"rendered":"<div class=\"wpb-content-wrapper\"><p>[vc_row][vc_column][vc_column_text]<strong>7.- Entrega:<\/strong><\/p>\n<p>7.1 El equipo le ser\u00e1 entregado en la direcci\u00f3n que usted nos indique en su pedido.<\/p>\n<p>7.2 La entrega se realizar\u00e1 a en la franja horaria establecida en el pedido. Usted es responsable de la recogida del material en la direcci\u00f3n de entrega.<\/p>\n<p>Si no hubiera nadie para recoger el material se le dejar\u00e1 una notificaci\u00f3n, Sunny-tots intentar\u00e1 contactar con usted para establecer una nueva hora y lugar de entrega. En tal caso Sunny-tots se reserva el derecho de entregar el material una vez se haya iniciado el per\u00edodo de alquiler y a cargar un coste adicional en concepto de entrega o devoluci\u00f3n.<\/p>\n<p>7.3 El material alquilado ser\u00e1 recogido al final del per\u00edodo de alquiler en la franja horaria establecida y direcci\u00f3n indicada en el pedido. El cliente compromete a que habr\u00e1 una persona que\u00a0 se responsabiliza\u00a0 del material hasta su recogida en la direcci\u00f3n de entrega.<\/p>\n<p>7.4 En cada pedido devengar\u00e1 un \u00fanico cargo\u00a0 en concepto de \u201cgastos de entrega\u201d siempre y cuando las fechas de recogida y devoluci\u00f3n coincidan para todos los productos alquilados. En caso de establecerse mas de una fecha de recogida o devoluci\u00f3n en un mismo pedido, se efectuar\u00e1n \u00a0tantos cargos en concepto de entrega o devoluci\u00f3n como sean necesarios.[\/vc_column_text][\/vc_column][\/vc_row]<\/p>\n<\/div>","protected":false},"excerpt":{"rendered":"<p>[vc_row][vc_column][vc_column_text]7.- Entrega: 7.1 El equipo le ser\u00e1 entregado en la direcci\u00f3n que usted nos indique en su pedido. 7.2 La&#8230;<\/p>\n","protected":false},"author":3,"featured_media":0,"parent":0,"menu_order":0,"comment_status":"closed","ping_status":"closed","template":"","meta":{"footnotes":""},"class_list":["post-34586","page","type-page","status-publish"],"yoast_head":"<!-- This site is optimized with the Yoast SEO plugin v27.1.1 - https:\/\/yoast.com\/product\/yoast-seo-wordpress\/ -->\n<title>Entrega - Sunny Tots<\/title>\n<meta name=\"robots\" content=\"index, follow, max-snippet:-1, max-image-preview:large, max-video-preview:-1\" \/>\n<link rel=\"canonical\" href=\"https:\/\/www.sunny-tots.com\/es\/entrega\/\" \/>\n<meta property=\"og:locale\" content=\"es_ES\" \/>\n<meta property=\"og:type\" content=\"article\" \/>\n<meta property=\"og:title\" content=\"Entrega - Sunny Tots\" \/>\n<meta property=\"og:description\" content=\"[vc_row][vc_column][vc_column_text]7.- Entrega: 7.1 El equipo le ser\u00e1 entregado en la direcci\u00f3n que usted nos indique en su pedido. 7.2 La...\" \/>\n<meta property=\"og:url\" content=\"https:\/\/www.sunny-tots.com\/es\/entrega\/\" \/>\n<meta property=\"og:site_name\" content=\"Sunny Tots\" \/>\n<meta property=\"article:modified_time\" content=\"2024-02-28T00:47:07+00:00\" \/>\n<meta name=\"twitter:card\" content=\"summary_large_image\" \/>\n<meta name=\"twitter:label1\" content=\"Tiempo de lectura\" \/>\n\t<meta name=\"twitter:data1\" content=\"1 minuto\" \/>\n<script type=\"application\/ld+json\" class=\"yoast-schema-graph\">{\"@context\":\"https:\/\/schema.org\",\"@graph\":[{\"@type\":\"WebPage\",\"@id\":\"https:\/\/www.sunny-tots.com\/es\/entrega\/\",\"url\":\"https:\/\/www.sunny-tots.com\/es\/entrega\/\",\"name\":\"Entrega - Sunny Tots\",\"isPartOf\":{\"@id\":\"https:\/\/www.sunny-tots.com\/es\/#website\"},\"datePublished\":\"2024-02-26T21:19:24+00:00\",\"dateModified\":\"2024-02-28T00:47:07+00:00\",\"breadcrumb\":{\"@id\":\"https:\/\/www.sunny-tots.com\/es\/entrega\/#breadcrumb\"},\"inLanguage\":\"es\",\"potentialAction\":[{\"@type\":\"ReadAction\",\"target\":[\"https:\/\/www.sunny-tots.com\/es\/entrega\/\"]}]},{\"@type\":\"BreadcrumbList\",\"@id\":\"https:\/\/www.sunny-tots.com\/es\/entrega\/#breadcrumb\",\"itemListElement\":[{\"@type\":\"ListItem\",\"position\":1,\"name\":\"Portada\",\"item\":\"https:\/\/www.sunny-tots.com\/es\/\"},{\"@type\":\"ListItem\",\"position\":2,\"name\":\"Entrega\"}]},{\"@type\":\"WebSite\",\"@id\":\"https:\/\/www.sunny-tots.com\/es\/#website\",\"url\":\"https:\/\/www.sunny-tots.com\/es\/\",\"name\":\"Sunny Tots\",\"description\":\"Strollers to rent and more baby equipment\",\"publisher\":{\"@id\":\"https:\/\/www.sunny-tots.com\/es\/#organization\"},\"potentialAction\":[{\"@type\":\"SearchAction\",\"target\":{\"@type\":\"EntryPoint\",\"urlTemplate\":\"https:\/\/www.sunny-tots.com\/es\/?s={search_term_string}\"},\"query-input\":{\"@type\":\"PropertyValueSpecification\",\"valueRequired\":true,\"valueName\":\"search_term_string\"}}],\"inLanguage\":\"es\"},{\"@type\":\"Organization\",\"@id\":\"https:\/\/www.sunny-tots.com\/es\/#organization\",\"name\":\"Sunny Tots\",\"url\":\"https:\/\/www.sunny-tots.com\/es\/\",\"logo\":{\"@type\":\"ImageObject\",\"inLanguage\":\"es\",\"@id\":\"https:\/\/www.sunny-tots.com\/es\/#\/schema\/logo\/image\/\",\"url\":\"https:\/\/www.sunny-tots.com\/wp-content\/uploads\/2020\/01\/Recurso-2@3x-1024x333_mail.png\",\"contentUrl\":\"https:\/\/www.sunny-tots.com\/wp-content\/uploads\/2020\/01\/Recurso-2@3x-1024x333_mail.png\",\"width\":350,\"height\":114,\"caption\":\"Sunny Tots\"},\"image\":{\"@id\":\"https:\/\/www.sunny-tots.com\/es\/#\/schema\/logo\/image\/\"}}]}<\/script>\n<!-- \/ Yoast SEO plugin. -->","yoast_head_json":{"title":"Entrega - Sunny Tots","robots":{"index":"index","follow":"follow","max-snippet":"max-snippet:-1","max-image-preview":"max-image-preview:large","max-video-preview":"max-video-preview:-1"},"canonical":"https:\/\/www.sunny-tots.com\/es\/entrega\/","og_locale":"es_ES","og_type":"article","og_title":"Entrega - Sunny Tots","og_description":"[vc_row][vc_column][vc_column_text]7.- Entrega: 7.1 El equipo le ser\u00e1 entregado en la direcci\u00f3n que usted nos indique en su pedido. 7.2 La...","og_url":"https:\/\/www.sunny-tots.com\/es\/entrega\/","og_site_name":"Sunny Tots","article_modified_time":"2024-02-28T00:47:07+00:00","twitter_card":"summary_large_image","twitter_misc":{"Tiempo de lectura":"1 minuto"},"schema":{"@context":"https:\/\/schema.org","@graph":[{"@type":"WebPage","@id":"https:\/\/www.sunny-tots.com\/es\/entrega\/","url":"https:\/\/www.sunny-tots.com\/es\/entrega\/","name":"Entrega - Sunny Tots","isPartOf":{"@id":"https:\/\/www.sunny-tots.com\/es\/#website"},"datePublished":"2024-02-26T21:19:24+00:00","dateModified":"2024-02-28T00:47:07+00:00","breadcrumb":{"@id":"https:\/\/www.sunny-tots.com\/es\/entrega\/#breadcrumb"},"inLanguage":"es","potentialAction":[{"@type":"ReadAction","target":["https:\/\/www.sunny-tots.com\/es\/entrega\/"]}]},{"@type":"BreadcrumbList","@id":"https:\/\/www.sunny-tots.com\/es\/entrega\/#breadcrumb","itemListElement":[{"@type":"ListItem","position":1,"name":"Portada","item":"https:\/\/www.sunny-tots.com\/es\/"},{"@type":"ListItem","position":2,"name":"Entrega"}]},{"@type":"WebSite","@id":"https:\/\/www.sunny-tots.com\/es\/#website","url":"https:\/\/www.sunny-tots.com\/es\/","name":"Sunny Tots","description":"Strollers to rent and more baby equipment","publisher":{"@id":"https:\/\/www.sunny-tots.com\/es\/#organization"},"potentialAction":[{"@type":"SearchAction","target":{"@type":"EntryPoint","urlTemplate":"https:\/\/www.sunny-tots.com\/es\/?s={search_term_string}"},"query-input":{"@type":"PropertyValueSpecification","valueRequired":true,"valueName":"search_term_string"}}],"inLanguage":"es"},{"@type":"Organization","@id":"https:\/\/www.sunny-tots.com\/es\/#organization","name":"Sunny Tots","url":"https:\/\/www.sunny-tots.com\/es\/","logo":{"@type":"ImageObject","inLanguage":"es","@id":"https:\/\/www.sunny-tots.com\/es\/#\/schema\/logo\/image\/","url":"https:\/\/www.sunny-tots.com\/wp-content\/uploads\/2020\/01\/Recurso-2@3x-1024x333_mail.png","contentUrl":"https:\/\/www.sunny-tots.com\/wp-content\/uploads\/2020\/01\/Recurso-2@3x-1024x333_mail.png","width":350,"height":114,"caption":"Sunny Tots"},"image":{"@id":"https:\/\/www.sunny-tots.com\/es\/#\/schema\/logo\/image\/"}}]}},"_links":{"self":[{"href":"https:\/\/www.sunny-tots.com\/es\/wp-json\/wp\/v2\/pages\/34586","targetHints":{"allow":["GET"]}}],"collection":[{"href":"https:\/\/www.sunny-tots.com\/es\/wp-json\/wp\/v2\/pages"}],"about":[{"href":"https:\/\/www.sunny-tots.com\/es\/wp-json\/wp\/v2\/types\/page"}],"author":[{"embeddable":true,"href":"https:\/\/www.sunny-tots.com\/es\/wp-json\/wp\/v2\/users\/3"}],"replies":[{"embeddable":true,"href":"https:\/\/www.sunny-tots.com\/es\/wp-json\/wp\/v2\/comments?post=34586"}],"version-history":[{"count":1,"href":"https:\/\/www.sunny-tots.com\/es\/wp-json\/wp\/v2\/pages\/34586\/revisions"}],"predecessor-version":[{"id":34587,"href":"https:\/\/www.sunny-tots.com\/es\/wp-json\/wp\/v2\/pages\/34586\/revisions\/34587"}],"wp:attachment":[{"href":"https:\/\/www.sunny-tots.com\/es\/wp-json\/wp\/v2\/media?parent=34586"}],"curies":[{"name":"wp","href":"https:\/\/api.w.org\/{rel}","templated":true}]}}